{"id":4163,"date":"2022-03-28T09:35:16","date_gmt":"2022-03-28T07:35:16","guid":{"rendered":"https:\/\/adent.ch\/soins\/"},"modified":"2024-07-25T19:45:08","modified_gmt":"2024-07-25T17:45:08","slug":"behandlungen","status":"publish","type":"page","link":"https:\/\/adent.ch\/de\/behandlungen\/","title":{"rendered":"Behandlungen"},"content":{"rendered":"\n\t<div class=\"cta-block without-image\" >\n\t\t<div class=\"container\" data-sal=\"slide-up\" data-sal-delay=\"200\" data-sal-easing=\"ease-in-out\" data-sal-duration=\"300\">\n\t\t\t<div class=\"row justify-content-center\">\n\t\t\t\t<div class=\"col-md-8\">\n\t\t\t\t\t<div class=\"subtitle\"><\/div>\n\t\t\t\t\t<h4 class=\"title\">Ein zahn\u00e4rztlicher Notfall?<\/h4>\n\t\t\t\t\t<p class=\"text\">Unsere Zahnkliniken bieten schnelle und schmerzfreie Behandlungen an, um Ihre Schmerzen schnell zu lindern.<br \/>\r\nRufen Sie uns direkt an. <\/p>\n\t\t\t\t\t\t\t\t\t\t\t<a href=\"https:\/\/adent.ch\/de\/zahnaerztliche-notfaelle\/\"  class=\"secondary-btn\">Notf\u00e4lle<\/a>\n\t\t\t\t\t\t\t\t\t<\/div>\n\t\t\t<\/div>\n\t\t<\/div>\n\t<\/div>\n\n\n\n<div class=\"care-block left\"  data-sal=\"slide-up\" data-sal-delay=\"200\" data-sal-easing=\"ease-in-out\" data-sal-duration=\"300\">\n\t<div class=\"container\">\n\t\t<div class=\"care-item\">\n\t\t\t\t\t\t\t<div class=\"care-item__pic\">\n\t\t\t\t\t<img decoding=\"async\" src=\"https:\/\/adent.ch\/wp-content\/uploads\/2022\/07\/banner_orthodontie_812x812.jpg\" alt=\"\" loading=\"lazy\">\n\t\t\t\t<\/div>\n\t\t\t\t\t\t<div class=\"care-item__content\">\n\t\t\t\t<h3 class=\"h2\">Kieferorthop\u00e4die f\u00fcr Kinder und Erwachsene<\/h3>\n\t\t\t\t<p class=\"description\">Verwandeln Sie Ihr L\u00e4cheln<\/p>\n\t\t\t\t<div class=\"care-item__link\">\n\t\t\t\t\t<a href=\"https:\/\/adent.ch\/de\/behandlung\/kieferorthopaedie-fuer-kinder-und-erwachsene\/\" class=\"inline-link\">Weitere Informationen<\/a>\n\t\t\t\t<\/div>\n\t\t\t\t<div class=\"care-item__footer\">\n\t\t\t\t\t<a href=\"https:\/\/adent.ch\/de\/zahnkliniken\/\" class=\"primary-btn\">\n\t\t\t\t\t\t<i class=\"fas fa-map-marker-alt\"><\/i>\n\t\t\t\t\t\tFinden Sie Ihr Zentrum\t\t\t\t\t<\/a>\n\t\t\t\t<\/div>\n\t\t\t<\/div>\n\t\t<\/div>\n\t<\/div>\n<\/div>\n\n\n<div class=\"care-block right\"  data-sal=\"slide-up\" data-sal-delay=\"200\" data-sal-easing=\"ease-in-out\" data-sal-duration=\"300\">\n\t<div class=\"container\">\n\t\t<div class=\"care-item\">\n\t\t\t\t\t\t\t<div class=\"care-item__pic\">\n\t\t\t\t\t<img decoding=\"async\" src=\"https:\/\/adent.ch\/wp-content\/uploads\/2022\/08\/banner_detartrage_new_980x980-jpg.jpg\" alt=\"\" loading=\"lazy\">\n\t\t\t\t<\/div>\n\t\t\t\t\t\t<div class=\"care-item__content\">\n\t\t\t\t<h3 class=\"h2\">Zahnreinigung und Zahnhygiene<\/h3>\n\t\t\t\t<p class=\"description\">Ein gesund aussehendes L\u00e4cheln<\/p>\n\t\t\t\t<div class=\"care-item__link\">\n\t\t\t\t\t<a href=\"https:\/\/adent.ch\/de\/behandlung\/zahnsteinentfernung-und-zahnhygiene\/\" class=\"inline-link\">Weitere Informationen<\/a>\n\t\t\t\t<\/div>\n\t\t\t\t<div class=\"care-item__footer\">\n\t\t\t\t\t<a href=\"https:\/\/adent.ch\/de\/zahnkliniken\/\" class=\"primary-btn\">\n\t\t\t\t\t\t<i class=\"fas fa-map-marker-alt\"><\/i>\n\t\t\t\t\t\tFinden Sie Ihr Zentrum\t\t\t\t\t<\/a>\n\t\t\t\t<\/div>\n\t\t\t<\/div>\n\t\t<\/div>\n\t<\/div>\n<\/div>\n\n\n<div class=\"care-block left\"  data-sal=\"slide-up\" data-sal-delay=\"200\" data-sal-easing=\"ease-in-out\" data-sal-duration=\"300\">\n\t<div class=\"container\">\n\t\t<div class=\"care-item\">\n\t\t\t\t\t\t\t<div class=\"care-item__pic\">\n\t\t\t\t\t<img decoding=\"async\" src=\"https:\/\/adent.ch\/wp-content\/uploads\/2022\/07\/banner_soinsenfants_812x812.jpg\" alt=\"\" loading=\"lazy\">\n\t\t\t\t<\/div>\n\t\t\t\t\t\t<div class=\"care-item__content\">\n\t\t\t\t<h3 class=\"h2\">Zahnpflege f\u00fcr Kinder<\/h3>\n\t\t\t\t<p class=\"description\">Angepasstes Know-how<\/p>\n\t\t\t\t<div class=\"care-item__link\">\n\t\t\t\t\t<a href=\"https:\/\/adent.ch\/de\/behandlung\/zahnbehandlung-fuer-kinder\/\" class=\"inline-link\">Weitere Informationen<\/a>\n\t\t\t\t<\/div>\n\t\t\t\t<div class=\"care-item__footer\">\n\t\t\t\t\t<a href=\"https:\/\/adent.ch\/de\/zahnkliniken\/\" class=\"primary-btn\">\n\t\t\t\t\t\t<i class=\"fas fa-map-marker-alt\"><\/i>\n\t\t\t\t\t\tFinden Sie Ihr Zentrum\t\t\t\t\t<\/a>\n\t\t\t\t<\/div>\n\t\t\t<\/div>\n\t\t<\/div>\n\t<\/div>\n<\/div>\n\n\n\n\n<div class=\"care-block left\"  data-sal=\"slide-up\" data-sal-delay=\"200\" data-sal-easing=\"ease-in-out\" data-sal-duration=\"300\">\n\t<div class=\"container\">\n\t\t<div class=\"care-item\">\n\t\t\t\t\t\t\t<div class=\"care-item__pic\">\n\t\t\t\t\t<img decoding=\"async\" src=\"https:\/\/adent.ch\/wp-content\/uploads\/2022\/07\/banner_soinscourants_812x812-2.jpg\" alt=\"\" loading=\"lazy\">\n\t\t\t\t<\/div>\n\t\t\t\t\t\t<div class=\"care-item__content\">\n\t\t\t\t<h3 class=\"h2\">\u00dcbliche Zahnpflege<\/h3>\n\t\t\t\t<p class=\"description\">Ein umfassendes Kompetenzzentrum f\u00fcr Sie und Ihre Kinder<\/p>\n\t\t\t\t<div class=\"care-item__link\">\n\t\t\t\t\t<a href=\"https:\/\/adent.ch\/de\/behandlung\/zahnaerztliche-routineversorgung\/\" class=\"inline-link\">Weitere Informationen<\/a>\n\t\t\t\t<\/div>\n\t\t\t\t<div class=\"care-item__footer\">\n\t\t\t\t\t<a href=\"https:\/\/adent.ch\/de\/zahnkliniken\/\" class=\"primary-btn\">\n\t\t\t\t\t\t<i class=\"fas fa-map-marker-alt\"><\/i>\n\t\t\t\t\t\tFinden Sie Ihr Zentrum\t\t\t\t\t<\/a>\n\t\t\t\t<\/div>\n\t\t\t<\/div>\n\t\t<\/div>\n\t<\/div>\n<\/div>\n\n\n<div class=\"care-block right\"  data-sal=\"slide-up\" data-sal-delay=\"200\" data-sal-easing=\"ease-in-out\" data-sal-duration=\"300\">\n\t<div class=\"container\">\n\t\t<div class=\"care-item\">\n\t\t\t\t\t\t\t<div class=\"care-item__pic\">\n\t\t\t\t\t<img decoding=\"async\" src=\"https:\/\/adent.ch\/wp-content\/uploads\/2022\/07\/banner_blanchiment_812x812-1.jpg\" alt=\"\" loading=\"lazy\">\n\t\t\t\t<\/div>\n\t\t\t\t\t\t<div class=\"care-item__content\">\n\t\t\t\t<h3 class=\"h2\">Bleaching und \u00e4sthetische Behandlungen<\/h3>\n\t\t\t\t<p class=\"description\">Ein noch strahlenderes L\u00e4cheln f\u00fcr maximales Selbstvertrauen<\/p>\n\t\t\t\t<div class=\"care-item__link\">\n\t\t\t\t\t<a href=\"https:\/\/adent.ch\/de\/behandlung\/zahnbleaching-und-aesthetisch-e-en-behandlungen\/\" class=\"inline-link\">Weitere Informationen<\/a>\n\t\t\t\t<\/div>\n\t\t\t\t<div class=\"care-item__footer\">\n\t\t\t\t\t<a href=\"https:\/\/adent.ch\/de\/zahnkliniken\/\" class=\"primary-btn\">\n\t\t\t\t\t\t<i class=\"fas fa-map-marker-alt\"><\/i>\n\t\t\t\t\t\tFinden Sie Ihr Zentrum\t\t\t\t\t<\/a>\n\t\t\t\t<\/div>\n\t\t\t<\/div>\n\t\t<\/div>\n\t<\/div>\n<\/div>","protected":false},"excerpt":{"rendered":"","protected":false},"author":2,"featured_media":0,"parent":0,"menu_order":2,"comment_status":"closed","ping_status":"closed","template":"","meta":{"_acf_changed":false,"footnotes":""},"class_list":["post-4163","page","type-page","status-publish","hentry"],"acf":{"display_banner":true,"banner_subtitle":"","banner_title":"Adent, wo sch\u00f6nes L\u00e4cheln entsteht!","banner_title_color":"white","banner_details":"<p><span style=\"color: #ffffff\">Wir bei Adent bieten alle routinem\u00e4ssigen Zahnbehandlungen f\u00fcr die ganze Familie aus einer Hand an. In jeder unserer Kliniken erwartet Sie ein herzlicher Empfang, professioneller Service und eine ausgezeichnete Behandlungsqualit\u00e4t.<\/span><\/p>\n","banner_bgd_type":"image","banner_shapes_type":"main_b","banner_buttons":false,"short_description":"Wir bieten alle routinem\u00e4ssigen Zahnbehandlungen f\u00fcr die ganze Familie aus einer Hand an.","display_shapes":false,"banner_image":{"ID":15547,"id":15547,"title":"shutterstock_1676096797-min","filename":"shutterstock_1676096797-min-scaled.jpg","filesize":675361,"url":"https:\/\/adent.ch\/wp-content\/uploads\/2025\/05\/shutterstock_1676096797-min-scaled.jpg","link":"https:\/\/adent.ch\/de\/behandlungen\/shutterstock_1676096797-min-2\/","alt":"","author":"14","description":"","caption":"","name":"shutterstock_1676096797-min-2","status":"inherit","uploaded_to":4163,"date":"2025-05-15 11:15:21","modified":"2025-05-15 11:15:21","menu_order":0,"mime_type":"image\/jpeg","type":"image","subtype":"jpeg","icon":"https:\/\/adent.ch\/wp-includes\/images\/media\/default.png","width":2880,"height":1920,"sizes":{"thumbnail":"https:\/\/adent.ch\/wp-content\/uploads\/2025\/05\/shutterstock_1676096797-min-150x150.jpg","thumbnail-width":150,"thumbnail-height":150,"medium":"https:\/\/adent.ch\/wp-content\/uploads\/2025\/05\/shutterstock_1676096797-min-300x200.jpg","medium-width":300,"medium-height":200,"medium_large":"https:\/\/adent.ch\/wp-content\/uploads\/2025\/05\/shutterstock_1676096797-min-768x512.jpg","medium_large-width":768,"medium_large-height":512,"large":"https:\/\/adent.ch\/wp-content\/uploads\/2025\/05\/shutterstock_1676096797-min-1470x980.jpg","large-width":1470,"large-height":980,"1536x1536":"https:\/\/adent.ch\/wp-content\/uploads\/2025\/05\/shutterstock_1676096797-min-1536x1024.jpg","1536x1536-width":1536,"1536x1536-height":1024,"2048x2048":"https:\/\/adent.ch\/wp-content\/uploads\/2025\/05\/shutterstock_1676096797-min-2048x1365.jpg","2048x2048-width":2048,"2048x2048-height":1365,"gform-image-choice-sm":"https:\/\/adent.ch\/wp-content\/uploads\/2025\/05\/shutterstock_1676096797-min-scaled.jpg","gform-image-choice-sm-width":300,"gform-image-choice-sm-height":200,"gform-image-choice-md":"https:\/\/adent.ch\/wp-content\/uploads\/2025\/05\/shutterstock_1676096797-min-scaled.jpg","gform-image-choice-md-width":400,"gform-image-choice-md-height":267,"gform-image-choice-lg":"https:\/\/adent.ch\/wp-content\/uploads\/2025\/05\/shutterstock_1676096797-min-scaled.jpg","gform-image-choice-lg-width":600,"gform-image-choice-lg-height":400}},"banner_image_mobile":{"ID":15550,"id":15550,"title":"Menu soins","filename":"menu-soins.png","filesize":1319020,"url":"https:\/\/adent.ch\/wp-content\/uploads\/2025\/05\/menu-soins.png","link":"https:\/\/adent.ch\/de\/behandlungen\/menu-soins-2\/","alt":"","author":"14","description":"","caption":"","name":"menu-soins-2","status":"inherit","uploaded_to":4163,"date":"2025-05-15 11:16:00","modified":"2025-05-15 11:16:00","menu_order":0,"mime_type":"image\/png","type":"image","subtype":"png","icon":"https:\/\/adent.ch\/wp-includes\/images\/media\/default.png","width":812,"height":812,"sizes":{"thumbnail":"https:\/\/adent.ch\/wp-content\/uploads\/2025\/05\/menu-soins-150x150.png","thumbnail-width":150,"thumbnail-height":150,"medium":"https:\/\/adent.ch\/wp-content\/uploads\/2025\/05\/menu-soins-300x300.png","medium-width":300,"medium-height":300,"medium_large":"https:\/\/adent.ch\/wp-content\/uploads\/2025\/05\/menu-soins-768x768.png","medium_large-width":768,"medium_large-height":768,"large":"https:\/\/adent.ch\/wp-content\/uploads\/2025\/05\/menu-soins.png","large-width":812,"large-height":812,"1536x1536":"https:\/\/adent.ch\/wp-content\/uploads\/2025\/05\/menu-soins.png","1536x1536-width":812,"1536x1536-height":812,"2048x2048":"https:\/\/adent.ch\/wp-content\/uploads\/2025\/05\/menu-soins.png","2048x2048-width":812,"2048x2048-height":812,"gform-image-choice-sm":"https:\/\/adent.ch\/wp-content\/uploads\/2025\/05\/menu-soins.png","gform-image-choice-sm-width":300,"gform-image-choice-sm-height":300,"gform-image-choice-md":"https:\/\/adent.ch\/wp-content\/uploads\/2025\/05\/menu-soins.png","gform-image-choice-md-width":400,"gform-image-choice-md-height":400,"gform-image-choice-lg":"https:\/\/adent.ch\/wp-content\/uploads\/2025\/05\/menu-soins.png","gform-image-choice-lg-width":600,"gform-image-choice-lg-height":600}}},"yoast_head":"<!-- This site is optimized with the Yoast SEO plugin v26.4 - https:\/\/yoast.com\/wordpress\/plugins\/seo\/ -->\n<title>Behandlungen | Adent Zahnarztzentrum<\/title>\n<meta name=\"description\" content=\"Adent, wo sch\u00f6nes L\u00e4cheln entsteht. Wir bieten alle routinem\u00e4ssigen Zahnbehandlungen f\u00fcr die ganze Familie aus einer Hand an. Entdecken Sie unsere Behandlungen!\" \/>\n<meta name=\"robots\" content=\"index, follow, max-snippet:-1, max-image-preview:large, max-video-preview:-1\" \/>\n<link rel=\"canonical\" href=\"https:\/\/adent.ch\/de\/behandlungen\/\" \/>\n<meta property=\"og:locale\" content=\"de_DE\" \/>\n<meta property=\"og:type\" content=\"article\" \/>\n<meta property=\"og:title\" content=\"Behandlungen | Adent Zahnarztzentrum\" \/>\n<meta property=\"og:description\" content=\"Adent, wo sch\u00f6nes L\u00e4cheln entsteht. Wir bieten alle routinem\u00e4ssigen Zahnbehandlungen f\u00fcr die ganze Familie aus einer Hand an. Entdecken Sie unsere Behandlungen!\" \/>\n<meta property=\"og:url\" content=\"https:\/\/adent.ch\/de\/behandlungen\/\" \/>\n<meta property=\"og:site_name\" content=\"Adent Zahnarztzentrum\" \/>\n<meta property=\"article:publisher\" content=\"https:\/\/www.facebook.com\/adentcliniquesdentaires\/\" \/>\n<meta property=\"article:modified_time\" content=\"2024-07-25T17:45:08+00:00\" \/>\n<meta property=\"og:image\" content=\"https:\/\/adent.ch\/wp-content\/uploads\/2024\/04\/adent-aubonne-mai-2022-igor-laski-web-hd-srvb-48.jpg\" \/>\n\t<meta property=\"og:image:width\" content=\"1619\" \/>\n\t<meta property=\"og:image:height\" content=\"1080\" \/>\n\t<meta property=\"og:image:type\" content=\"image\/jpeg\" \/>\n<meta name=\"twitter:card\" content=\"summary_large_image\" \/>\n<script type=\"application\/ld+json\" class=\"yoast-schema-graph\">{\"@context\":\"https:\/\/schema.org\",\"@graph\":[{\"@type\":\"WebPage\",\"@id\":\"https:\/\/adent.ch\/de\/behandlungen\/\",\"url\":\"https:\/\/adent.ch\/de\/behandlungen\/\",\"name\":\"Behandlungen | Adent Zahnarztzentrum\",\"isPartOf\":{\"@id\":\"https:\/\/adent.ch\/de\/#website\"},\"datePublished\":\"2022-03-28T07:35:16+00:00\",\"dateModified\":\"2024-07-25T17:45:08+00:00\",\"description\":\"Adent, wo sch\u00f6nes L\u00e4cheln entsteht. Wir bieten alle routinem\u00e4ssigen Zahnbehandlungen f\u00fcr die ganze Familie aus einer Hand an. Entdecken Sie unsere Behandlungen!\",\"breadcrumb\":{\"@id\":\"https:\/\/adent.ch\/de\/behandlungen\/#breadcrumb\"},\"inLanguage\":\"de-CH\",\"potentialAction\":[{\"@type\":\"ReadAction\",\"target\":[\"https:\/\/adent.ch\/de\/behandlungen\/\"]}]},{\"@type\":\"BreadcrumbList\",\"@id\":\"https:\/\/adent.ch\/de\/behandlungen\/#breadcrumb\",\"itemListElement\":[{\"@type\":\"ListItem\",\"position\":1,\"name\":\"Home\",\"item\":\"https:\/\/adent.ch\/de\/\"},{\"@type\":\"ListItem\",\"position\":2,\"name\":\"Behandlungen\"}]},{\"@type\":\"WebSite\",\"@id\":\"https:\/\/adent.ch\/de\/#website\",\"url\":\"https:\/\/adent.ch\/de\/\",\"name\":\"Adent Zahnarztzentrum\",\"description\":\"\",\"publisher\":{\"@id\":\"https:\/\/adent.ch\/de\/#organization\"},\"potentialAction\":[{\"@type\":\"SearchAction\",\"target\":{\"@type\":\"EntryPoint\",\"urlTemplate\":\"https:\/\/adent.ch\/de\/?s={search_term_string}\"},\"query-input\":{\"@type\":\"PropertyValueSpecification\",\"valueRequired\":true,\"valueName\":\"search_term_string\"}}],\"inLanguage\":\"de-CH\"},{\"@type\":\"Organization\",\"@id\":\"https:\/\/adent.ch\/de\/#organization\",\"name\":\"Adent Cliniques Dentaires\",\"url\":\"https:\/\/adent.ch\/de\/\",\"logo\":{\"@type\":\"ImageObject\",\"inLanguage\":\"de-CH\",\"@id\":\"https:\/\/adent.ch\/de\/#\/schema\/logo\/image\/\",\"url\":\"https:\/\/adent.ch\/wp-content\/uploads\/2022\/09\/adent-habefast-logo-2018-fr-05032019-rvb-scaled.jpg\",\"contentUrl\":\"https:\/\/adent.ch\/wp-content\/uploads\/2022\/09\/adent-habefast-logo-2018-fr-05032019-rvb-scaled.jpg\",\"width\":2880,\"height\":750,\"caption\":\"Adent Cliniques Dentaires\"},\"image\":{\"@id\":\"https:\/\/adent.ch\/de\/#\/schema\/logo\/image\/\"},\"sameAs\":[\"https:\/\/www.facebook.com\/adentcliniquesdentaires\/\",\"https:\/\/www.instagram.com\/adent.ch\/\",\"https:\/\/www.youtube.com\/channel\/UCPd5UjY-ipuq3MhW6m0W-wg\",\"https:\/\/www.linkedin.com\/company\/adent-cliniques-dentaires\/?originalSubdomain=ch\"]}]}<\/script>\n<!-- \/ Yoast SEO plugin. -->","yoast_head_json":{"title":"Behandlungen | Adent Zahnarztzentrum","description":"Adent, wo sch\u00f6nes L\u00e4cheln entsteht. Wir bieten alle routinem\u00e4ssigen Zahnbehandlungen f\u00fcr die ganze Familie aus einer Hand an. Entdecken Sie unsere Behandlungen!","robots":{"index":"index","follow":"follow","max-snippet":"max-snippet:-1","max-image-preview":"max-image-preview:large","max-video-preview":"max-video-preview:-1"},"canonical":"https:\/\/adent.ch\/de\/behandlungen\/","og_locale":"de_DE","og_type":"article","og_title":"Behandlungen | Adent Zahnarztzentrum","og_description":"Adent, wo sch\u00f6nes L\u00e4cheln entsteht. Wir bieten alle routinem\u00e4ssigen Zahnbehandlungen f\u00fcr die ganze Familie aus einer Hand an. Entdecken Sie unsere Behandlungen!","og_url":"https:\/\/adent.ch\/de\/behandlungen\/","og_site_name":"Adent Zahnarztzentrum","article_publisher":"https:\/\/www.facebook.com\/adentcliniquesdentaires\/","article_modified_time":"2024-07-25T17:45:08+00:00","og_image":[{"width":1619,"height":1080,"url":"https:\/\/adent.ch\/wp-content\/uploads\/2024\/04\/adent-aubonne-mai-2022-igor-laski-web-hd-srvb-48.jpg","type":"image\/jpeg"}],"twitter_card":"summary_large_image","schema":{"@context":"https:\/\/schema.org","@graph":[{"@type":"WebPage","@id":"https:\/\/adent.ch\/de\/behandlungen\/","url":"https:\/\/adent.ch\/de\/behandlungen\/","name":"Behandlungen | Adent Zahnarztzentrum","isPartOf":{"@id":"https:\/\/adent.ch\/de\/#website"},"datePublished":"2022-03-28T07:35:16+00:00","dateModified":"2024-07-25T17:45:08+00:00","description":"Adent, wo sch\u00f6nes L\u00e4cheln entsteht. Wir bieten alle routinem\u00e4ssigen Zahnbehandlungen f\u00fcr die ganze Familie aus einer Hand an. Entdecken Sie unsere Behandlungen!","breadcrumb":{"@id":"https:\/\/adent.ch\/de\/behandlungen\/#breadcrumb"},"inLanguage":"de-CH","potentialAction":[{"@type":"ReadAction","target":["https:\/\/adent.ch\/de\/behandlungen\/"]}]},{"@type":"BreadcrumbList","@id":"https:\/\/adent.ch\/de\/behandlungen\/#breadcrumb","itemListElement":[{"@type":"ListItem","position":1,"name":"Home","item":"https:\/\/adent.ch\/de\/"},{"@type":"ListItem","position":2,"name":"Behandlungen"}]},{"@type":"WebSite","@id":"https:\/\/adent.ch\/de\/#website","url":"https:\/\/adent.ch\/de\/","name":"Adent Zahnarztzentrum","description":"","publisher":{"@id":"https:\/\/adent.ch\/de\/#organization"},"potentialAction":[{"@type":"SearchAction","target":{"@type":"EntryPoint","urlTemplate":"https:\/\/adent.ch\/de\/?s={search_term_string}"},"query-input":{"@type":"PropertyValueSpecification","valueRequired":true,"valueName":"search_term_string"}}],"inLanguage":"de-CH"},{"@type":"Organization","@id":"https:\/\/adent.ch\/de\/#organization","name":"Adent Cliniques Dentaires","url":"https:\/\/adent.ch\/de\/","logo":{"@type":"ImageObject","inLanguage":"de-CH","@id":"https:\/\/adent.ch\/de\/#\/schema\/logo\/image\/","url":"https:\/\/adent.ch\/wp-content\/uploads\/2022\/09\/adent-habefast-logo-2018-fr-05032019-rvb-scaled.jpg","contentUrl":"https:\/\/adent.ch\/wp-content\/uploads\/2022\/09\/adent-habefast-logo-2018-fr-05032019-rvb-scaled.jpg","width":2880,"height":750,"caption":"Adent Cliniques Dentaires"},"image":{"@id":"https:\/\/adent.ch\/de\/#\/schema\/logo\/image\/"},"sameAs":["https:\/\/www.facebook.com\/adentcliniquesdentaires\/","https:\/\/www.instagram.com\/adent.ch\/","https:\/\/www.youtube.com\/channel\/UCPd5UjY-ipuq3MhW6m0W-wg","https:\/\/www.linkedin.com\/company\/adent-cliniques-dentaires\/?originalSubdomain=ch"]}]}},"_links":{"self":[{"href":"https:\/\/adent.ch\/de\/wp-json\/wp\/v2\/pages\/4163","targetHints":{"allow":["GET"]}}],"collection":[{"href":"https:\/\/adent.ch\/de\/wp-json\/wp\/v2\/pages"}],"about":[{"href":"https:\/\/adent.ch\/de\/wp-json\/wp\/v2\/types\/page"}],"author":[{"embeddable":true,"href":"https:\/\/adent.ch\/de\/wp-json\/wp\/v2\/users\/2"}],"replies":[{"embeddable":true,"href":"https:\/\/adent.ch\/de\/wp-json\/wp\/v2\/comments?post=4163"}],"version-history":[{"count":5,"href":"https:\/\/adent.ch\/de\/wp-json\/wp\/v2\/pages\/4163\/revisions"}],"predecessor-version":[{"id":14213,"href":"https:\/\/adent.ch\/de\/wp-json\/wp\/v2\/pages\/4163\/revisions\/14213"}],"wp:attachment":[{"href":"https:\/\/adent.ch\/de\/wp-json\/wp\/v2\/media?parent=4163"}],"curies":[{"name":"wp","href":"https:\/\/api.w.org\/{rel}","templated":true}]}}