{"id":4403,"date":"2022-06-10T14:34:45","date_gmt":"2022-06-10T12:34:45","guid":{"rendered":"https:\/\/adent.ch\/groupe\/laboratoire-dentaire\/"},"modified":"2026-02-24T12:28:15","modified_gmt":"2026-02-24T11:28:15","slug":"dentallabore","status":"publish","type":"page","link":"https:\/\/adent.ch\/de\/gruppe\/dentallabore\/","title":{"rendered":"Dentallabore"},"content":{"rendered":"<div class=\"two-column-block\" >\n\t<div class=\"container\">\n\t\t\t\t\t<h3 class=\"title\" data-sal=\"slide-up\" data-sal-delay=\"200\" data-sal-easing=\"ease-in-out\" data-sal-duration=\"300\">Die Qualit\u00e4t des Zahnersatzes ist entscheidend f\u00fcr den Erfolg einer Zahnbehandlung<\/h3>\n\t\t\t\t\t\t\t<div class=\"row justify-content-between\" data-sal=\"slide-up\" data-sal-delay=\"200\" data-sal-easing=\"ease-in-out\" data-sal-duration=\"300\">\n\t\t\t\t\t\t\t\t\t\t\t\t\t\t\t<div class=\"col-md-6\">\n\t\t\t\t\t\t\t<div class=\"text-lg\">\n\t\t\t\t\t\t\t\t<p>Die Wahl des Labors, das sie herstellt, ist daher ein wichtiger Punkt. Um eine gleichbleibend hohe Qualit\u00e4t zu gew\u00e4hrleisten, verf\u00fcgt die <a href=\"https:\/\/adent.ch\/de\/gruppe\/\">Adent Grupp<\/a><a href=\"https:\/\/adent.ch\/groupe\/\">e<\/a> \u00fcber 3 interne Dentallabore. Die Labo 3D befinden sich in der N\u00e4he der Zahnarztzentren und fertigen die Zahnprothesen mithilfe der Technologien und des Know-hows der Zahntechniker:innen mit Pr\u00e4zision und Sorgfalt.<\/p>\n\t\t\t\t\t\t\t<\/div>\n\t\t\t\t\t\t\t\t\t\t\t\t\t\t\t\t\t\t\t\t\t\t\t\t\t\t\t<\/div>\n\t\t\t\t\t\t\t\t\t\t\t\t\t\t\t\t\t\t\t\t<div class=\"col-md-6\">\n\t\t\t\t\t\t\t<div class=\"text-lg\">\n\t\t\t\t\t\t\t\t<p>Unsere Technikerinnen und Techniker stellen in Zusammenarbeit mit den Zahn\u00e4rzten festsitzende oder herausnehmbare Restaurationen her, die \u00e4sthetisch ansprechend und von h\u00f6chster Qualit\u00e4t &#8220;Swiss Made&#8221; sind. Alle Prothesen werden in der Schweiz hergestellt und sind massgeschneidert. Die Labors Labo 3D | Digital Dental Design bieten eine breite Palette an L\u00f6sungen und Behandlungen f\u00fcr alle an: Silensor\u00ae Anti-Schnarch-Schiene, Bleichschiene, vollst\u00e4ndige Rekonstruktion auf Zahnimplantaten, Zahnkronen, Schutzschienen f\u00fcr den Sport, Teil- und Vollprothesen.<\/p>\n\t\t\t\t\t\t\t<\/div>\n\t\t\t\t\t\t\t\t\t\t\t\t\t\t\t\t\t\t\t\t\t\t\t\t\t\t\t<\/div>\n\t\t\t\t\t\t\t\t\t\t\t\t<\/div>\n\t\t\t<\/div>\n<\/div>\n\n\n<div class=\"clinique-logo-block\" >\n\t<div class=\"container\" data-sal=\"slide-right\" data-sal-delay=\"200\" data-sal-easing=\"ease-in-out\" data-sal-duration=\"300\">\n\t\t<div class=\"logos\">\n\t\t\t\t\t\t\t\t\t\t\t\t\t<div class=\"image\">\n\t\t\t\t<img decoding=\"async\" src=\"https:\/\/adent.ch\/wp-content\/themes\/adent\/assets\/images\/logo-clinique-de.svg\">\n\t\t\t<\/div>\n\t\t<\/div>\n\t\t<div class=\"bar\"><\/div>\n\t<\/div>\n<\/div>\n\n<div class=\"two-column-block\" >\n\t<div class=\"container\">\n\t\t\t\t\t<h3 class=\"title\" data-sal=\"slide-up\" data-sal-delay=\"200\" data-sal-easing=\"ease-in-out\" data-sal-duration=\"300\">Labo 3D Digital Dental Design AG<\/h3>\n\t\t\t\t\t\t\t<div class=\"row justify-content-between\" data-sal=\"slide-up\" data-sal-delay=\"200\" data-sal-easing=\"ease-in-out\" data-sal-duration=\"300\">\n\t\t\t\t\t\t\t\t\t\t\t\t\t\t\t<div class=\"col-md-6\">\n\t\t\t\t\t\t\t<div class=\"text-lg\">\n\t\t\t\t\t\t\t\t<p>Die Labo 3D|Digital Dental Design befinden sich an 2 verschiedenen Standorten in der Westschweiz: Yverdon und Renens, sowie an einem Standort in der Deutschschweiz in Muttenz. Diese Standorte erm\u00f6glichen eine enge Zusammenarbeit mit den Zahnarztzentren der Adent-Gruppe. Diese N\u00e4he erm\u00f6glicht es uns, schnell zu reagieren und bei Bedarf zum Patienten zu kommen.<\/p>\n<p>Mit mehr als 16 diplomierten Zahntechniker:innen und Zahntechnikern sind wir die Handwerker der Zahnprothetik. Mit unserem Fachwissen schaffen wir das L\u00e4cheln von morgen. Zahnschalen, Zahnkronen, Anti-Schnarch-Schienen, Bleichschienen, usw. : wir versorgen unsere Patienten mit allen Arten von Zahnersatz.<\/p>\n<p>Wir bieten Zahn\u00e4rzten:innen und Patienten:innen einen erstklassigen Service und eine umfassende Verf\u00fcgbarkeit.<\/p>\n\t\t\t\t\t\t\t<\/div>\n\t\t\t\t\t\t\t\t\t\t\t\t\t\t\t\t\t\t\t\t\t\t\t\t\t\t\t<\/div>\n\t\t\t\t\t\t\t\t\t\t\t\t\t\t\t\t\t\t\t\t<div class=\"col-md-6\">\n\t\t\t\t\t\t\t<div class=\"text-lg\">\n\t\t\t\t\t\t\t\t<p>Die Welt der Zahnmedizin und der Beruf des Zahntechnikers sind einem st\u00e4ndigen Wandel unterworfen. Als Pionier halten wir mit diesen Entwicklungen Schritt und passen uns den Technologien an. Das Scannen von Daten (insbesondere von Zahnabdr\u00fccken), das Schleifen von Z\u00e4hnen (die Gr\u00f6sse) sowie der 3D-Druck von Zahnersatz geh\u00f6ren zu den grossen Entwicklungen und Ver\u00e4nderungen, die in unseren Labo 3D | Digital Dental Design Anwendung finden. Wir sind stolz darauf, einen technologischen und hochwertigen Service bei der Herstellung unserer Zahnprothesen anbieten zu k\u00f6nnen.<\/p>\n\t\t\t\t\t\t\t<\/div>\n\t\t\t\t\t\t\t\t\t\t\t\t\t\t\t\t\t\t\t\t\t\t\t\t\t\t\t<\/div>\n\t\t\t\t\t\t\t\t\t\t\t\t<\/div>\n\t\t\t<\/div>\n<\/div>\n\n<div class=\"one-column-block\" >\n\t<div class=\"container\" data-sal=\"slide-up\" data-sal-delay=\"200\" data-sal-easing=\"ease-in-out\" data-sal-duration=\"300\">\n\t\t<div class=\"row justify-content-center\">\n\t\t\t<div class=\"col-md-8\">\n\t\t\t\t\t\t\t\t\t<h3 class=\"h2\">Was macht uns einzigartig?<\/h3>\n\t\t\t\t\t\t\t\t<div class=\"content\"><ul>\n<li>Durch die Verwendung innovativer Materialien kann in bestimmten Situationen auf die Verwendung von Metall verzichtet werden, wodurch die Biokompatibilit\u00e4t gef\u00f6rdert wird.<\/li>\n<li>3D-Labors arbeiten auch mit privaten Zahn\u00e4rzten zusammen, die eine h\u00f6here Qualit\u00e4t verlangen.<\/li>\n<li>Labo 3D entwickelt sich st\u00e4ndig weiter. Um diese Qualit\u00e4t auch in Zahnarztzentren zu gew\u00e4hrleisten, in denen es noch keine Labo 3D gibt, werden langfristige Partnerschaftsvertr\u00e4ge mit lokalen Schweizer Labors geschlossen, deren Qualit\u00e4t von unseren Zahn\u00e4rzten und Technikern best\u00e4tigt wurde.<\/li>\n<li>Diese enge Zusammenarbeit erm\u00f6glicht es uns, Ihnen eine sehr hohe &#8220;Swiss made&#8221;-Qualit\u00e4t zu garantieren, aber auch die Produktionszeit der verschiedenen prothetischen Elemente zu verk\u00fcrzen.<\/li>\n<\/ul>\n<p>&nbsp;<\/p>\n<p><img decoding=\"async\" class=\"alignnone wp-image-13714 size-full\" style=\"position: relative; z-index: -1;\" src=\"https:\/\/adent.ch\/wp-content\/uploads\/2024\/05\/de.png\" alt=\"\" width=\"1551\" height=\"980\" srcset=\"https:\/\/adent.ch\/wp-content\/uploads\/2024\/05\/de.png 1551w, https:\/\/adent.ch\/wp-content\/uploads\/2024\/05\/de-300x190.png 300w, https:\/\/adent.ch\/wp-content\/uploads\/2024\/05\/de-768x485.png 768w, https:\/\/adent.ch\/wp-content\/uploads\/2024\/05\/de-1536x971.png 1536w\" sizes=\"(max-width: 1551px) 100vw, 1551px\" \/><\/p>\n<p>&nbsp;<\/p>\n<\/div>\n\t\t\t<\/div>\n\t\t<\/div>\n\t<\/div>\n<\/div>\n\n\n<div class=\"highlight-text-block  is-center\" data-id=\"highlight-text-6\" id=\"highlight-text-6\">\n\t<div class=\"container\">\n\t\t\t\t\t<div class=\"h2 title\" data-sal=\"slide-up\" data-sal-delay=\"200\" data-sal-easing=\"ease-in-out\" data-sal-duration=\"300\">UNSERE ADRESSEN<\/div>\n\t\t\t\t\t\t\t<div class=\"text-block-slider\">\n\t\t\t\t<div class=\"swiper\">\n\t\t\t\t\t<div class=\"swiper-wrapper\">\n\t\t\t\t\t\t\t\t\t\t\t\t\t<div class=\"swiper-slide\">\n\t\t\t\t\t\t\t\t<div class=\"bloc\">\n\t\t\t\t\t\t\t\t\t<div class=\"bloc-container\">\n\t\t\t\t\t\t\t\t\t\t<div class=\"bloc-title\">LABO 3D Renens<\/div>\n\t\t\t\t\t\t\t\t\t\t<div class=\"description\"><p>Route de Lausanne 51<br \/>\n1020 Renens<\/p>\n<p><a href=\"tel:+41585909220\">058 590 92 20\u00a0<\/a><\/p>\n<p>&nbsp;<\/p>\n<\/div>\n\t\t\t\t\t\t\t\t\t\t\t\t\t\t\t\t\t\t\t\t\t\t\t\t\t\t\t\t\t<\/div>\n\t\t\t\t\t\t\t\t<\/div>\n\t\t\t\t\t\t\t<\/div>\n\t\t\t\t\t\t\t\t\t\t\t\t\t\t\t\t\t\t\t\t<div class=\"swiper-slide\">\n\t\t\t\t\t\t\t\t<div class=\"bloc\">\n\t\t\t\t\t\t\t\t\t<div class=\"bloc-container\">\n\t\t\t\t\t\t\t\t\t\t<div class=\"bloc-title\">LABO 3D Yverdon<\/div>\n\t\t\t\t\t\t\t\t\t\t<div class=\"description\"><p>En Chamard 35<br \/>\n1442 Montagny-pr\u00e8s-Yverdon<\/p>\n<p><a href=\"tel:024 447 40 02\">024 447 40 02<\/a><\/p>\n<\/div>\n\t\t\t\t\t\t\t\t\t\t\t\t\t\t\t\t\t\t\t\t\t\t\t\t\t\t\t\t\t<\/div>\n\t\t\t\t\t\t\t\t<\/div>\n\t\t\t\t\t\t\t<\/div>\n\t\t\t\t\t\t\t\t\t\t\t\t\t\t\t\t\t\t\t\t<div class=\"swiper-slide\">\n\t\t\t\t\t\t\t\t<div class=\"bloc\">\n\t\t\t\t\t\t\t\t\t<div class=\"bloc-container\">\n\t\t\t\t\t\t\t\t\t\t<div class=\"bloc-title\">LABO 3D Muttenz<\/div>\n\t\t\t\t\t\t\t\t\t\t<div class=\"description\"><p>Birsfelderstr. 44<br \/>\n4132 Muttenz<\/p>\n<p><a href=\"tel:061 826 10 19\">061 826 10 19<\/a><\/p>\n<\/div>\n\t\t\t\t\t\t\t\t\t\t\t\t\t\t\t\t\t\t\t\t\t\t\t\t\t\t\t\t\t<\/div>\n\t\t\t\t\t\t\t\t<\/div>\n\t\t\t\t\t\t\t<\/div>\n\t\t\t\t\t\t\t\t\t\t\t\t\t\t\t\t\t\t<\/div>\n\t\t\t\t<\/div>\n\t\t\t\t<div class=\"swiper-button-prev\"><\/div>\n\t\t\t\t<div class=\"swiper-button-next\"><\/div>\n\t\t\t<\/div>\n\t\t\t<div class=\"numbers-slider-pagination\"><\/div>\n\t\t\t<\/div>\n<\/div>","protected":false},"excerpt":{"rendered":"","protected":false},"author":2,"featured_media":4926,"parent":4401,"menu_order":0,"comment_status":"closed","ping_status":"closed","template":"","meta":{"_acf_changed":false,"footnotes":""},"class_list":["post-4403","page","type-page","status-publish","has-post-thumbnail","hentry"],"acf":{"display_banner":true,"banner_subtitle":"Adent Gruppe","banner_title":"Labo 3D - Digital Dental Design","banner_title_color":"green","banner_details":"","banner_shapes_type":"main_a","banner_buttons":false,"short_description":"Um eine gleichbleibend hohe Qualit\u00e4t zu gew\u00e4hrleisten, verf\u00fcgt die Adent Gruppe \u00fcber 3 interne Dentallabore.","display_shapes":false,"banner_bgd_type":"image","banner_image":{"ID":15803,"id":15803,"title":"_DM37316","filename":"dm37316-scaled.jpg","filesize":342399,"url":"https:\/\/adent.ch\/wp-content\/uploads\/2025\/08\/dm37316-scaled.jpg","link":"https:\/\/adent.ch\/de\/berufsbereich\/_dm37316-2\/","alt":"","author":"14","description":"","caption":"","name":"_dm37316-2","status":"inherit","uploaded_to":4405,"date":"2025-08-15 14:07:37","modified":"2025-08-15 14:07:37","menu_order":0,"mime_type":"image\/jpeg","type":"image","subtype":"jpeg","icon":"https:\/\/adent.ch\/wp-includes\/images\/media\/default.png","width":2880,"height":1923,"sizes":{"thumbnail":"https:\/\/adent.ch\/wp-content\/uploads\/2025\/08\/dm37316-150x150.jpg","thumbnail-width":150,"thumbnail-height":150,"medium":"https:\/\/adent.ch\/wp-content\/uploads\/2025\/08\/dm37316-300x200.jpg","medium-width":300,"medium-height":200,"medium_large":"https:\/\/adent.ch\/wp-content\/uploads\/2025\/08\/dm37316-768x513.jpg","medium_large-width":768,"medium_large-height":513,"large":"https:\/\/adent.ch\/wp-content\/uploads\/2025\/08\/dm37316-1468x980.jpg","large-width":1468,"large-height":980,"1536x1536":"https:\/\/adent.ch\/wp-content\/uploads\/2025\/08\/dm37316-1536x1026.jpg","1536x1536-width":1536,"1536x1536-height":1026,"2048x2048":"https:\/\/adent.ch\/wp-content\/uploads\/2025\/08\/dm37316-2048x1367.jpg","2048x2048-width":2048,"2048x2048-height":1367,"gform-image-choice-sm":"https:\/\/adent.ch\/wp-content\/uploads\/2025\/08\/dm37316-scaled.jpg","gform-image-choice-sm-width":300,"gform-image-choice-sm-height":200,"gform-image-choice-md":"https:\/\/adent.ch\/wp-content\/uploads\/2025\/08\/dm37316-scaled.jpg","gform-image-choice-md-width":400,"gform-image-choice-md-height":267,"gform-image-choice-lg":"https:\/\/adent.ch\/wp-content\/uploads\/2025\/08\/dm37316-scaled.jpg","gform-image-choice-lg-width":600,"gform-image-choice-lg-height":401}},"banner_image_mobile":{"ID":15803,"id":15803,"title":"_DM37316","filename":"dm37316-scaled.jpg","filesize":342399,"url":"https:\/\/adent.ch\/wp-content\/uploads\/2025\/08\/dm37316-scaled.jpg","link":"https:\/\/adent.ch\/de\/berufsbereich\/_dm37316-2\/","alt":"","author":"14","description":"","caption":"","name":"_dm37316-2","status":"inherit","uploaded_to":4405,"date":"2025-08-15 14:07:37","modified":"2025-08-15 14:07:37","menu_order":0,"mime_type":"image\/jpeg","type":"image","subtype":"jpeg","icon":"https:\/\/adent.ch\/wp-includes\/images\/media\/default.png","width":2880,"height":1923,"sizes":{"thumbnail":"https:\/\/adent.ch\/wp-content\/uploads\/2025\/08\/dm37316-150x150.jpg","thumbnail-width":150,"thumbnail-height":150,"medium":"https:\/\/adent.ch\/wp-content\/uploads\/2025\/08\/dm37316-300x200.jpg","medium-width":300,"medium-height":200,"medium_large":"https:\/\/adent.ch\/wp-content\/uploads\/2025\/08\/dm37316-768x513.jpg","medium_large-width":768,"medium_large-height":513,"large":"https:\/\/adent.ch\/wp-content\/uploads\/2025\/08\/dm37316-1468x980.jpg","large-width":1468,"large-height":980,"1536x1536":"https:\/\/adent.ch\/wp-content\/uploads\/2025\/08\/dm37316-1536x1026.jpg","1536x1536-width":1536,"1536x1536-height":1026,"2048x2048":"https:\/\/adent.ch\/wp-content\/uploads\/2025\/08\/dm37316-2048x1367.jpg","2048x2048-width":2048,"2048x2048-height":1367,"gform-image-choice-sm":"https:\/\/adent.ch\/wp-content\/uploads\/2025\/08\/dm37316-scaled.jpg","gform-image-choice-sm-width":300,"gform-image-choice-sm-height":200,"gform-image-choice-md":"https:\/\/adent.ch\/wp-content\/uploads\/2025\/08\/dm37316-scaled.jpg","gform-image-choice-md-width":400,"gform-image-choice-md-height":267,"gform-image-choice-lg":"https:\/\/adent.ch\/wp-content\/uploads\/2025\/08\/dm37316-scaled.jpg","gform-image-choice-lg-width":600,"gform-image-choice-lg-height":401}}},"yoast_head":"<!-- This site is optimized with the Yoast SEO plugin v27.1.1 - https:\/\/yoast.com\/product\/yoast-seo-wordpress\/ -->\n<title>Dentallabore | 3D Digital Dental Design<\/title>\n<meta name=\"description\" content=\"Unsere internen Labo 3D liegen in unmittelbarer N\u00e4he der Zahnkliniken. Wir stellen Ihr L\u00e4cheln wieder her, indem wir mit den Technologien und dem Know-how der Zahntechniker massgeschneiderten Zahnersatz schaffen.\" \/>\n<meta name=\"robots\" content=\"index, follow, max-snippet:-1, max-image-preview:large, max-video-preview:-1\" \/>\n<link rel=\"canonical\" href=\"https:\/\/adent.ch\/de\/gruppe\/dentallabore\/\" \/>\n<meta property=\"og:locale\" content=\"de_DE\" \/>\n<meta property=\"og:type\" content=\"article\" \/>\n<meta property=\"og:title\" content=\"Dentallabore | 3D Digital Dental Design\" \/>\n<meta property=\"og:description\" content=\"Unsere internen Labo 3D liegen in unmittelbarer N\u00e4he der Zahnkliniken. Wir stellen Ihr L\u00e4cheln wieder her, indem wir mit den Technologien und dem Know-how der Zahntechniker massgeschneiderten Zahnersatz schaffen.\" \/>\n<meta property=\"og:url\" content=\"https:\/\/adent.ch\/de\/gruppe\/dentallabore\/\" \/>\n<meta property=\"og:site_name\" content=\"Adent Zahnarztzentrum\" \/>\n<meta property=\"article:publisher\" content=\"https:\/\/www.facebook.com\/adentcliniquesdentaires\/\" \/>\n<meta property=\"article:modified_time\" content=\"2026-02-24T11:28:15+00:00\" \/>\n<meta property=\"og:image\" content=\"https:\/\/adent.ch\/wp-content\/uploads\/2022\/07\/fond-neutre.jpg\" \/>\n\t<meta property=\"og:image:width\" content=\"749\" \/>\n\t<meta property=\"og:image:height\" content=\"562\" \/>\n\t<meta property=\"og:image:type\" content=\"image\/jpeg\" \/>\n<meta name=\"twitter:card\" content=\"summary_large_image\" \/>\n<meta name=\"twitter:label1\" content=\"Gesch\u00e4tzte Lesezeit\" \/>\n\t<meta name=\"twitter:data1\" content=\"1\u00a0Minute\" \/>\n<script type=\"application\/ld+json\" class=\"yoast-schema-graph\">{\"@context\":\"https:\/\/schema.org\",\"@graph\":[{\"@type\":\"WebPage\",\"@id\":\"https:\/\/adent.ch\/de\/gruppe\/dentallabore\/\",\"url\":\"https:\/\/adent.ch\/de\/gruppe\/dentallabore\/\",\"name\":\"Dentallabore | 3D Digital Dental Design\",\"isPartOf\":{\"@id\":\"https:\/\/adent.ch\/de\/#website\"},\"primaryImageOfPage\":{\"@id\":\"https:\/\/adent.ch\/de\/gruppe\/dentallabore\/#primaryimage\"},\"image\":{\"@id\":\"https:\/\/adent.ch\/de\/gruppe\/dentallabore\/#primaryimage\"},\"thumbnailUrl\":\"https:\/\/adent.ch\/wp-content\/uploads\/2022\/07\/fond-neutre.jpg\",\"datePublished\":\"2022-06-10T12:34:45+00:00\",\"dateModified\":\"2026-02-24T11:28:15+00:00\",\"description\":\"Unsere internen Labo 3D liegen in unmittelbarer N\u00e4he der Zahnkliniken. Wir stellen Ihr L\u00e4cheln wieder her, indem wir mit den Technologien und dem Know-how der Zahntechniker massgeschneiderten Zahnersatz schaffen.\",\"breadcrumb\":{\"@id\":\"https:\/\/adent.ch\/de\/gruppe\/dentallabore\/#breadcrumb\"},\"inLanguage\":\"de-CH\",\"potentialAction\":[{\"@type\":\"ReadAction\",\"target\":[\"https:\/\/adent.ch\/de\/gruppe\/dentallabore\/\"]}]},{\"@type\":\"ImageObject\",\"inLanguage\":\"de-CH\",\"@id\":\"https:\/\/adent.ch\/de\/gruppe\/dentallabore\/#primaryimage\",\"url\":\"https:\/\/adent.ch\/wp-content\/uploads\/2022\/07\/fond-neutre.jpg\",\"contentUrl\":\"https:\/\/adent.ch\/wp-content\/uploads\/2022\/07\/fond-neutre.jpg\",\"width\":749,\"height\":562},{\"@type\":\"BreadcrumbList\",\"@id\":\"https:\/\/adent.ch\/de\/gruppe\/dentallabore\/#breadcrumb\",\"itemListElement\":[{\"@type\":\"ListItem\",\"position\":1,\"name\":\"Home\",\"item\":\"https:\/\/adent.ch\/de\/\"},{\"@type\":\"ListItem\",\"position\":2,\"name\":\"Gruppe\",\"item\":\"https:\/\/adent.ch\/de\/gruppe\/\"},{\"@type\":\"ListItem\",\"position\":3,\"name\":\"Dentallabore\"}]},{\"@type\":\"WebSite\",\"@id\":\"https:\/\/adent.ch\/de\/#website\",\"url\":\"https:\/\/adent.ch\/de\/\",\"name\":\"Adent Zahnarztzentrum\",\"description\":\"\",\"publisher\":{\"@id\":\"https:\/\/adent.ch\/de\/#organization\"},\"potentialAction\":[{\"@type\":\"SearchAction\",\"target\":{\"@type\":\"EntryPoint\",\"urlTemplate\":\"https:\/\/adent.ch\/de\/?s={search_term_string}\"},\"query-input\":{\"@type\":\"PropertyValueSpecification\",\"valueRequired\":true,\"valueName\":\"search_term_string\"}}],\"inLanguage\":\"de-CH\"},{\"@type\":\"Organization\",\"@id\":\"https:\/\/adent.ch\/de\/#organization\",\"name\":\"Adent Cliniques Dentaires\",\"url\":\"https:\/\/adent.ch\/de\/\",\"logo\":{\"@type\":\"ImageObject\",\"inLanguage\":\"de-CH\",\"@id\":\"https:\/\/adent.ch\/de\/#\/schema\/logo\/image\/\",\"url\":\"https:\/\/adent.ch\/wp-content\/uploads\/2022\/09\/adent-habefast-logo-2018-fr-05032019-rvb-scaled.jpg\",\"contentUrl\":\"https:\/\/adent.ch\/wp-content\/uploads\/2022\/09\/adent-habefast-logo-2018-fr-05032019-rvb-scaled.jpg\",\"width\":2880,\"height\":750,\"caption\":\"Adent Cliniques Dentaires\"},\"image\":{\"@id\":\"https:\/\/adent.ch\/de\/#\/schema\/logo\/image\/\"},\"sameAs\":[\"https:\/\/www.facebook.com\/adentcliniquesdentaires\/\",\"https:\/\/www.instagram.com\/adent.ch\/\",\"https:\/\/www.youtube.com\/channel\/UCPd5UjY-ipuq3MhW6m0W-wg\",\"https:\/\/www.linkedin.com\/company\/adent-cliniques-dentaires\/?originalSubdomain=ch\"]}]}<\/script>\n<!-- \/ Yoast SEO plugin. -->","yoast_head_json":{"title":"Dentallabore | 3D Digital Dental Design","description":"Unsere internen Labo 3D liegen in unmittelbarer N\u00e4he der Zahnkliniken. Wir stellen Ihr L\u00e4cheln wieder her, indem wir mit den Technologien und dem Know-how der Zahntechniker massgeschneiderten Zahnersatz schaffen.","robots":{"index":"index","follow":"follow","max-snippet":"max-snippet:-1","max-image-preview":"max-image-preview:large","max-video-preview":"max-video-preview:-1"},"canonical":"https:\/\/adent.ch\/de\/gruppe\/dentallabore\/","og_locale":"de_DE","og_type":"article","og_title":"Dentallabore | 3D Digital Dental Design","og_description":"Unsere internen Labo 3D liegen in unmittelbarer N\u00e4he der Zahnkliniken. Wir stellen Ihr L\u00e4cheln wieder her, indem wir mit den Technologien und dem Know-how der Zahntechniker massgeschneiderten Zahnersatz schaffen.","og_url":"https:\/\/adent.ch\/de\/gruppe\/dentallabore\/","og_site_name":"Adent Zahnarztzentrum","article_publisher":"https:\/\/www.facebook.com\/adentcliniquesdentaires\/","article_modified_time":"2026-02-24T11:28:15+00:00","og_image":[{"width":749,"height":562,"url":"https:\/\/adent.ch\/wp-content\/uploads\/2022\/07\/fond-neutre.jpg","type":"image\/jpeg"}],"twitter_card":"summary_large_image","twitter_misc":{"Gesch\u00e4tzte Lesezeit":"1\u00a0Minute"},"schema":{"@context":"https:\/\/schema.org","@graph":[{"@type":"WebPage","@id":"https:\/\/adent.ch\/de\/gruppe\/dentallabore\/","url":"https:\/\/adent.ch\/de\/gruppe\/dentallabore\/","name":"Dentallabore | 3D Digital Dental Design","isPartOf":{"@id":"https:\/\/adent.ch\/de\/#website"},"primaryImageOfPage":{"@id":"https:\/\/adent.ch\/de\/gruppe\/dentallabore\/#primaryimage"},"image":{"@id":"https:\/\/adent.ch\/de\/gruppe\/dentallabore\/#primaryimage"},"thumbnailUrl":"https:\/\/adent.ch\/wp-content\/uploads\/2022\/07\/fond-neutre.jpg","datePublished":"2022-06-10T12:34:45+00:00","dateModified":"2026-02-24T11:28:15+00:00","description":"Unsere internen Labo 3D liegen in unmittelbarer N\u00e4he der Zahnkliniken. Wir stellen Ihr L\u00e4cheln wieder her, indem wir mit den Technologien und dem Know-how der Zahntechniker massgeschneiderten Zahnersatz schaffen.","breadcrumb":{"@id":"https:\/\/adent.ch\/de\/gruppe\/dentallabore\/#breadcrumb"},"inLanguage":"de-CH","potentialAction":[{"@type":"ReadAction","target":["https:\/\/adent.ch\/de\/gruppe\/dentallabore\/"]}]},{"@type":"ImageObject","inLanguage":"de-CH","@id":"https:\/\/adent.ch\/de\/gruppe\/dentallabore\/#primaryimage","url":"https:\/\/adent.ch\/wp-content\/uploads\/2022\/07\/fond-neutre.jpg","contentUrl":"https:\/\/adent.ch\/wp-content\/uploads\/2022\/07\/fond-neutre.jpg","width":749,"height":562},{"@type":"BreadcrumbList","@id":"https:\/\/adent.ch\/de\/gruppe\/dentallabore\/#breadcrumb","itemListElement":[{"@type":"ListItem","position":1,"name":"Home","item":"https:\/\/adent.ch\/de\/"},{"@type":"ListItem","position":2,"name":"Gruppe","item":"https:\/\/adent.ch\/de\/gruppe\/"},{"@type":"ListItem","position":3,"name":"Dentallabore"}]},{"@type":"WebSite","@id":"https:\/\/adent.ch\/de\/#website","url":"https:\/\/adent.ch\/de\/","name":"Adent Zahnarztzentrum","description":"","publisher":{"@id":"https:\/\/adent.ch\/de\/#organization"},"potentialAction":[{"@type":"SearchAction","target":{"@type":"EntryPoint","urlTemplate":"https:\/\/adent.ch\/de\/?s={search_term_string}"},"query-input":{"@type":"PropertyValueSpecification","valueRequired":true,"valueName":"search_term_string"}}],"inLanguage":"de-CH"},{"@type":"Organization","@id":"https:\/\/adent.ch\/de\/#organization","name":"Adent Cliniques Dentaires","url":"https:\/\/adent.ch\/de\/","logo":{"@type":"ImageObject","inLanguage":"de-CH","@id":"https:\/\/adent.ch\/de\/#\/schema\/logo\/image\/","url":"https:\/\/adent.ch\/wp-content\/uploads\/2022\/09\/adent-habefast-logo-2018-fr-05032019-rvb-scaled.jpg","contentUrl":"https:\/\/adent.ch\/wp-content\/uploads\/2022\/09\/adent-habefast-logo-2018-fr-05032019-rvb-scaled.jpg","width":2880,"height":750,"caption":"Adent Cliniques Dentaires"},"image":{"@id":"https:\/\/adent.ch\/de\/#\/schema\/logo\/image\/"},"sameAs":["https:\/\/www.facebook.com\/adentcliniquesdentaires\/","https:\/\/www.instagram.com\/adent.ch\/","https:\/\/www.youtube.com\/channel\/UCPd5UjY-ipuq3MhW6m0W-wg","https:\/\/www.linkedin.com\/company\/adent-cliniques-dentaires\/?originalSubdomain=ch"]}]}},"_links":{"self":[{"href":"https:\/\/adent.ch\/de\/wp-json\/wp\/v2\/pages\/4403","targetHints":{"allow":["GET"]}}],"collection":[{"href":"https:\/\/adent.ch\/de\/wp-json\/wp\/v2\/pages"}],"about":[{"href":"https:\/\/adent.ch\/de\/wp-json\/wp\/v2\/types\/page"}],"author":[{"embeddable":true,"href":"https:\/\/adent.ch\/de\/wp-json\/wp\/v2\/users\/2"}],"replies":[{"embeddable":true,"href":"https:\/\/adent.ch\/de\/wp-json\/wp\/v2\/comments?post=4403"}],"version-history":[{"count":5,"href":"https:\/\/adent.ch\/de\/wp-json\/wp\/v2\/pages\/4403\/revisions"}],"predecessor-version":[{"id":16712,"href":"https:\/\/adent.ch\/de\/wp-json\/wp\/v2\/pages\/4403\/revisions\/16712"}],"up":[{"embeddable":true,"href":"https:\/\/adent.ch\/de\/wp-json\/wp\/v2\/pages\/4401"}],"wp:featuredmedia":[{"embeddable":true,"href":"https:\/\/adent.ch\/de\/wp-json\/wp\/v2\/media\/4926"}],"wp:attachment":[{"href":"https:\/\/adent.ch\/de\/wp-json\/wp\/v2\/media?parent=4403"}],"curies":[{"name":"wp","href":"https:\/\/api.w.org\/{rel}","templated":true}]}}