{"id":4405,"date":"2022-04-28T11:13:19","date_gmt":"2022-04-28T09:13:19","guid":{"rendered":"https:\/\/adent.ch\/professionnels\/"},"modified":"2025-08-15T16:08:35","modified_gmt":"2025-08-15T14:08:35","slug":"berufsbereich","status":"publish","type":"page","link":"https:\/\/adent.ch\/de\/berufsbereich\/","title":{"rendered":"Berufsbereich"},"content":{"rendered":"\n<div class=\"benefits-block\" >\n\t\t<div class=\"container\">\n\t\t<div class=\"content-buttons \">\n\t\t\t<div class=\"content\" data-sal=\"slide-up\" data-sal-delay=\"300\" data-sal-easing=\"ease-in-out\" data-sal-duration=\"250\">\n\t\t\t\t<h4>Die Adent-Gruppe<\/h4>\n<p>Die Adent-Gruppe ist seit \u00fcber 25 Jahren in der ganzen Schweiz t\u00e4tig und hat sich einen Ruf als f\u00fchrendes Unternehmen im Bereich der Zahnpflege aufgebaut. Unsere Mission ist es, die Zahnpflege zug\u00e4nglicher, moderner und individueller zu gestalten und gleichzeitig ein Vertrauensverh\u00e4ltnis zu unseren Patienten aufzubauen.<\/p>\n<p>Adent sch\u00f6pft seine St\u00e4rke aus der Vielfalt seines Teams, um seinen Patienten eine umfassende Palette an zahn\u00e4rztlichen Behandlungen unter einem Dach und in der gew\u00fcnschten Sprache anzubieten.<\/p>\n<p>Das Wohlbefinden unserer Mitarbeiter liegt uns am Herzen, daher legen wir jeden Tag grossen Wert darauf, Ihnen attraktive Arbeitsbedingungen in einem dynamischen und motivierenden Umfeld zu bieten. Bei Adent arbeiten Sie mit zahlreichen Spezialisten zusammen, die ihr Wissen mit Leidenschaft an Sie weitergeben.<\/p>\n\t\t\t<\/div>\n\t\t\t\t\t\t\t<div class=\"buttons\">\n\t\t\t\t\t\t\t\t\t\t\t<a class=\"primary-btn green\"  href=\"https:\/\/adent.ch\/groupe\/\">\n\t\t\t\t\t\t\t\t\t\t\t\t\t\tWeitere Informationen\t\t\t\t\t\t<\/a>\n\t\t\t\t\t\t\t\t\t<\/div>\n\t\t\t\t\t<\/div>\n\t<\/div>\n\t\t\t<div class=\"image\" style=\"background-image: url(https:\/\/adent.ch\/wp-content\/uploads\/2022\/07\/adent_pro_groupeadent-1469x980.jpg);\" data-sal=\"slide-up\" data-sal-delay=\"400\" data-sal-easing=\"ease-in-out\" data-sal-duration=\"250\"><\/div>\n\t<\/div>\n\n\n\t<div class=\"cta-block with-image\" >\n\t\t<div class=\"img\" style=\"background-image: url(https:\/\/adent.ch\/wp-content\/uploads\/2025\/08\/pro_dr_tasias-sotirios.png);\"><\/div>\n\t\t<div class=\"container\">\n\t\t\t<div class=\"row justify-content-end\">\n\t\t\t\t<div class=\"col-md-6\">\n\t\t\t\t\t<div class=\"subtitle\">Karriere<\/div>\n\t\t\t\t\t<h2 class=\"h1 title\">Ihr Beruf, unsere Fachgebiete<\/h2>\n\t\t\t\t\t<p class=\"text\">Zahnarzt und Zahn\u00e4rztin, Kieferorthop\u00e4de oder Dentalhygieniker. Entdecken Sie die Spezialberufe der Adent-Gruppe.<\/p>\n\t\t\t\t\t\t\t\t\t\t\t<a href=\"https:\/\/adent.ch\/professionnels\/nos-metiers-specialises\/\"  class=\"primary-btn\">Entdecken Sie unsere Fachbereiche<\/a>\n\t\t\t\t\t\t\t\t\t<\/div>\n\t\t\t<\/div>\n\t\t<\/div>\n\t<\/div>\n\n\n\n\t<div class=\"cta-block without-image\" >\n\t\t<div class=\"container\" data-sal=\"slide-up\" data-sal-delay=\"200\" data-sal-easing=\"ease-in-out\" data-sal-duration=\"300\">\n\t\t\t<div class=\"row justify-content-center\">\n\t\t\t\t<div class=\"col-md-8\">\n\t\t\t\t\t<div class=\"subtitle\">Karriere<\/div>\n\t\t\t\t\t<h4 class=\"title\">M\u00f6chten Sie bei Adent arbeiten?<\/h4>\n\t\t\t\t\t<p class=\"text\">Hier finden Sie alle unsere Stellenangebote, nach Berufen gegliedert.<br \/>\r\nSie k\u00f6nnen sich direkt online oder per E-Mail bewerben.<br \/>\r\nWir freuen uns auf Ihre Bewerbung.<\/p>\n\t\t\t\t\t\t\t\t\t\t\t<a href=\"https:\/\/adent.ch\/de\/berufsbereich\/unsere-offenen-stellen\/\"  class=\"primary-btn\">Unsere offenen Stellen<\/a>\n\t\t\t\t\t\t\t\t\t<\/div>\n\t\t\t<\/div>\n\t\t<\/div>\n\t<\/div>\n\n\n\n<div class=\"benefits-block\" >\n\t\t<div class=\"container\">\n\t\t<div class=\"content-buttons \">\n\t\t\t<div class=\"content\" data-sal=\"slide-up\" data-sal-delay=\"300\" data-sal-easing=\"ease-in-out\" data-sal-duration=\"250\">\n\t\t\t\t<h4>Weiterbildungen f\u00fcr die Entwicklung unserer Mitarbeiterinnen und Mitarbeiter.<\/h4>\n<p>Die Weiterbildungspolitik ist ein wichtiger Pfeiler der Strategie und der Werte der Adent-Gruppe. Die langfristige Entwicklung unserer Mitarbeiterinnen und Mitarbeiter sowie die Erhaltung ihrer Besch\u00e4ftigungsf\u00e4higkeit stehen im Mittelpunkt unserer Politik.<\/p>\n\t\t\t<\/div>\n\t\t\t\t\t\t\t<div class=\"buttons\">\n\t\t\t\t\t\t\t\t\t\t\t<a class=\"primary-btn green\"  href=\"https:\/\/adent.ch\/professionnels\/nos-formations-internes\/\">\n\t\t\t\t\t\t\t\t\t\t\t\t\t\tEntdecken Sie unsere internen Schulungen\t\t\t\t\t\t<\/a>\n\t\t\t\t\t\t\t\t\t<\/div>\n\t\t\t\t\t<\/div>\n\t<\/div>\n\t\t\t<div class=\"image\" style=\"background-image: url(https:\/\/adent.ch\/wp-content\/uploads\/2025\/08\/dm37316-1468x980.jpg);\" data-sal=\"slide-up\" data-sal-delay=\"400\" data-sal-easing=\"ease-in-out\" data-sal-duration=\"250\"><\/div>\n\t<\/div>\n\n\n\t<div class=\"cta-block without-image\" >\n\t\t<div class=\"container\" data-sal=\"slide-up\" data-sal-delay=\"200\" data-sal-easing=\"ease-in-out\" data-sal-duration=\"300\">\n\t\t\t<div class=\"row justify-content-center\">\n\t\t\t\t<div class=\"col-md-8\">\n\t\t\t\t\t<div class=\"subtitle\">\u00dcbernahme Ihr Zentrum<\/div>\n\t\t\t\t\t<h4 class=\"title\">Partnerschaft Adent: Planen wir gemeinsam Ihre Zukunft<\/h4>\n\t\t\t\t\t<p class=\"text\">Gemeinsam k\u00f6nnen wir den Fortbestand und die Weiterentwicklung Ihres Unternehmens sichern: von der administrativen Unterst\u00fctzung \u00fcber eine Investitionspartnerschaft bis hin zur vollst\u00e4ndigen Integration in die Adent-Gruppe.<\/p>\n\t\t\t\t\t\t\t\t\t\t\t<a href=\"https:\/\/adent.ch\/professionnels\/reprise-de-cabinet\/\"  class=\"primary-btn\">Weitere Informationen<\/a>\n\t\t\t\t\t\t\t\t\t<\/div>\n\t\t\t<\/div>\n\t\t<\/div>\n\t<\/div>\n","protected":false},"excerpt":{"rendered":"","protected":false},"author":2,"featured_media":6586,"parent":0,"menu_order":9,"comment_status":"closed","ping_status":"closed","template":"","meta":{"_acf_changed":false,"footnotes":""},"class_list":["post-4405","page","type-page","status-publish","has-post-thumbnail","hentry"],"acf":{"display_banner":true,"banner_subtitle":"","banner_title":"Werden Sie Teil der Adent Gruppe","banner_title_color":"white","banner_details":"","banner_bgd_type":"empty","banner_image":{"ID":1051,"id":1051,"title":"denis-degioanni-9wH624ALFQA-unsplash","filename":"denis-degioanni-9wh624alfqa-unsplash-scaled.jpg","filesize":"862410","url":"https:\/\/adent.ch\/wp-content\/uploads\/2022\/03\/denis-degioanni-9wh624alfqa-unsplash-scaled.jpg","link":"https:\/\/adent.ch\/de\/denis-degioanni-9wh624alfqa-unsplash-2\/","alt":"","author":"2","description":"","caption":"","name":"denis-degioanni-9wh624alfqa-unsplash-2","status":"inherit","uploaded_to":0,"date":"2022-03-11 15:42:43","modified":"2022-03-11 15:42:43","menu_order":0,"mime_type":"image\/jpeg","type":"image","subtype":"jpeg","icon":"https:\/\/adent.ch\/wp-includes\/images\/media\/default.png","width":2880,"height":1920,"sizes":{"thumbnail":"https:\/\/adent.ch\/wp-content\/uploads\/2022\/03\/denis-degioanni-9wh624alfqa-unsplash-150x150.jpg","thumbnail-width":150,"thumbnail-height":150,"medium":"https:\/\/adent.ch\/wp-content\/uploads\/2022\/03\/denis-degioanni-9wh624alfqa-unsplash-300x200.jpg","medium-width":300,"medium-height":200,"medium_large":"https:\/\/adent.ch\/wp-content\/uploads\/2022\/03\/denis-degioanni-9wh624alfqa-unsplash-768x512.jpg","medium_large-width":768,"medium_large-height":512,"large":"https:\/\/adent.ch\/wp-content\/uploads\/2022\/03\/denis-degioanni-9wh624alfqa-unsplash-1470x980.jpg","large-width":1470,"large-height":980,"1536x1536":"https:\/\/adent.ch\/wp-content\/uploads\/2022\/03\/denis-degioanni-9wh624alfqa-unsplash-1536x1024.jpg","1536x1536-width":1536,"1536x1536-height":1024,"2048x2048":"https:\/\/adent.ch\/wp-content\/uploads\/2022\/03\/denis-degioanni-9wh624alfqa-unsplash-2048x1365.jpg","2048x2048-width":2048,"2048x2048-height":1365,"gform-image-choice-sm":"https:\/\/adent.ch\/wp-content\/uploads\/2022\/03\/denis-degioanni-9wh624alfqa-unsplash-scaled.jpg","gform-image-choice-sm-width":300,"gform-image-choice-sm-height":200,"gform-image-choice-md":"https:\/\/adent.ch\/wp-content\/uploads\/2022\/03\/denis-degioanni-9wh624alfqa-unsplash-scaled.jpg","gform-image-choice-md-width":400,"gform-image-choice-md-height":267,"gform-image-choice-lg":"https:\/\/adent.ch\/wp-content\/uploads\/2022\/03\/denis-degioanni-9wh624alfqa-unsplash-scaled.jpg","gform-image-choice-lg-width":600,"gform-image-choice-lg-height":400}},"banner_shapes_type":"main_b","banner_buttons":false,"short_description":"Werden Sie Teil der Adent Gruppe","display_shapes":false},"yoast_head":"<!-- This site is optimized with the Yoast SEO plugin v26.4 - https:\/\/yoast.com\/wordpress\/plugins\/seo\/ -->\n<title>Berufsbereich | Adent Zahnarztzentrum<\/title>\n<meta name=\"description\" content=\"Werden Sie Mitglied unserer Adent Zahnkliniken in der Schweiz und profitieren Sie von attraktiven Anstellungsbedingungen in einem dynamischen und anregenden Umfeld.\" \/>\n<meta name=\"robots\" content=\"index, follow, max-snippet:-1, max-image-preview:large, max-video-preview:-1\" \/>\n<link rel=\"canonical\" href=\"https:\/\/adent.ch\/de\/berufsbereich\/\" \/>\n<meta property=\"og:locale\" content=\"de_DE\" \/>\n<meta property=\"og:type\" content=\"article\" \/>\n<meta property=\"og:title\" content=\"Berufsbereich | Adent Zahnarztzentrum\" \/>\n<meta property=\"og:description\" content=\"Werden Sie Mitglied unserer Adent Zahnkliniken in der Schweiz und profitieren Sie von attraktiven Anstellungsbedingungen in einem dynamischen und anregenden Umfeld.\" \/>\n<meta property=\"og:url\" content=\"https:\/\/adent.ch\/de\/berufsbereich\/\" \/>\n<meta property=\"og:site_name\" content=\"Adent Zahnarztzentrum\" \/>\n<meta property=\"article:publisher\" content=\"https:\/\/www.facebook.com\/adentcliniquesdentaires\/\" \/>\n<meta property=\"article:modified_time\" content=\"2025-08-15T14:08:35+00:00\" \/>\n<meta property=\"og:image\" content=\"https:\/\/adent.ch\/wp-content\/uploads\/2022\/07\/adent_pro_groupeadent.jpg\" \/>\n\t<meta property=\"og:image:width\" content=\"1619\" \/>\n\t<meta property=\"og:image:height\" content=\"1080\" \/>\n\t<meta property=\"og:image:type\" content=\"image\/jpeg\" \/>\n<meta name=\"twitter:card\" content=\"summary_large_image\" \/>\n<meta name=\"twitter:label1\" content=\"Gesch\u00e4tzte Lesezeit\" \/>\n\t<meta name=\"twitter:data1\" content=\"1\u00a0Minute\" \/>\n<script type=\"application\/ld+json\" class=\"yoast-schema-graph\">{\"@context\":\"https:\/\/schema.org\",\"@graph\":[{\"@type\":\"WebPage\",\"@id\":\"https:\/\/adent.ch\/de\/berufsbereich\/\",\"url\":\"https:\/\/adent.ch\/de\/berufsbereich\/\",\"name\":\"Berufsbereich | Adent Zahnarztzentrum\",\"isPartOf\":{\"@id\":\"https:\/\/adent.ch\/de\/#website\"},\"primaryImageOfPage\":{\"@id\":\"https:\/\/adent.ch\/de\/berufsbereich\/#primaryimage\"},\"image\":{\"@id\":\"https:\/\/adent.ch\/de\/berufsbereich\/#primaryimage\"},\"thumbnailUrl\":\"https:\/\/adent.ch\/wp-content\/uploads\/2022\/07\/adent_pro_groupeadent.jpg\",\"datePublished\":\"2022-04-28T09:13:19+00:00\",\"dateModified\":\"2025-08-15T14:08:35+00:00\",\"description\":\"Werden Sie Mitglied unserer Adent Zahnkliniken in der Schweiz und profitieren Sie von attraktiven Anstellungsbedingungen in einem dynamischen und anregenden Umfeld.\",\"breadcrumb\":{\"@id\":\"https:\/\/adent.ch\/de\/berufsbereich\/#breadcrumb\"},\"inLanguage\":\"de-CH\",\"potentialAction\":[{\"@type\":\"ReadAction\",\"target\":[\"https:\/\/adent.ch\/de\/berufsbereich\/\"]}]},{\"@type\":\"ImageObject\",\"inLanguage\":\"de-CH\",\"@id\":\"https:\/\/adent.ch\/de\/berufsbereich\/#primaryimage\",\"url\":\"https:\/\/adent.ch\/wp-content\/uploads\/2022\/07\/adent_pro_groupeadent.jpg\",\"contentUrl\":\"https:\/\/adent.ch\/wp-content\/uploads\/2022\/07\/adent_pro_groupeadent.jpg\",\"width\":1619,\"height\":1080},{\"@type\":\"BreadcrumbList\",\"@id\":\"https:\/\/adent.ch\/de\/berufsbereich\/#breadcrumb\",\"itemListElement\":[{\"@type\":\"ListItem\",\"position\":1,\"name\":\"Home\",\"item\":\"https:\/\/adent.ch\/de\/\"},{\"@type\":\"ListItem\",\"position\":2,\"name\":\"Berufsbereich\"}]},{\"@type\":\"WebSite\",\"@id\":\"https:\/\/adent.ch\/de\/#website\",\"url\":\"https:\/\/adent.ch\/de\/\",\"name\":\"Adent Zahnarztzentrum\",\"description\":\"\",\"publisher\":{\"@id\":\"https:\/\/adent.ch\/de\/#organization\"},\"potentialAction\":[{\"@type\":\"SearchAction\",\"target\":{\"@type\":\"EntryPoint\",\"urlTemplate\":\"https:\/\/adent.ch\/de\/?s={search_term_string}\"},\"query-input\":{\"@type\":\"PropertyValueSpecification\",\"valueRequired\":true,\"valueName\":\"search_term_string\"}}],\"inLanguage\":\"de-CH\"},{\"@type\":\"Organization\",\"@id\":\"https:\/\/adent.ch\/de\/#organization\",\"name\":\"Adent Cliniques Dentaires\",\"url\":\"https:\/\/adent.ch\/de\/\",\"logo\":{\"@type\":\"ImageObject\",\"inLanguage\":\"de-CH\",\"@id\":\"https:\/\/adent.ch\/de\/#\/schema\/logo\/image\/\",\"url\":\"https:\/\/adent.ch\/wp-content\/uploads\/2022\/09\/adent-habefast-logo-2018-fr-05032019-rvb-scaled.jpg\",\"contentUrl\":\"https:\/\/adent.ch\/wp-content\/uploads\/2022\/09\/adent-habefast-logo-2018-fr-05032019-rvb-scaled.jpg\",\"width\":2880,\"height\":750,\"caption\":\"Adent Cliniques Dentaires\"},\"image\":{\"@id\":\"https:\/\/adent.ch\/de\/#\/schema\/logo\/image\/\"},\"sameAs\":[\"https:\/\/www.facebook.com\/adentcliniquesdentaires\/\",\"https:\/\/www.instagram.com\/adent.ch\/\",\"https:\/\/www.youtube.com\/channel\/UCPd5UjY-ipuq3MhW6m0W-wg\",\"https:\/\/www.linkedin.com\/company\/adent-cliniques-dentaires\/?originalSubdomain=ch\"]}]}<\/script>\n<!-- \/ Yoast SEO plugin. -->","yoast_head_json":{"title":"Berufsbereich | Adent Zahnarztzentrum","description":"Werden Sie Mitglied unserer Adent Zahnkliniken in der Schweiz und profitieren Sie von attraktiven Anstellungsbedingungen in einem dynamischen und anregenden Umfeld.","robots":{"index":"index","follow":"follow","max-snippet":"max-snippet:-1","max-image-preview":"max-image-preview:large","max-video-preview":"max-video-preview:-1"},"canonical":"https:\/\/adent.ch\/de\/berufsbereich\/","og_locale":"de_DE","og_type":"article","og_title":"Berufsbereich | Adent Zahnarztzentrum","og_description":"Werden Sie Mitglied unserer Adent Zahnkliniken in der Schweiz und profitieren Sie von attraktiven Anstellungsbedingungen in einem dynamischen und anregenden Umfeld.","og_url":"https:\/\/adent.ch\/de\/berufsbereich\/","og_site_name":"Adent Zahnarztzentrum","article_publisher":"https:\/\/www.facebook.com\/adentcliniquesdentaires\/","article_modified_time":"2025-08-15T14:08:35+00:00","og_image":[{"width":1619,"height":1080,"url":"https:\/\/adent.ch\/wp-content\/uploads\/2022\/07\/adent_pro_groupeadent.jpg","type":"image\/jpeg"}],"twitter_card":"summary_large_image","twitter_misc":{"Gesch\u00e4tzte Lesezeit":"1\u00a0Minute"},"schema":{"@context":"https:\/\/schema.org","@graph":[{"@type":"WebPage","@id":"https:\/\/adent.ch\/de\/berufsbereich\/","url":"https:\/\/adent.ch\/de\/berufsbereich\/","name":"Berufsbereich | Adent Zahnarztzentrum","isPartOf":{"@id":"https:\/\/adent.ch\/de\/#website"},"primaryImageOfPage":{"@id":"https:\/\/adent.ch\/de\/berufsbereich\/#primaryimage"},"image":{"@id":"https:\/\/adent.ch\/de\/berufsbereich\/#primaryimage"},"thumbnailUrl":"https:\/\/adent.ch\/wp-content\/uploads\/2022\/07\/adent_pro_groupeadent.jpg","datePublished":"2022-04-28T09:13:19+00:00","dateModified":"2025-08-15T14:08:35+00:00","description":"Werden Sie Mitglied unserer Adent Zahnkliniken in der Schweiz und profitieren Sie von attraktiven Anstellungsbedingungen in einem dynamischen und anregenden Umfeld.","breadcrumb":{"@id":"https:\/\/adent.ch\/de\/berufsbereich\/#breadcrumb"},"inLanguage":"de-CH","potentialAction":[{"@type":"ReadAction","target":["https:\/\/adent.ch\/de\/berufsbereich\/"]}]},{"@type":"ImageObject","inLanguage":"de-CH","@id":"https:\/\/adent.ch\/de\/berufsbereich\/#primaryimage","url":"https:\/\/adent.ch\/wp-content\/uploads\/2022\/07\/adent_pro_groupeadent.jpg","contentUrl":"https:\/\/adent.ch\/wp-content\/uploads\/2022\/07\/adent_pro_groupeadent.jpg","width":1619,"height":1080},{"@type":"BreadcrumbList","@id":"https:\/\/adent.ch\/de\/berufsbereich\/#breadcrumb","itemListElement":[{"@type":"ListItem","position":1,"name":"Home","item":"https:\/\/adent.ch\/de\/"},{"@type":"ListItem","position":2,"name":"Berufsbereich"}]},{"@type":"WebSite","@id":"https:\/\/adent.ch\/de\/#website","url":"https:\/\/adent.ch\/de\/","name":"Adent Zahnarztzentrum","description":"","publisher":{"@id":"https:\/\/adent.ch\/de\/#organization"},"potentialAction":[{"@type":"SearchAction","target":{"@type":"EntryPoint","urlTemplate":"https:\/\/adent.ch\/de\/?s={search_term_string}"},"query-input":{"@type":"PropertyValueSpecification","valueRequired":true,"valueName":"search_term_string"}}],"inLanguage":"de-CH"},{"@type":"Organization","@id":"https:\/\/adent.ch\/de\/#organization","name":"Adent Cliniques Dentaires","url":"https:\/\/adent.ch\/de\/","logo":{"@type":"ImageObject","inLanguage":"de-CH","@id":"https:\/\/adent.ch\/de\/#\/schema\/logo\/image\/","url":"https:\/\/adent.ch\/wp-content\/uploads\/2022\/09\/adent-habefast-logo-2018-fr-05032019-rvb-scaled.jpg","contentUrl":"https:\/\/adent.ch\/wp-content\/uploads\/2022\/09\/adent-habefast-logo-2018-fr-05032019-rvb-scaled.jpg","width":2880,"height":750,"caption":"Adent Cliniques Dentaires"},"image":{"@id":"https:\/\/adent.ch\/de\/#\/schema\/logo\/image\/"},"sameAs":["https:\/\/www.facebook.com\/adentcliniquesdentaires\/","https:\/\/www.instagram.com\/adent.ch\/","https:\/\/www.youtube.com\/channel\/UCPd5UjY-ipuq3MhW6m0W-wg","https:\/\/www.linkedin.com\/company\/adent-cliniques-dentaires\/?originalSubdomain=ch"]}]}},"_links":{"self":[{"href":"https:\/\/adent.ch\/de\/wp-json\/wp\/v2\/pages\/4405","targetHints":{"allow":["GET"]}}],"collection":[{"href":"https:\/\/adent.ch\/de\/wp-json\/wp\/v2\/pages"}],"about":[{"href":"https:\/\/adent.ch\/de\/wp-json\/wp\/v2\/types\/page"}],"author":[{"embeddable":true,"href":"https:\/\/adent.ch\/de\/wp-json\/wp\/v2\/users\/2"}],"replies":[{"embeddable":true,"href":"https:\/\/adent.ch\/de\/wp-json\/wp\/v2\/comments?post=4405"}],"version-history":[{"count":5,"href":"https:\/\/adent.ch\/de\/wp-json\/wp\/v2\/pages\/4405\/revisions"}],"predecessor-version":[{"id":15806,"href":"https:\/\/adent.ch\/de\/wp-json\/wp\/v2\/pages\/4405\/revisions\/15806"}],"wp:featuredmedia":[{"embeddable":true,"href":"https:\/\/adent.ch\/de\/wp-json\/wp\/v2\/media\/6586"}],"wp:attachment":[{"href":"https:\/\/adent.ch\/de\/wp-json\/wp\/v2\/media?parent=4405"}],"curies":[{"name":"wp","href":"https:\/\/api.w.org\/{rel}","templated":true}]}}