{"id":4413,"date":"2022-04-28T11:55:55","date_gmt":"2022-04-28T09:55:55","guid":{"rendered":"https:\/\/adent.ch\/professionnels\/nos-metiers-specialises\/hygieniste-dentaire\/"},"modified":"2025-09-24T10:40:17","modified_gmt":"2025-09-24T08:40:17","slug":"dentalhygieniker-in","status":"publish","type":"page","link":"https:\/\/adent.ch\/de\/berufsbereich\/unsere-spezialisierten-berufe\/dentalhygieniker-in\/","title":{"rendered":"Dentalhygieniker\/in"},"content":{"rendered":"<div class=\"two-column-block\" >\n\t<div class=\"container\">\n\t\t\t\t\t\t\t<div class=\"row justify-content-between\" data-sal=\"slide-up\" data-sal-delay=\"200\" data-sal-easing=\"ease-in-out\" data-sal-duration=\"300\">\n\t\t\t\t\t\t\t\t\t\t\t\t\t\t\t<div class=\"col-md-6\">\n\t\t\t\t\t\t\t<div class=\"text-lg\">\n\t\t\t\t\t\t\t\t<h4>Sein Auftrag<\/h4>\n<ul>\n<li>Vorbeugung und Behandlung von Erkrankungen der Mundh\u00f6hle (Gingivitis, Parodontitis) in Zusammenarbeit mit dem Zahnarzt<\/li>\n<li>Entfernen Sie Schuppen und Plaque, die Entz\u00fcndungsfaktoren sind<\/li>\n<li>Aufkl\u00e4rung der Patienten \u00fcber angemessene prophylaktische Massnahmen zur Erhaltung ihrer Mundgesundheit<\/li>\n<li>Informieren Sie die Zahn\u00e4rzte \u00fcber jeden Verdacht<\/li>\n<li>Patientendaten pflegen<\/li>\n<li>Durchf\u00fchren von Zahnaufhellung mit neuen Technologien<\/li>\n<\/ul>\n\t\t\t\t\t\t\t<\/div>\n\t\t\t\t\t\t\t\t\t\t\t\t\t\t\t\t\t\t\t\t\t\t\t\t\t\t\t<\/div>\n\t\t\t\t\t\t\t\t\t\t\t\t\t\t\t\t\t\t\t\t<div class=\"col-md-6\">\n\t\t\t\t\t\t\t<div class=\"text-lg\">\n\t\t\t\t\t\t\t\t<h4>Seine Kernkompetenzen<\/h4>\n<ul>\n<li>Zahnhygieniker-Diplom ES<\/li>\n<li>Kleinheit, manuelle Fertigkeit und Sehsch\u00e4rfe<\/li>\n<li>Widerstandsf\u00e4higkeit gegen Stress w\u00e4hrend der Behandlung<\/li>\n<li>Wunsch, sich um andere zu k\u00fcmmern, Verf\u00fcgbarkeit und F\u00e4higkeit, den Patienten zu beruhigen, Leichtigkeit im Umgang mit anderen<\/li>\n<li>F\u00e4higkeit zur Anpassung an neue Technologien und Teamf\u00e4higkeit<\/li>\n<\/ul>\n\t\t\t\t\t\t\t<\/div>\n\t\t\t\t\t\t\t\t\t\t\t\t\t\t\t\t\t\t\t\t\t\t\t\t\t\t\t<\/div>\n\t\t\t\t\t\t\t\t\t\t\t\t<\/div>\n\t\t\t<\/div>\n<\/div>\n\n\n<div class=\"benefits-block\" >\n\t\t<div class=\"container\">\n\t\t<div class=\"content-buttons \">\n\t\t\t<div class=\"content\" data-sal=\"slide-up\" data-sal-delay=\"300\" data-sal-easing=\"ease-in-out\" data-sal-duration=\"250\">\n\t\t\t\t<h4>Zahnhygiene-Praktikum &#8211; in Verbindung mit den Schulen f\u00fcr Zahnhygiene in der Schweiz<\/h4>\n<p>\u201eZahnhygienikerinnen und Zahnhygieniker beugen Erkrankungen der Mundh\u00f6hle (Gingivitis, Parodontitis) vor und behandeln sie, entfernen Entz\u00fcndungsfaktoren (Zahnstein, Plaque) und lehren die Patienten geeignete prophylaktische Massnahmen zur Gesunderhaltung der Z\u00e4hne und ihres St\u00fctzgewebes.\u201c<\/p>\n<p>Adent Zahnarztzentrum SA kann Ihnen f\u00fcr Ihre Ausbildung ein Angebot machen:<\/p>\n<ul>\n<li>Ein moderner Arbeitsraum mit neuester Technologie<\/li>\n<li>Aufsicht und \u00dcberwachung durch Zahn\u00e4rzte<\/li>\n<li>Eine dynamische und anregende Atmosph\u00e4re, ein st\u00e4ndiger Erfahrungsaustausch<\/li>\n<li>Direkter Austausch mit dem Netzwerk von Spezialisten<\/li>\n<li>Flexibilit\u00e4t bei der Planung<\/li>\n<\/ul>\n<p>Quelle: <a href=\"https:\/\/www.berufsberatung.ch\/dyn\/show\/1418\" target=\"_blank\" rel=\"noopener\">www.berufsberatung.ch<\/a><\/p>\n\t\t\t<\/div>\n\t\t\t\t\t<\/div>\n\t<\/div>\n\t\t\t<div class=\"image\" style=\"background-image: url(https:\/\/adent.ch\/wp-content\/uploads\/2022\/04\/adent-rh-metiers-hygieniste-dentaire.webp);\" data-sal=\"slide-up\" data-sal-delay=\"400\" data-sal-easing=\"ease-in-out\" data-sal-duration=\"250\"><\/div>\n\t<\/div>\n\n<div class=\"highlight-image-block\" data-id=\"highlight-image-12\" id=\"highlight-image-12\">\n\t<div class=\"container\">\n\t\t\t\t\t<div class=\"h2 title\" data-sal=\"slide-up\" data-sal-delay=\"200\" data-sal-easing=\"ease-in-out\" data-sal-duration=\"300\">Warum bei Adent arbeiten?<\/div>\n\t\t\t\t\t\t\t<div class=\"cards-slider\">\n\t\t\t\t<div class=\"swiper slider\" data-sal=\"slide-up\" data-sal-delay=\"200\" data-sal-easing=\"ease-in-out\" data-sal-duration=\"300\">\n\t\t\t\t\t<div class=\"swiper-wrapper\">\n\t\t\t\t\t\t\t\t\t\t\t\t\t<div class=\"swiper-slide\">\n\t\t\t\t\t\t\t\t<div class=\"card\">\n\t\t\t\t\t\t\t\t\t<div class=\"card__caption\">\n\t\t\t\t\t\t\t\t\t\t<div class=\"card__title\">Weiterbildungen<\/div>\n\t\t\t\t\t\t\t\t\t<\/div>\n\t\t\t\t\t\t\t\t\t\t\t\t\t\t\t\t\t\t\t<div class=\"card__read-more\" data-read-more>\n\t\t\t\t\t\t\t\t\t\t\t<div class=\"card__desc\"><span data-read-more-short>F\u00f6rderung der Ausbildung und Entwicklung von Mitarbeiterinnen und Mitarbeitern. Angebotene interne Schulungen und Unterst\u00fctzung f\u00fcr<span data-read-more-dots>&#8230;<\/span><\/span><span data-read-more-full style=\"display: none;\"> externe Schulungen\n<\/span>\n                <button class=\"read-more-btn\" data-read-more-toggle data-read-more-less=\"Lire moins\">Weiterlesen<\/button><\/div>\n\t\t\t\t\t\t\t\t\t\t<\/div>\n\t\t\t\t\t\t\t\t\t\t\t\t\t\t\t\t\t\t<div class=\"card__pic\">\n\t\t\t\t\t\t\t\t\t\t\t\t\t\t\t\t\t\t\t\t\t<img decoding=\"async\" src=\"https:\/\/adent.ch\/wp-content\/uploads\/2022\/07\/formation_bleu.svg\" alt=\"Weiterbildungen\" loading=\"lazy\">\n\t\t\t\t\t\t\t\t\t\t\t\t\t\t\t\t\t\t\t<\/div>\n\t\t\t\t\t\t\t\t\t\t\t\t\t\t\t\t\t\t\t<div class=\"card__footer\">\n\t\t\t\t\t\t\t\t\t\t\t<a href=\"https:\/\/adent.ch\/de\/berufsbereich\/unsere-internen-schulungen\/\"  class=\"primary-btn\">Mehr lernen<\/a>\n\t\t\t\t\t\t\t\t\t\t<\/div>\n\t\t\t\t\t\t\t\t\t\t\t\t\t\t\t\t\t<\/div>\n\t\t\t\t\t\t\t\t\t\t\t\t\t\t\t<\/div>\n\t\t\t\t\t\t\t\t\t\t\t\t\t<div class=\"swiper-slide\">\n\t\t\t\t\t\t\t\t<div class=\"card\">\n\t\t\t\t\t\t\t\t\t<div class=\"card__caption\">\n\t\t\t\t\t\t\t\t\t\t<div class=\"card__title\">Erfahrungsaustausch<\/div>\n\t\t\t\t\t\t\t\t\t<\/div>\n\t\t\t\t\t\t\t\t\t\t\t\t\t\t\t\t\t\t\t<div class=\"card__read-more\" data-read-more>\n\t\t\t\t\t\t\t\t\t\t\t<div class=\"card__desc\"><span data-read-more-short>Den Austausch zwischen Praktikerinnen und Praktikern f\u00f6rdern, da Adent \u00fcber 400 Mitarbeiterinnen und Mitarbeiter umfasst,<span data-read-more-dots>&#8230;<\/span><\/span><span data-read-more-full style=\"display: none;\"> die alle \u00fcber einzigartige Erfahrungen und Kenntnisse verf\u00fcgen.\n<\/span>\n                <button class=\"read-more-btn\" data-read-more-toggle data-read-more-less=\"Lire moins\">Weiterlesen<\/button><\/div>\n\t\t\t\t\t\t\t\t\t\t<\/div>\n\t\t\t\t\t\t\t\t\t\t\t\t\t\t\t\t\t\t<div class=\"card__pic\">\n\t\t\t\t\t\t\t\t\t\t\t\t\t\t\t\t\t\t\t\t\t<img decoding=\"async\" src=\"https:\/\/adent.ch\/wp-content\/uploads\/2022\/07\/echanges_bleu.svg\" alt=\"Erfahrungsaustausch\" loading=\"lazy\">\n\t\t\t\t\t\t\t\t\t\t\t\t\t\t\t\t\t\t\t<\/div>\n\t\t\t\t\t\t\t\t\t\t\t\t\t\t\t\t\t<\/div>\n\t\t\t\t\t\t\t\t\t\t\t\t\t\t\t<\/div>\n\t\t\t\t\t\t\t\t\t\t\t\t\t<div class=\"swiper-slide\">\n\t\t\t\t\t\t\t\t<div class=\"card\">\n\t\t\t\t\t\t\t\t\t<div class=\"card__caption\">\n\t\t\t\t\t\t\t\t\t\t<div class=\"card__title\">Flexible Arbeitszeiten<\/div>\n\t\t\t\t\t\t\t\t\t<\/div>\n\t\t\t\t\t\t\t\t\t\t\t\t\t\t\t\t\t\t\t<div class=\"card__read-more\" data-read-more>\n\t\t\t\t\t\t\t\t\t\t\t<div class=\"card__desc\"><p>Je nach Zentrum werden unterschiedliche Arbeitszeiten angeboten (Morgen-\/Nachmittagsshift oder durchgehender Tag).<\/p>\n<\/div>\n\t\t\t\t\t\t\t\t\t\t<\/div>\n\t\t\t\t\t\t\t\t\t\t\t\t\t\t\t\t\t\t<div class=\"card__pic\">\n\t\t\t\t\t\t\t\t\t\t\t\t\t\t\t\t\t\t\t\t\t<img decoding=\"async\" src=\"https:\/\/adent.ch\/wp-content\/uploads\/2022\/07\/horaire_bleu.svg\" alt=\"Flexible Arbeitszeiten\" loading=\"lazy\">\n\t\t\t\t\t\t\t\t\t\t\t\t\t\t\t\t\t\t\t<\/div>\n\t\t\t\t\t\t\t\t\t\t\t\t\t\t\t\t\t<\/div>\n\t\t\t\t\t\t\t\t\t\t\t\t\t\t\t<\/div>\n\t\t\t\t\t\t\t\t\t\t\t\t\t<div class=\"swiper-slide\">\n\t\t\t\t\t\t\t\t<div class=\"card\">\n\t\t\t\t\t\t\t\t\t<div class=\"card__caption\">\n\t\t\t\t\t\t\t\t\t\t<div class=\"card__title\">Modernste Ausr\u00fcstung<\/div>\n\t\t\t\t\t\t\t\t\t<\/div>\n\t\t\t\t\t\t\t\t\t\t\t\t\t\t\t\t\t\t\t<div class=\"card__read-more\" data-read-more>\n\t\t\t\t\t\t\t\t\t\t\t<div class=\"card__desc\"><p>Leistungsf\u00e4hige Arbeitsmittel auf dem neuesten Stand der Technik.<\/p>\n<\/div>\n\t\t\t\t\t\t\t\t\t\t<\/div>\n\t\t\t\t\t\t\t\t\t\t\t\t\t\t\t\t\t\t<div class=\"card__pic\">\n\t\t\t\t\t\t\t\t\t\t\t\t\t\t\t\t\t\t\t\t\t<img decoding=\"async\" src=\"https:\/\/adent.ch\/wp-content\/uploads\/2022\/07\/equipement_bleu.svg\" alt=\"Modernste Ausr\u00fcstung\" loading=\"lazy\">\n\t\t\t\t\t\t\t\t\t\t\t\t\t\t\t\t\t\t\t<\/div>\n\t\t\t\t\t\t\t\t\t\t\t\t\t\t\t\t\t<\/div>\n\t\t\t\t\t\t\t\t\t\t\t\t\t\t\t<\/div>\n\t\t\t\t\t\t\t\t\t\t\t\t\t<div class=\"swiper-slide\">\n\t\t\t\t\t\t\t\t<div class=\"card\">\n\t\t\t\t\t\t\t\t\t<div class=\"card__caption\">\n\t\t\t\t\t\t\t\t\t\t<div class=\"card__title\">Multidisziplin\u00e4re Teamarbeit<\/div>\n\t\t\t\t\t\t\t\t\t<\/div>\n\t\t\t\t\t\t\t\t\t\t\t\t\t\t\t\t\t\t\t<div class=\"card__read-more\" data-read-more>\n\t\t\t\t\t\t\t\t\t\t\t<div class=\"card__desc\"><p>Grosse Vielfalt an spezialisierten Profilen in jedes Zentrum\/ Erleichterung des Wissensaustauschs unter Kollegen.<\/p>\n<\/div>\n\t\t\t\t\t\t\t\t\t\t<\/div>\n\t\t\t\t\t\t\t\t\t\t\t\t\t\t\t\t\t\t<div class=\"card__pic\">\n\t\t\t\t\t\t\t\t\t\t\t\t\t\t\t\t\t\t\t\t\t<img decoding=\"async\" src=\"https:\/\/adent.ch\/wp-content\/uploads\/2022\/07\/travail_equipe_bleu.svg\" alt=\"Multidisziplin\u00e4re Teamarbeit\" loading=\"lazy\">\n\t\t\t\t\t\t\t\t\t\t\t\t\t\t\t\t\t\t\t<\/div>\n\t\t\t\t\t\t\t\t\t\t\t\t\t\t\t\t\t<\/div>\n\t\t\t\t\t\t\t\t\t\t\t\t\t\t\t<\/div>\n\t\t\t\t\t\t\t\t\t\t\t\t\t<div class=\"swiper-slide\">\n\t\t\t\t\t\t\t\t<div class=\"card\">\n\t\t\t\t\t\t\t\t\t<div class=\"card__caption\">\n\t\t\t\t\t\t\t\t\t\t<div class=\"card__title\">Ferien<\/div>\n\t\t\t\t\t\t\t\t\t<\/div>\n\t\t\t\t\t\t\t\t\t\t\t\t\t\t\t\t\t\t\t<div class=\"card__read-more\" data-read-more>\n\t\t\t\t\t\t\t\t\t\t\t<div class=\"card__desc\"><span data-read-more-short>Zahnmedizinische\/r Fachangestellte\/r = 25 Tage\nDentalhygieniker\/in = 25 Tage\nZahnarzt\/Zahn\u00e4rztin = 30 Tage\nFlexibilit\u00e4t bei der<span data-read-more-dots>&#8230;<\/span><\/span><span data-read-more-full style=\"display: none;\"> Urlaubsplanung\n<\/span>\n                <button class=\"read-more-btn\" data-read-more-toggle data-read-more-less=\"Lire moins\">Weiterlesen<\/button><\/div>\n\t\t\t\t\t\t\t\t\t\t<\/div>\n\t\t\t\t\t\t\t\t\t\t\t\t\t\t\t\t\t\t<div class=\"card__pic\">\n\t\t\t\t\t\t\t\t\t\t\t\t\t\t\t\t\t\t\t\t\t<img decoding=\"async\" src=\"https:\/\/adent.ch\/wp-content\/uploads\/2022\/07\/vacances_bleu.svg\" alt=\"Ferien\" loading=\"lazy\">\n\t\t\t\t\t\t\t\t\t\t\t\t\t\t\t\t\t\t\t<\/div>\n\t\t\t\t\t\t\t\t\t\t\t\t\t\t\t\t\t<\/div>\n\t\t\t\t\t\t\t\t\t\t\t\t\t\t\t<\/div>\n\t\t\t\t\t\t\t\t\t\t\t<\/div>\n\t\t\t\t<\/div>\n\t\t\t\t<div class=\"swiper-button-prev\"><\/div>\n\t\t\t\t<div class=\"swiper-button-next\"><\/div>\n\t\t\t<\/div>\n\t\t\t<div class=\"cards-slider-pagination\"><\/div>\n\t\t\t<\/div>\n<\/div>\n\n\n\t<div class=\"cta-block without-image\" >\n\t\t<div class=\"container\" data-sal=\"slide-up\" data-sal-delay=\"200\" data-sal-easing=\"ease-in-out\" data-sal-duration=\"300\">\n\t\t\t<div class=\"row justify-content-center\">\n\t\t\t\t<div class=\"col-md-8\">\n\t\t\t\t\t<div class=\"subtitle\">Karriere<\/div>\n\t\t\t\t\t<h4 class=\"title\">M\u00f6chten Sie bei Adent arbeiten?<\/h4>\n\t\t\t\t\t<p class=\"text\">Hier finden Sie alle unsere Stellenangebote, nach Berufen gegliedert.<br \/>\r\nSie k\u00f6nnen sich direkt online oder per E-Mail bewerben.<br \/>\r\nWir freuen uns auf Ihre Bewerbung.<\/p>\n\t\t\t\t\t\t\t\t\t\t\t<a href=\"https:\/\/adent.ch\/de\/berufsbereich\/unsere-offenen-stellen\/\"  class=\"primary-btn\">Unsere offenen Stellen<\/a>\n\t\t\t\t\t\t\t\t\t<\/div>\n\t\t\t<\/div>\n\t\t<\/div>\n\t<\/div>\n\n\n\n<div class=\"video-block \" >\n\t\t\t<div class=\"container\">\n\t\t\t<div class=\"video\">\n\t\t\t\t\t\t\t\t\t<div class=\"youtube-iframe\">\n\t\t\t\t\t\t<iframe width=\"560\" height=\"315\" src=\"https:\/\/www.youtube-nocookie.com\/embed\/MpiHrTnwYlc?si=R8MtVeLfWvq0dt4H&amp;controls=0\" title=\"YouTube video player\" frameborder=\"0\" allow=\"accelerometer; autoplay; clipboard-write; encrypted-media; gyroscope; picture-in-picture; web-share\" allowfullscreen><\/iframe>\t\t\t\t\t<\/div>\n\t\t\t\t\t\t\t\t\t\t\t\t\t<div class=\"legend\">Entdecken Sie den Beruf der Dentalhygienikerin<\/div>\n\t\t\t\t\t\t\t<\/div>\n\t\t<\/div>\n\t<\/div>","protected":false},"excerpt":{"rendered":"","protected":false},"author":2,"featured_media":3965,"parent":4407,"menu_order":4,"comment_status":"closed","ping_status":"closed","template":"","meta":{"_acf_changed":false,"footnotes":""},"class_list":["post-4413","page","type-page","status-publish","has-post-thumbnail","hentry"],"acf":{"display_banner":true,"banner_subtitle":"Unsere spezialisierten Berufe","banner_title":"Dentalhygieniker\/in","banner_title_color":"white","banner_details":"<p>Wenn Sie sich in der Ausbildung befinden, z\u00f6gern Sie nicht, uns zu kontaktieren. Adent bietet bereichernde Praktikumspl\u00e4tze an. Dank der Bandbreite der in der Klinik anwesenden Spezialisten werden Sie von reichen, vielf\u00e4ltigen und lehrreichen Erfahrungen f\u00fcr Ihre zuk\u00fcnftige Karriere profitieren.<\/p>\n","banner_bgd_type":"empty","banner_image":{"ID":943,"id":943,"title":"Background_Orange","filename":"background_orange.jpg","filesize":"10221","url":"https:\/\/adent.ch\/wp-content\/uploads\/2022\/03\/background_orange.jpg","link":"https:\/\/adent.ch\/de\/background_orange-2\/","alt":"","author":"2","description":"","caption":"","name":"background_orange-2","status":"inherit","uploaded_to":0,"date":"2022-03-08 14:38:48","modified":"2022-03-08 14:38:48","menu_order":0,"mime_type":"image\/jpeg","type":"image","subtype":"jpeg","icon":"https:\/\/adent.ch\/wp-includes\/images\/media\/default.png","width":800,"height":450,"sizes":{"thumbnail":"https:\/\/adent.ch\/wp-content\/uploads\/2022\/03\/background_orange-150x150.jpg","thumbnail-width":150,"thumbnail-height":150,"medium":"https:\/\/adent.ch\/wp-content\/uploads\/2022\/03\/background_orange-300x169.jpg","medium-width":300,"medium-height":169,"medium_large":"https:\/\/adent.ch\/wp-content\/uploads\/2022\/03\/background_orange-768x432.jpg","medium_large-width":768,"medium_large-height":432,"large":"https:\/\/adent.ch\/wp-content\/uploads\/2022\/03\/background_orange.jpg","large-width":800,"large-height":450,"1536x1536":"https:\/\/adent.ch\/wp-content\/uploads\/2022\/03\/background_orange.jpg","1536x1536-width":800,"1536x1536-height":450,"2048x2048":"https:\/\/adent.ch\/wp-content\/uploads\/2022\/03\/background_orange.jpg","2048x2048-width":800,"2048x2048-height":450,"gform-image-choice-sm":"https:\/\/adent.ch\/wp-content\/uploads\/2022\/03\/background_orange.jpg","gform-image-choice-sm-width":300,"gform-image-choice-sm-height":169,"gform-image-choice-md":"https:\/\/adent.ch\/wp-content\/uploads\/2022\/03\/background_orange.jpg","gform-image-choice-md-width":400,"gform-image-choice-md-height":225,"gform-image-choice-lg":"https:\/\/adent.ch\/wp-content\/uploads\/2022\/03\/background_orange.jpg","gform-image-choice-lg-width":600,"gform-image-choice-lg-height":338}},"banner_shapes_type":"main_a","banner_buttons":false,"short_description":"Wenn Sie sich in der Ausbildung befinden, z\u00f6gern Sie nicht, uns zu kontaktieren. Adent bietet bereichernde Praktikumspl\u00e4tze an.","display_shapes":false},"yoast_head":"<!-- This site is optimized with the Yoast SEO plugin v26.3 - https:\/\/yoast.com\/wordpress\/plugins\/seo\/ -->\n<title>Dentalhygieniker\/in | Adent Zahnarztzentrum<\/title>\n<meta name=\"robots\" content=\"index, follow, max-snippet:-1, max-image-preview:large, max-video-preview:-1\" \/>\n<link rel=\"canonical\" href=\"https:\/\/adent.ch\/de\/berufsbereich\/unsere-spezialisierten-berufe\/dentalhygieniker-in\/\" \/>\n<meta property=\"og:locale\" content=\"de_DE\" \/>\n<meta property=\"og:type\" content=\"article\" \/>\n<meta property=\"og:title\" content=\"Dentalhygieniker\/in | Adent Zahnarztzentrum\" \/>\n<meta property=\"og:url\" content=\"https:\/\/adent.ch\/de\/berufsbereich\/unsere-spezialisierten-berufe\/dentalhygieniker-in\/\" \/>\n<meta property=\"og:site_name\" content=\"Adent Zahnarztzentrum\" \/>\n<meta property=\"article:publisher\" content=\"https:\/\/www.facebook.com\/adentcliniquesdentaires\/\" \/>\n<meta property=\"article:modified_time\" content=\"2025-09-24T08:40:17+00:00\" \/>\n<meta property=\"og:image\" content=\"https:\/\/adent.ch\/wp-content\/uploads\/2022\/06\/adent_-_aubonne-_mai_2022_igor_laski_web_hd_srvb-55-e1655906561939.jpg\" \/>\n\t<meta property=\"og:image:width\" content=\"720\" \/>\n\t<meta property=\"og:image:height\" content=\"861\" \/>\n\t<meta property=\"og:image:type\" content=\"image\/jpeg\" \/>\n<meta name=\"twitter:card\" content=\"summary_large_image\" \/>\n<meta name=\"twitter:label1\" content=\"Gesch\u00e4tzte Lesezeit\" \/>\n\t<meta name=\"twitter:data1\" content=\"1\u00a0Minute\" \/>\n<script type=\"application\/ld+json\" class=\"yoast-schema-graph\">{\"@context\":\"https:\/\/schema.org\",\"@graph\":[{\"@type\":\"WebPage\",\"@id\":\"https:\/\/adent.ch\/de\/berufsbereich\/unsere-spezialisierten-berufe\/dentalhygieniker-in\/\",\"url\":\"https:\/\/adent.ch\/de\/berufsbereich\/unsere-spezialisierten-berufe\/dentalhygieniker-in\/\",\"name\":\"Dentalhygieniker\/in | Adent Zahnarztzentrum\",\"isPartOf\":{\"@id\":\"https:\/\/adent.ch\/de\/#website\"},\"primaryImageOfPage\":{\"@id\":\"https:\/\/adent.ch\/de\/berufsbereich\/unsere-spezialisierten-berufe\/dentalhygieniker-in\/#primaryimage\"},\"image\":{\"@id\":\"https:\/\/adent.ch\/de\/berufsbereich\/unsere-spezialisierten-berufe\/dentalhygieniker-in\/#primaryimage\"},\"thumbnailUrl\":\"https:\/\/adent.ch\/wp-content\/uploads\/2022\/06\/adent_-_aubonne-_mai_2022_igor_laski_web_hd_srvb-55-e1655906561939.jpg\",\"datePublished\":\"2022-04-28T09:55:55+00:00\",\"dateModified\":\"2025-09-24T08:40:17+00:00\",\"breadcrumb\":{\"@id\":\"https:\/\/adent.ch\/de\/berufsbereich\/unsere-spezialisierten-berufe\/dentalhygieniker-in\/#breadcrumb\"},\"inLanguage\":\"de-CH\",\"potentialAction\":[{\"@type\":\"ReadAction\",\"target\":[\"https:\/\/adent.ch\/de\/berufsbereich\/unsere-spezialisierten-berufe\/dentalhygieniker-in\/\"]}]},{\"@type\":\"ImageObject\",\"inLanguage\":\"de-CH\",\"@id\":\"https:\/\/adent.ch\/de\/berufsbereich\/unsere-spezialisierten-berufe\/dentalhygieniker-in\/#primaryimage\",\"url\":\"https:\/\/adent.ch\/wp-content\/uploads\/2022\/06\/adent_-_aubonne-_mai_2022_igor_laski_web_hd_srvb-55-e1655906561939.jpg\",\"contentUrl\":\"https:\/\/adent.ch\/wp-content\/uploads\/2022\/06\/adent_-_aubonne-_mai_2022_igor_laski_web_hd_srvb-55-e1655906561939.jpg\",\"width\":720,\"height\":861},{\"@type\":\"BreadcrumbList\",\"@id\":\"https:\/\/adent.ch\/de\/berufsbereich\/unsere-spezialisierten-berufe\/dentalhygieniker-in\/#breadcrumb\",\"itemListElement\":[{\"@type\":\"ListItem\",\"position\":1,\"name\":\"Home\",\"item\":\"https:\/\/adent.ch\/de\/\"},{\"@type\":\"ListItem\",\"position\":2,\"name\":\"Berufsbereich\",\"item\":\"https:\/\/adent.ch\/de\/berufsbereich\/\"},{\"@type\":\"ListItem\",\"position\":3,\"name\":\"Unsere spezialisierten Berufe\",\"item\":\"https:\/\/adent.ch\/de\/berufsbereich\/unsere-spezialisierten-berufe\/\"},{\"@type\":\"ListItem\",\"position\":4,\"name\":\"Dentalhygieniker\/in\"}]},{\"@type\":\"WebSite\",\"@id\":\"https:\/\/adent.ch\/de\/#website\",\"url\":\"https:\/\/adent.ch\/de\/\",\"name\":\"Adent Zahnarztzentrum\",\"description\":\"\",\"publisher\":{\"@id\":\"https:\/\/adent.ch\/de\/#organization\"},\"potentialAction\":[{\"@type\":\"SearchAction\",\"target\":{\"@type\":\"EntryPoint\",\"urlTemplate\":\"https:\/\/adent.ch\/de\/?s={search_term_string}\"},\"query-input\":{\"@type\":\"PropertyValueSpecification\",\"valueRequired\":true,\"valueName\":\"search_term_string\"}}],\"inLanguage\":\"de-CH\"},{\"@type\":\"Organization\",\"@id\":\"https:\/\/adent.ch\/de\/#organization\",\"name\":\"Adent Cliniques Dentaires\",\"url\":\"https:\/\/adent.ch\/de\/\",\"logo\":{\"@type\":\"ImageObject\",\"inLanguage\":\"de-CH\",\"@id\":\"https:\/\/adent.ch\/de\/#\/schema\/logo\/image\/\",\"url\":\"https:\/\/adent.ch\/wp-content\/uploads\/2022\/09\/adent-habefast-logo-2018-fr-05032019-rvb-scaled.jpg\",\"contentUrl\":\"https:\/\/adent.ch\/wp-content\/uploads\/2022\/09\/adent-habefast-logo-2018-fr-05032019-rvb-scaled.jpg\",\"width\":2880,\"height\":750,\"caption\":\"Adent Cliniques Dentaires\"},\"image\":{\"@id\":\"https:\/\/adent.ch\/de\/#\/schema\/logo\/image\/\"},\"sameAs\":[\"https:\/\/www.facebook.com\/adentcliniquesdentaires\/\",\"https:\/\/www.instagram.com\/adent.ch\/\",\"https:\/\/www.youtube.com\/channel\/UCPd5UjY-ipuq3MhW6m0W-wg\",\"https:\/\/www.linkedin.com\/company\/adent-cliniques-dentaires\/?originalSubdomain=ch\"]}]}<\/script>\n<!-- \/ Yoast SEO plugin. -->","yoast_head_json":{"title":"Dentalhygieniker\/in | Adent Zahnarztzentrum","robots":{"index":"index","follow":"follow","max-snippet":"max-snippet:-1","max-image-preview":"max-image-preview:large","max-video-preview":"max-video-preview:-1"},"canonical":"https:\/\/adent.ch\/de\/berufsbereich\/unsere-spezialisierten-berufe\/dentalhygieniker-in\/","og_locale":"de_DE","og_type":"article","og_title":"Dentalhygieniker\/in | Adent Zahnarztzentrum","og_url":"https:\/\/adent.ch\/de\/berufsbereich\/unsere-spezialisierten-berufe\/dentalhygieniker-in\/","og_site_name":"Adent Zahnarztzentrum","article_publisher":"https:\/\/www.facebook.com\/adentcliniquesdentaires\/","article_modified_time":"2025-09-24T08:40:17+00:00","og_image":[{"width":720,"height":861,"url":"https:\/\/adent.ch\/wp-content\/uploads\/2022\/06\/adent_-_aubonne-_mai_2022_igor_laski_web_hd_srvb-55-e1655906561939.jpg","type":"image\/jpeg"}],"twitter_card":"summary_large_image","twitter_misc":{"Gesch\u00e4tzte Lesezeit":"1\u00a0Minute"},"schema":{"@context":"https:\/\/schema.org","@graph":[{"@type":"WebPage","@id":"https:\/\/adent.ch\/de\/berufsbereich\/unsere-spezialisierten-berufe\/dentalhygieniker-in\/","url":"https:\/\/adent.ch\/de\/berufsbereich\/unsere-spezialisierten-berufe\/dentalhygieniker-in\/","name":"Dentalhygieniker\/in | Adent Zahnarztzentrum","isPartOf":{"@id":"https:\/\/adent.ch\/de\/#website"},"primaryImageOfPage":{"@id":"https:\/\/adent.ch\/de\/berufsbereich\/unsere-spezialisierten-berufe\/dentalhygieniker-in\/#primaryimage"},"image":{"@id":"https:\/\/adent.ch\/de\/berufsbereich\/unsere-spezialisierten-berufe\/dentalhygieniker-in\/#primaryimage"},"thumbnailUrl":"https:\/\/adent.ch\/wp-content\/uploads\/2022\/06\/adent_-_aubonne-_mai_2022_igor_laski_web_hd_srvb-55-e1655906561939.jpg","datePublished":"2022-04-28T09:55:55+00:00","dateModified":"2025-09-24T08:40:17+00:00","breadcrumb":{"@id":"https:\/\/adent.ch\/de\/berufsbereich\/unsere-spezialisierten-berufe\/dentalhygieniker-in\/#breadcrumb"},"inLanguage":"de-CH","potentialAction":[{"@type":"ReadAction","target":["https:\/\/adent.ch\/de\/berufsbereich\/unsere-spezialisierten-berufe\/dentalhygieniker-in\/"]}]},{"@type":"ImageObject","inLanguage":"de-CH","@id":"https:\/\/adent.ch\/de\/berufsbereich\/unsere-spezialisierten-berufe\/dentalhygieniker-in\/#primaryimage","url":"https:\/\/adent.ch\/wp-content\/uploads\/2022\/06\/adent_-_aubonne-_mai_2022_igor_laski_web_hd_srvb-55-e1655906561939.jpg","contentUrl":"https:\/\/adent.ch\/wp-content\/uploads\/2022\/06\/adent_-_aubonne-_mai_2022_igor_laski_web_hd_srvb-55-e1655906561939.jpg","width":720,"height":861},{"@type":"BreadcrumbList","@id":"https:\/\/adent.ch\/de\/berufsbereich\/unsere-spezialisierten-berufe\/dentalhygieniker-in\/#breadcrumb","itemListElement":[{"@type":"ListItem","position":1,"name":"Home","item":"https:\/\/adent.ch\/de\/"},{"@type":"ListItem","position":2,"name":"Berufsbereich","item":"https:\/\/adent.ch\/de\/berufsbereich\/"},{"@type":"ListItem","position":3,"name":"Unsere spezialisierten Berufe","item":"https:\/\/adent.ch\/de\/berufsbereich\/unsere-spezialisierten-berufe\/"},{"@type":"ListItem","position":4,"name":"Dentalhygieniker\/in"}]},{"@type":"WebSite","@id":"https:\/\/adent.ch\/de\/#website","url":"https:\/\/adent.ch\/de\/","name":"Adent Zahnarztzentrum","description":"","publisher":{"@id":"https:\/\/adent.ch\/de\/#organization"},"potentialAction":[{"@type":"SearchAction","target":{"@type":"EntryPoint","urlTemplate":"https:\/\/adent.ch\/de\/?s={search_term_string}"},"query-input":{"@type":"PropertyValueSpecification","valueRequired":true,"valueName":"search_term_string"}}],"inLanguage":"de-CH"},{"@type":"Organization","@id":"https:\/\/adent.ch\/de\/#organization","name":"Adent Cliniques Dentaires","url":"https:\/\/adent.ch\/de\/","logo":{"@type":"ImageObject","inLanguage":"de-CH","@id":"https:\/\/adent.ch\/de\/#\/schema\/logo\/image\/","url":"https:\/\/adent.ch\/wp-content\/uploads\/2022\/09\/adent-habefast-logo-2018-fr-05032019-rvb-scaled.jpg","contentUrl":"https:\/\/adent.ch\/wp-content\/uploads\/2022\/09\/adent-habefast-logo-2018-fr-05032019-rvb-scaled.jpg","width":2880,"height":750,"caption":"Adent Cliniques Dentaires"},"image":{"@id":"https:\/\/adent.ch\/de\/#\/schema\/logo\/image\/"},"sameAs":["https:\/\/www.facebook.com\/adentcliniquesdentaires\/","https:\/\/www.instagram.com\/adent.ch\/","https:\/\/www.youtube.com\/channel\/UCPd5UjY-ipuq3MhW6m0W-wg","https:\/\/www.linkedin.com\/company\/adent-cliniques-dentaires\/?originalSubdomain=ch"]}]}},"_links":{"self":[{"href":"https:\/\/adent.ch\/de\/wp-json\/wp\/v2\/pages\/4413","targetHints":{"allow":["GET"]}}],"collection":[{"href":"https:\/\/adent.ch\/de\/wp-json\/wp\/v2\/pages"}],"about":[{"href":"https:\/\/adent.ch\/de\/wp-json\/wp\/v2\/types\/page"}],"author":[{"embeddable":true,"href":"https:\/\/adent.ch\/de\/wp-json\/wp\/v2\/users\/2"}],"replies":[{"embeddable":true,"href":"https:\/\/adent.ch\/de\/wp-json\/wp\/v2\/comments?post=4413"}],"version-history":[{"count":5,"href":"https:\/\/adent.ch\/de\/wp-json\/wp\/v2\/pages\/4413\/revisions"}],"predecessor-version":[{"id":16047,"href":"https:\/\/adent.ch\/de\/wp-json\/wp\/v2\/pages\/4413\/revisions\/16047"}],"up":[{"embeddable":true,"href":"https:\/\/adent.ch\/de\/wp-json\/wp\/v2\/pages\/4407"}],"wp:featuredmedia":[{"embeddable":true,"href":"https:\/\/adent.ch\/de\/wp-json\/wp\/v2\/media\/3965"}],"wp:attachment":[{"href":"https:\/\/adent.ch\/de\/wp-json\/wp\/v2\/media?parent=4413"}],"curies":[{"name":"wp","href":"https:\/\/api.w.org\/{rel}","templated":true}]}}