{"id":4425,"date":"2022-04-28T11:50:13","date_gmt":"2022-04-28T09:50:13","guid":{"rendered":"https:\/\/adent.ch\/professionnels\/nos-formations-internes\/"},"modified":"2024-05-06T14:58:59","modified_gmt":"2024-05-06T12:58:59","slug":"unsere-internen-schulungen","status":"publish","type":"page","link":"https:\/\/adent.ch\/de\/berufsbereich\/unsere-internen-schulungen\/","title":{"rendered":"Unsere internen Schulungen"},"content":{"rendered":"<div class=\"two-column-block\" >\n\t<div class=\"container\">\n\t\t\t\t\t<h3 class=\"title\" data-sal=\"slide-up\" data-sal-delay=\"200\" data-sal-easing=\"ease-in-out\" data-sal-duration=\"300\">Kontinuierliche Weiterbildung f\u00fcr die Entwicklung unserer Mitarbeiter\/ Mitarbeiterinnen<\/h3>\n\t\t\t\t\t\t\t<div class=\"row justify-content-between\" data-sal=\"slide-up\" data-sal-delay=\"200\" data-sal-easing=\"ease-in-out\" data-sal-duration=\"300\">\n\t\t\t\t\t\t\t\t\t\t\t\t\t\t\t<div class=\"col-md-6\">\n\t\t\t\t\t\t\t<div class=\"text-lg\">\n\t\t\t\t\t\t\t\t<p>Die Ausbildungspolitik ist ein wichtiger Pfeiler der Strategie und der Werte der Adent Group. Die langfristige Entwicklung unserer Mitarbeiter\/ Mitarbeiterinnen und die Erhaltung ihrer Besch\u00e4ftigungsf\u00e4higkeit stehen im Mittelpunkt unserer Politik.<\/p>\n\t\t\t\t\t\t\t<\/div>\n\t\t\t\t\t\t\t\t\t\t\t\t\t\t\t\t\t\t\t\t\t\t\t\t\t\t\t<\/div>\n\t\t\t\t\t\t\t\t\t\t\t\t\t\t\t\t\t\t\t\t<div class=\"col-md-6\">\n\t\t\t\t\t\t\t<div class=\"text-lg\">\n\t\t\t\t\t\t\t\t<p>Kontinuierliche Weiterbildung bringt viele Vorteile im Hinblick auf die Entwicklung von F\u00e4higkeiten, die Vervollkommnung von Fertigkeiten, die Unterst\u00fctzung von Ver\u00e4nderungen, die Schaffung einer gemeinsamen Kultur und folglich die Verbesserung der Qualit\u00e4t unseres Unternehmens.<\/p>\n\t\t\t\t\t\t\t<\/div>\n\t\t\t\t\t\t\t\t\t\t\t\t\t\t\t\t\t\t\t\t\t\t\t\t\t\t\t<\/div>\n\t\t\t\t\t\t\t\t\t\t\t\t<\/div>\n\t\t\t<\/div>\n<\/div>\n\n\n<div class=\"tab-blocks\" >\n\t<div class=\"tab-blocks__item\">\n\t\t\t\t\t<div class=\"tab\">\n\t\t\t\t<div class=\"tab__trigger\" data-sal=\"slide-up\" data-sal-delay=\"200\" data-sal-easing=\"ease-in-out\" data-sal-duration=\"300\">\n\t\t\t\t\t<div class=\"tab__name\">\n\t\t\t\t\t\t<div class=\"container\">\n\t\t\t\t\t\t\t<div class=\"h3\">Adent Academy<\/div>\n\t\t\t\t\t\t<\/div>\n\t\t\t\t\t<\/div>\n\t\t\t\t<\/div>\n\t\t\t\t<div class=\"tab__content\">\n\t\t\t\t\t<div class=\"two-column-block\" >\n\t<div class=\"container\">\n\t\t\t\t\t<h3 class=\"title\" data-sal=\"slide-up\" data-sal-delay=\"200\" data-sal-easing=\"ease-in-out\" data-sal-duration=\"300\">Adent Academy<\/h3>\n\t\t\t\t\t\t\t<div class=\"row justify-content-between\" data-sal=\"slide-up\" data-sal-delay=\"200\" data-sal-easing=\"ease-in-out\" data-sal-duration=\"300\">\n\t\t\t\t\t\t\t\t\t\t\t\t\t\t\t<div class=\"col-md-6\">\n\t\t\t\t\t\t\t<div class=\"text-lg\">\n\t\t\t\t\t\t\t\t<h4>Aktualisieren Sie Ihr Wissen &amp; entwickeln Sie Ihre F\u00e4higkeiten<\/h4>\n<p>Unsere Zahnklinikgruppe fordert von ihren Zahn\u00e4rzten und Mitarbeitern das Beste, aber sie begleitet und unterst\u00fctzt sie auch durch gezielte Aus- und Weiterbildungsmassnahmen.<\/p>\n<p>Eine der wichtigsten St\u00e4rken von Adent ist es, die fachlichen und methodischen Kompetenzen aller Mitarbeiterinnen und Mitarbeiter auf einem hohen Niveau zu halten. \u00dcber die Adent Academy profitieren unsere Mitarbeitenden von internen Schulungen, die von unserem Ausbildungsleiter perfekt organisiert werden.<\/p>\n\t\t\t\t\t\t\t<\/div>\n\t\t\t\t\t\t\t\t\t\t\t\t\t\t\t\t\t\t\t\t\t\t\t\t\t\t\t<\/div>\n\t\t\t\t\t\t\t\t\t\t\t\t\t\t\t\t\t\t\t\t<div class=\"col-md-6\">\n\t\t\t\t\t\t\t<div class=\"text-lg\">\n\t\t\t\t\t\t\t\t<p>Regelm\u00e4ssig werden Schulungen f\u00fcr alle unsere Zahn\u00e4rzte und Dentalhygienikerinnen von den qualifiziertesten Ausbildern, Referenten und Fachleuten durchgef\u00fchrt.<\/p>\n<p>Alle Anfragen unserer Mitarbeiter\/innen nach externen Schulungen werden ber\u00fccksichtigt, um den unterschiedlichen Bed\u00fcrfnissen gerecht zu werden. Adent setzt sich t\u00e4glich daf\u00fcr ein, dass die Qualit\u00e4t der Behandlung den neuesten Entwicklungen und Trends in der Branche entspricht.<\/p>\n\t\t\t\t\t\t\t<\/div>\n\t\t\t\t\t\t\t\t\t\t\t\t\t\t\t\t\t\t\t\t\t\t\t\t\t\t\t<\/div>\n\t\t\t\t\t\t\t\t\t\t\t\t<\/div>\n\t\t\t<\/div>\n<\/div>\n\n\n<div class=\"video-block \" >\n\t\t\t<div class=\"container\">\n\t\t\t<div class=\"video\">\n\t\t\t\t\t\t\t\t\t<div class=\"youtube-iframe\">\n\t\t\t\t\t\t<iframe width=\"560\" height=\"315\" src=\"https:\/\/www.youtube-nocookie.com\/embed\/jDjjKaj80YA?si=Ev1hx9EF8e6wRV-F&amp;controls=0\" title=\"YouTube video player\" frameborder=\"0\" allow=\"accelerometer; autoplay; clipboard-write; encrypted-media; gyroscope; picture-in-picture; web-share\" allowfullscreen><\/iframe>\t\t\t\t\t<\/div>\n\t\t\t\t\t\t\t\t\t\t\t\t\t<div class=\"legend\">Adent Akademie | Ausbildung von Dr. David Gerdolle<\/div>\n\t\t\t\t\t\t\t<\/div>\n\t\t<\/div>\n\t<\/div>\n\n\n<p><\/p>\n\t\t\t\t<\/div>\n\t\t\t<\/div>\n\t\t\t\t\t<div class=\"tab\">\n\t\t\t\t<div class=\"tab__trigger\" data-sal=\"slide-up\" data-sal-delay=\"200\" data-sal-easing=\"ease-in-out\" data-sal-duration=\"300\">\n\t\t\t\t\t<div class=\"tab__name\">\n\t\t\t\t\t\t<div class=\"container\">\n\t\t\t\t\t\t\t<div class=\"h3\">Adent Study Club<\/div>\n\t\t\t\t\t\t<\/div>\n\t\t\t\t\t<\/div>\n\t\t\t\t<\/div>\n\t\t\t\t<div class=\"tab__content\">\n\t\t\t\t\t<div class=\"two-column-block\" >\n\t<div class=\"container\">\n\t\t\t\t\t<h3 class=\"title\" data-sal=\"slide-up\" data-sal-delay=\"200\" data-sal-easing=\"ease-in-out\" data-sal-duration=\"300\">Adent Study Club<\/h3>\n\t\t\t\t\t\t\t<div class=\"row justify-content-between\" data-sal=\"slide-up\" data-sal-delay=\"200\" data-sal-easing=\"ease-in-out\" data-sal-duration=\"300\">\n\t\t\t\t\t\t\t\t\t\t\t\t\t\t\t<div class=\"col-md-6\">\n\t\t\t\t\t\t\t<div class=\"text-lg\">\n\t\t\t\t\t\t\t\t<p>Der Adent Study Club bietet unseren Zahn\u00e4rzten, Dentalhygienikern und Zahnarzthelferinnen eine freundliche und interaktive Umgebung, in der sie sich \u00fcber relevante und aktuelle Themen austauschen k\u00f6nnen.<\/p>\n\t\t\t\t\t\t\t<\/div>\n\t\t\t\t\t\t\t\t\t\t\t\t\t\t\t\t\t\t\t\t\t\t\t\t\t\t\t<\/div>\n\t\t\t\t\t\t\t\t\t\t\t\t\t\t\t\t\t\t\t\t<div class=\"col-md-6\">\n\t\t\t\t\t\t\t<div class=\"text-lg\">\n\t\t\t\t\t\t\t\t<p>Unser Study Clud ist eine hervorragende M\u00f6glichkeit, sich \u00fcber die neuesten Innovationen auf dem Laufenden zu halten, klinische F\u00e4lle zu diskutieren, die eigenen F\u00e4higkeiten weiterzuentwickeln und Erfahrungen auszutauschen, indem man eine besondere Zeit unter Praktikern verbringt, die alle das gleiche Ziel verfolgen:<\/p>\n<blockquote><p>die hervorragende Versorgung unserer Patienten.<\/p><\/blockquote>\n\t\t\t\t\t\t\t<\/div>\n\t\t\t\t\t\t\t\t\t\t\t\t\t\t\t\t\t\t\t\t\t\t\t\t\t\t\t<\/div>\n\t\t\t\t\t\t\t\t\t\t\t\t<\/div>\n\t\t\t<\/div>\n<\/div>\t\t\t\t<\/div>\n\t\t\t<\/div>\n\t\t\t<\/div>\n<\/div>\n\n<div class=\"highlight-image-block\" data-id=\"highlight-image-6\" id=\"highlight-image-6\">\n\t<div class=\"container\">\n\t\t\t\t\t<div class=\"h2 title\" data-sal=\"slide-up\" data-sal-delay=\"200\" data-sal-easing=\"ease-in-out\" data-sal-duration=\"300\">Unsere Partner<\/div>\n\t\t\t\t\t\t\t<div class=\"cards-slider\">\n\t\t\t\t<div class=\"swiper slider\" data-sal=\"slide-up\" data-sal-delay=\"200\" data-sal-easing=\"ease-in-out\" data-sal-duration=\"300\">\n\t\t\t\t\t<div class=\"swiper-wrapper\">\n\t\t\t\t\t\t\t\t\t\t\t\t\t<div class=\"swiper-slide\">\n\t\t\t\t\t\t\t\t<div class=\"card\">\n\t\t\t\t\t\t\t\t\t<div class=\"card__caption\">\n\t\t\t\t\t\t\t\t\t\t<div class=\"card__title\"><\/div>\n\t\t\t\t\t\t\t\t\t<\/div>\n\t\t\t\t\t\t\t\t\t\t\t\t\t\t\t\t\t\t<div class=\"card__pic\">\n\t\t\t\t\t\t\t\t\t\t\t\t\t\t\t\t\t\t\t<\/div>\n\t\t\t\t\t\t\t\t\t\t\t\t\t\t\t\t\t\t\t<div class=\"card__footer\">\n\t\t\t\t\t\t\t\t\t\t\t<a href=\"https:\/\/karrdental.ch\/\" target=\"blank\" class=\"primary-btn\">Karr Dental<\/a>\n\t\t\t\t\t\t\t\t\t\t<\/div>\n\t\t\t\t\t\t\t\t\t\t\t\t\t\t\t\t\t<\/div>\n\t\t\t\t\t\t\t\t\t\t\t\t\t\t\t<\/div>\n\t\t\t\t\t\t\t\t\t\t\t\t\t<div class=\"swiper-slide\">\n\t\t\t\t\t\t\t\t<div class=\"card\">\n\t\t\t\t\t\t\t\t\t<div class=\"card__caption\">\n\t\t\t\t\t\t\t\t\t\t<div class=\"card__title\"><\/div>\n\t\t\t\t\t\t\t\t\t<\/div>\n\t\t\t\t\t\t\t\t\t\t\t\t\t\t\t\t\t\t<div class=\"card__pic\">\n\t\t\t\t\t\t\t\t\t\t\t\t\t\t\t\t\t\t\t<\/div>\n\t\t\t\t\t\t\t\t\t\t\t\t\t\t\t\t\t\t\t<div class=\"card__footer\">\n\t\t\t\t\t\t\t\t\t\t\t<a href=\"https:\/\/www.gsk.com\/en-gb\/contact-us\/worldwide\/switzerland\/de-ch\/\" target=\"blank\" class=\"primary-btn\">GSK<\/a>\n\t\t\t\t\t\t\t\t\t\t<\/div>\n\t\t\t\t\t\t\t\t\t\t\t\t\t\t\t\t\t<\/div>\n\t\t\t\t\t\t\t\t\t\t\t\t\t\t\t<\/div>\n\t\t\t\t\t\t\t\t\t\t\t\t\t<div class=\"swiper-slide\">\n\t\t\t\t\t\t\t\t<div class=\"card\">\n\t\t\t\t\t\t\t\t\t<div class=\"card__caption\">\n\t\t\t\t\t\t\t\t\t\t<div class=\"card__title\"><\/div>\n\t\t\t\t\t\t\t\t\t<\/div>\n\t\t\t\t\t\t\t\t\t\t\t\t\t\t\t\t\t\t<div class=\"card__pic\">\n\t\t\t\t\t\t\t\t\t\t\t\t\t\t\t\t\t\t\t<\/div>\n\t\t\t\t\t\t\t\t\t\t\t\t\t\t\t\t\t\t\t<div class=\"card__footer\">\n\t\t\t\t\t\t\t\t\t\t\t<a href=\"https:\/\/www.dctechnique.ch\/\" target=\"blank\" class=\"primary-btn\">DC Technique<\/a>\n\t\t\t\t\t\t\t\t\t\t<\/div>\n\t\t\t\t\t\t\t\t\t\t\t\t\t\t\t\t\t<\/div>\n\t\t\t\t\t\t\t\t\t\t\t\t\t\t\t<\/div>\n\t\t\t\t\t\t\t\t\t\t\t\t\t<div class=\"swiper-slide\">\n\t\t\t\t\t\t\t\t<div class=\"card\">\n\t\t\t\t\t\t\t\t\t<div class=\"card__caption\">\n\t\t\t\t\t\t\t\t\t\t<div class=\"card__title\"><\/div>\n\t\t\t\t\t\t\t\t\t<\/div>\n\t\t\t\t\t\t\t\t\t\t\t\t\t\t\t\t\t\t<div class=\"card__pic\">\n\t\t\t\t\t\t\t\t\t\t\t\t\t\t\t\t\t\t\t<\/div>\n\t\t\t\t\t\t\t\t\t\t\t\t\t\t\t\t\t\t\t<div class=\"card__footer\">\n\t\t\t\t\t\t\t\t\t\t\t<a href=\"https:\/\/bti-biotechnologyinstitute.com\/\"  class=\"primary-btn\">BTI Biotechnology Institute<\/a>\n\t\t\t\t\t\t\t\t\t\t<\/div>\n\t\t\t\t\t\t\t\t\t\t\t\t\t\t\t\t\t<\/div>\n\t\t\t\t\t\t\t\t\t\t\t\t\t\t\t<\/div>\n\t\t\t\t\t\t\t\t\t\t\t\t\t<div class=\"swiper-slide\">\n\t\t\t\t\t\t\t\t<div class=\"card\">\n\t\t\t\t\t\t\t\t\t<div class=\"card__caption\">\n\t\t\t\t\t\t\t\t\t\t<div class=\"card__title\"><\/div>\n\t\t\t\t\t\t\t\t\t<\/div>\n\t\t\t\t\t\t\t\t\t\t\t\t\t\t\t\t\t\t<div class=\"card__pic\">\n\t\t\t\t\t\t\t\t\t\t\t\t\t\t\t\t\t\t\t<\/div>\n\t\t\t\t\t\t\t\t\t\t\t\t\t\t\t\t\t\t\t<div class=\"card__footer\">\n\t\t\t\t\t\t\t\t\t\t\t<a href=\"https:\/\/www.blancone.eu\/\" target=\"blank\" class=\"primary-btn\">BlancOne<\/a>\n\t\t\t\t\t\t\t\t\t\t<\/div>\n\t\t\t\t\t\t\t\t\t\t\t\t\t\t\t\t\t<\/div>\n\t\t\t\t\t\t\t\t\t\t\t\t\t\t\t<\/div>\n\t\t\t\t\t\t\t\t\t\t\t\t\t<div class=\"swiper-slide\">\n\t\t\t\t\t\t\t\t<div class=\"card\">\n\t\t\t\t\t\t\t\t\t<div class=\"card__caption\">\n\t\t\t\t\t\t\t\t\t\t<div class=\"card__title\"><\/div>\n\t\t\t\t\t\t\t\t\t<\/div>\n\t\t\t\t\t\t\t\t\t\t\t\t\t\t\t\t\t\t<div class=\"card__pic\">\n\t\t\t\t\t\t\t\t\t\t\t\t\t\t\t\t\t\t\t<\/div>\n\t\t\t\t\t\t\t\t\t\t\t\t\t\t\t\t\t\t\t<div class=\"card__footer\">\n\t\t\t\t\t\t\t\t\t\t\t<a href=\"https:\/\/www.philips.ch\/c-m-pe\/elektrische-zahnbuersten\" target=\"blank\" class=\"primary-btn\">Philips Sonicare<\/a>\n\t\t\t\t\t\t\t\t\t\t<\/div>\n\t\t\t\t\t\t\t\t\t\t\t\t\t\t\t\t\t<\/div>\n\t\t\t\t\t\t\t\t\t\t\t\t\t\t\t<\/div>\n\t\t\t\t\t\t\t\t\t\t\t\t\t<div class=\"swiper-slide\">\n\t\t\t\t\t\t\t\t<div class=\"card\">\n\t\t\t\t\t\t\t\t\t<div class=\"card__caption\">\n\t\t\t\t\t\t\t\t\t\t<div class=\"card__title\"><\/div>\n\t\t\t\t\t\t\t\t\t<\/div>\n\t\t\t\t\t\t\t\t\t\t\t\t\t\t\t\t\t\t<div class=\"card__pic\">\n\t\t\t\t\t\t\t\t\t\t\t\t\t\t\t\t\t\t\t<\/div>\n\t\t\t\t\t\t\t\t\t\t\t\t\t\t\t\t\t\t\t<div class=\"card__footer\">\n\t\t\t\t\t\t\t\t\t\t\t<a href=\"https:\/\/www.ems-dental.com\/\" target=\"blank\" class=\"primary-btn\">EMS Dental<\/a>\n\t\t\t\t\t\t\t\t\t\t<\/div>\n\t\t\t\t\t\t\t\t\t\t\t\t\t\t\t\t\t<\/div>\n\t\t\t\t\t\t\t\t\t\t\t\t\t\t\t<\/div>\n\t\t\t\t\t\t\t\t\t\t\t\t\t<div class=\"swiper-slide\">\n\t\t\t\t\t\t\t\t<div class=\"card\">\n\t\t\t\t\t\t\t\t\t<div class=\"card__caption\">\n\t\t\t\t\t\t\t\t\t\t<div class=\"card__title\"><\/div>\n\t\t\t\t\t\t\t\t\t<\/div>\n\t\t\t\t\t\t\t\t\t\t\t\t\t\t\t\t\t\t<div class=\"card__pic\">\n\t\t\t\t\t\t\t\t\t\t\t\t\t\t\t\t\t\t\t<\/div>\n\t\t\t\t\t\t\t\t\t\t\t\t\t\t\t\t\t\t\t<div class=\"card__footer\">\n\t\t\t\t\t\t\t\t\t\t\t<a href=\"https:\/\/www.condordental.ch\/\" target=\"blank\" class=\"primary-btn\">Condor Dental<\/a>\n\t\t\t\t\t\t\t\t\t\t<\/div>\n\t\t\t\t\t\t\t\t\t\t\t\t\t\t\t\t\t<\/div>\n\t\t\t\t\t\t\t\t\t\t\t\t\t\t\t<\/div>\n\t\t\t\t\t\t\t\t\t\t\t\t\t<div class=\"swiper-slide\">\n\t\t\t\t\t\t\t\t<div class=\"card\">\n\t\t\t\t\t\t\t\t\t<div class=\"card__caption\">\n\t\t\t\t\t\t\t\t\t\t<div class=\"card__title\"><\/div>\n\t\t\t\t\t\t\t\t\t<\/div>\n\t\t\t\t\t\t\t\t\t\t\t\t\t\t\t\t\t\t<div class=\"card__pic\">\n\t\t\t\t\t\t\t\t\t\t\t\t\t\t\t\t\t\t\t<\/div>\n\t\t\t\t\t\t\t\t\t\t\t\t\t\t\t\t\t\t\t<div class=\"card__footer\">\n\t\t\t\t\t\t\t\t\t\t\t<a href=\"https:\/\/dental.bienair.com\/de_ch\/\" target=\"blank\" class=\"primary-btn\">Bien Air Dental<\/a>\n\t\t\t\t\t\t\t\t\t\t<\/div>\n\t\t\t\t\t\t\t\t\t\t\t\t\t\t\t\t\t<\/div>\n\t\t\t\t\t\t\t\t\t\t\t\t\t\t\t<\/div>\n\t\t\t\t\t\t\t\t\t\t\t<\/div>\n\t\t\t\t<\/div>\n\t\t\t\t<div class=\"swiper-button-prev\"><\/div>\n\t\t\t\t<div class=\"swiper-button-next\"><\/div>\n\t\t\t<\/div>\n\t\t\t<div class=\"cards-slider-pagination\"><\/div>\n\t\t\t<\/div>\n<\/div>","protected":false},"excerpt":{"rendered":"","protected":false},"author":2,"featured_media":4926,"parent":4405,"menu_order":1,"comment_status":"closed","ping_status":"closed","template":"","meta":{"_acf_changed":false,"footnotes":""},"class_list":["post-4425","page","type-page","status-publish","has-post-thumbnail","hentry"],"acf":{"display_banner":true,"banner_subtitle":"","banner_title":"Unsere internen Schulungen","banner_title_color":"white","banner_details":"","banner_bgd_type":"empty","banner_image":{"ID":1436,"id":1436,"title":"background_green","filename":"background_green.jpg","filesize":"240724","url":"https:\/\/adent.ch\/wp-content\/uploads\/2022\/03\/background_green.jpg","link":"https:\/\/adent.ch\/de\/behandlung\/kieferorthopaedie-fuer-kinder-und-erwachsene\/background_green-2\/","alt":"","author":"2","description":"","caption":"","name":"background_green-2","status":"inherit","uploaded_to":4132,"date":"2022-03-28 08:07:26","modified":"2022-03-28 08:07:26","menu_order":0,"mime_type":"image\/jpeg","type":"image","subtype":"jpeg","icon":"https:\/\/adent.ch\/wp-includes\/images\/media\/default.png","width":1920,"height":1080,"sizes":{"thumbnail":"https:\/\/adent.ch\/wp-content\/uploads\/2022\/03\/background_green-150x150.jpg","thumbnail-width":150,"thumbnail-height":150,"medium":"https:\/\/adent.ch\/wp-content\/uploads\/2022\/03\/background_green-300x169.jpg","medium-width":300,"medium-height":169,"medium_large":"https:\/\/adent.ch\/wp-content\/uploads\/2022\/03\/background_green-768x432.jpg","medium_large-width":768,"medium_large-height":432,"large":"https:\/\/adent.ch\/wp-content\/uploads\/2022\/03\/background_green-1742x980.jpg","large-width":1742,"large-height":980,"1536x1536":"https:\/\/adent.ch\/wp-content\/uploads\/2022\/03\/background_green-1536x864.jpg","1536x1536-width":1536,"1536x1536-height":864,"2048x2048":"https:\/\/adent.ch\/wp-content\/uploads\/2022\/03\/background_green.jpg","2048x2048-width":1920,"2048x2048-height":1080,"gform-image-choice-sm":"https:\/\/adent.ch\/wp-content\/uploads\/2022\/03\/background_green.jpg","gform-image-choice-sm-width":300,"gform-image-choice-sm-height":169,"gform-image-choice-md":"https:\/\/adent.ch\/wp-content\/uploads\/2022\/03\/background_green.jpg","gform-image-choice-md-width":400,"gform-image-choice-md-height":225,"gform-image-choice-lg":"https:\/\/adent.ch\/wp-content\/uploads\/2022\/03\/background_green.jpg","gform-image-choice-lg-width":600,"gform-image-choice-lg-height":338}},"banner_shapes_type":"main_b","banner_buttons":false,"short_description":"Die Ausbildungspolitik ist ein wichtiger Pfeiler der Strategie und der Werte der Adent Group.","display_shapes":false},"yoast_head":"<!-- This site is optimized with the Yoast SEO plugin v27.5 - https:\/\/yoast.com\/product\/yoast-seo-wordpress\/ -->\n<title>Unsere internen Schulungen | Adent Zahnarztzentrum<\/title>\n<meta name=\"description\" content=\"Die Ausbildungspolitik ist ein wichtiger Pfeiler der Strategie und der Werte der Adent Group. Entdecken Sie unsere internen Schulungen.\" \/>\n<meta name=\"robots\" content=\"index, follow, max-snippet:-1, max-image-preview:large, max-video-preview:-1\" \/>\n<link rel=\"canonical\" href=\"https:\/\/adent.ch\/de\/berufsbereich\/unsere-internen-schulungen\/\" \/>\n<meta property=\"og:locale\" content=\"de_DE\" \/>\n<meta property=\"og:type\" content=\"article\" \/>\n<meta property=\"og:title\" content=\"Unsere internen Schulungen | Adent Zahnarztzentrum\" \/>\n<meta property=\"og:description\" content=\"Die Ausbildungspolitik ist ein wichtiger Pfeiler der Strategie und der Werte der Adent Group. Entdecken Sie unsere internen Schulungen.\" \/>\n<meta property=\"og:url\" content=\"https:\/\/adent.ch\/de\/berufsbereich\/unsere-internen-schulungen\/\" \/>\n<meta property=\"og:site_name\" content=\"Adent Zahnarztzentrum\" \/>\n<meta property=\"article:publisher\" content=\"https:\/\/www.facebook.com\/adentcliniquesdentaires\/\" \/>\n<meta property=\"article:modified_time\" content=\"2024-05-06T12:58:59+00:00\" \/>\n<meta property=\"og:image\" content=\"https:\/\/adent.ch\/wp-content\/uploads\/2022\/07\/fond-neutre.jpg\" \/>\n\t<meta property=\"og:image:width\" content=\"749\" \/>\n\t<meta property=\"og:image:height\" content=\"562\" \/>\n\t<meta property=\"og:image:type\" content=\"image\/jpeg\" \/>\n<meta name=\"twitter:card\" content=\"summary_large_image\" \/>\n<meta name=\"twitter:label1\" content=\"Gesch\u00e4tzte Lesezeit\" \/>\n\t<meta name=\"twitter:data1\" content=\"1\u00a0Minute\" \/>\n<script type=\"application\/ld+json\" class=\"yoast-schema-graph\">{\"@context\":\"https:\\\/\\\/schema.org\",\"@graph\":[{\"@type\":\"WebPage\",\"@id\":\"https:\\\/\\\/adent.ch\\\/de\\\/berufsbereich\\\/unsere-internen-schulungen\\\/\",\"url\":\"https:\\\/\\\/adent.ch\\\/de\\\/berufsbereich\\\/unsere-internen-schulungen\\\/\",\"name\":\"Unsere internen Schulungen | Adent Zahnarztzentrum\",\"isPartOf\":{\"@id\":\"https:\\\/\\\/adent.ch\\\/de\\\/#website\"},\"primaryImageOfPage\":{\"@id\":\"https:\\\/\\\/adent.ch\\\/de\\\/berufsbereich\\\/unsere-internen-schulungen\\\/#primaryimage\"},\"image\":{\"@id\":\"https:\\\/\\\/adent.ch\\\/de\\\/berufsbereich\\\/unsere-internen-schulungen\\\/#primaryimage\"},\"thumbnailUrl\":\"https:\\\/\\\/adent.ch\\\/wp-content\\\/uploads\\\/2022\\\/07\\\/fond-neutre.jpg\",\"datePublished\":\"2022-04-28T09:50:13+00:00\",\"dateModified\":\"2024-05-06T12:58:59+00:00\",\"description\":\"Die Ausbildungspolitik ist ein wichtiger Pfeiler der Strategie und der Werte der Adent Group. Entdecken Sie unsere internen Schulungen.\",\"breadcrumb\":{\"@id\":\"https:\\\/\\\/adent.ch\\\/de\\\/berufsbereich\\\/unsere-internen-schulungen\\\/#breadcrumb\"},\"inLanguage\":\"de-CH\",\"potentialAction\":[{\"@type\":\"ReadAction\",\"target\":[\"https:\\\/\\\/adent.ch\\\/de\\\/berufsbereich\\\/unsere-internen-schulungen\\\/\"]}]},{\"@type\":\"ImageObject\",\"inLanguage\":\"de-CH\",\"@id\":\"https:\\\/\\\/adent.ch\\\/de\\\/berufsbereich\\\/unsere-internen-schulungen\\\/#primaryimage\",\"url\":\"https:\\\/\\\/adent.ch\\\/wp-content\\\/uploads\\\/2022\\\/07\\\/fond-neutre.jpg\",\"contentUrl\":\"https:\\\/\\\/adent.ch\\\/wp-content\\\/uploads\\\/2022\\\/07\\\/fond-neutre.jpg\",\"width\":749,\"height\":562},{\"@type\":\"BreadcrumbList\",\"@id\":\"https:\\\/\\\/adent.ch\\\/de\\\/berufsbereich\\\/unsere-internen-schulungen\\\/#breadcrumb\",\"itemListElement\":[{\"@type\":\"ListItem\",\"position\":1,\"name\":\"Home\",\"item\":\"https:\\\/\\\/adent.ch\\\/de\\\/\"},{\"@type\":\"ListItem\",\"position\":2,\"name\":\"Berufsbereich\",\"item\":\"https:\\\/\\\/adent.ch\\\/de\\\/berufsbereich\\\/\"},{\"@type\":\"ListItem\",\"position\":3,\"name\":\"Unsere internen Schulungen\"}]},{\"@type\":\"WebSite\",\"@id\":\"https:\\\/\\\/adent.ch\\\/de\\\/#website\",\"url\":\"https:\\\/\\\/adent.ch\\\/de\\\/\",\"name\":\"Adent Zahnarztzentrum\",\"description\":\"\",\"publisher\":{\"@id\":\"https:\\\/\\\/adent.ch\\\/de\\\/#organization\"},\"potentialAction\":[{\"@type\":\"SearchAction\",\"target\":{\"@type\":\"EntryPoint\",\"urlTemplate\":\"https:\\\/\\\/adent.ch\\\/de\\\/?s={search_term_string}\"},\"query-input\":{\"@type\":\"PropertyValueSpecification\",\"valueRequired\":true,\"valueName\":\"search_term_string\"}}],\"inLanguage\":\"de-CH\"},{\"@type\":\"Organization\",\"@id\":\"https:\\\/\\\/adent.ch\\\/de\\\/#organization\",\"name\":\"Adent Cliniques Dentaires\",\"url\":\"https:\\\/\\\/adent.ch\\\/de\\\/\",\"logo\":{\"@type\":\"ImageObject\",\"inLanguage\":\"de-CH\",\"@id\":\"https:\\\/\\\/adent.ch\\\/de\\\/#\\\/schema\\\/logo\\\/image\\\/\",\"url\":\"https:\\\/\\\/adent.ch\\\/wp-content\\\/uploads\\\/2022\\\/09\\\/adent-habefast-logo-2018-fr-05032019-rvb-scaled.jpg\",\"contentUrl\":\"https:\\\/\\\/adent.ch\\\/wp-content\\\/uploads\\\/2022\\\/09\\\/adent-habefast-logo-2018-fr-05032019-rvb-scaled.jpg\",\"width\":2880,\"height\":750,\"caption\":\"Adent Cliniques Dentaires\"},\"image\":{\"@id\":\"https:\\\/\\\/adent.ch\\\/de\\\/#\\\/schema\\\/logo\\\/image\\\/\"},\"sameAs\":[\"https:\\\/\\\/www.facebook.com\\\/adentcliniquesdentaires\\\/\",\"https:\\\/\\\/www.instagram.com\\\/adent.ch\\\/\",\"https:\\\/\\\/www.youtube.com\\\/channel\\\/UCPd5UjY-ipuq3MhW6m0W-wg\",\"https:\\\/\\\/www.linkedin.com\\\/company\\\/adent-cliniques-dentaires\\\/?originalSubdomain=ch\"]}]}<\/script>\n<!-- \/ Yoast SEO plugin. -->","yoast_head_json":{"title":"Unsere internen Schulungen | Adent Zahnarztzentrum","description":"Die Ausbildungspolitik ist ein wichtiger Pfeiler der Strategie und der Werte der Adent Group. Entdecken Sie unsere internen Schulungen.","robots":{"index":"index","follow":"follow","max-snippet":"max-snippet:-1","max-image-preview":"max-image-preview:large","max-video-preview":"max-video-preview:-1"},"canonical":"https:\/\/adent.ch\/de\/berufsbereich\/unsere-internen-schulungen\/","og_locale":"de_DE","og_type":"article","og_title":"Unsere internen Schulungen | Adent Zahnarztzentrum","og_description":"Die Ausbildungspolitik ist ein wichtiger Pfeiler der Strategie und der Werte der Adent Group. Entdecken Sie unsere internen Schulungen.","og_url":"https:\/\/adent.ch\/de\/berufsbereich\/unsere-internen-schulungen\/","og_site_name":"Adent Zahnarztzentrum","article_publisher":"https:\/\/www.facebook.com\/adentcliniquesdentaires\/","article_modified_time":"2024-05-06T12:58:59+00:00","og_image":[{"width":749,"height":562,"url":"https:\/\/adent.ch\/wp-content\/uploads\/2022\/07\/fond-neutre.jpg","type":"image\/jpeg"}],"twitter_card":"summary_large_image","twitter_misc":{"Gesch\u00e4tzte Lesezeit":"1\u00a0Minute"},"schema":{"@context":"https:\/\/schema.org","@graph":[{"@type":"WebPage","@id":"https:\/\/adent.ch\/de\/berufsbereich\/unsere-internen-schulungen\/","url":"https:\/\/adent.ch\/de\/berufsbereich\/unsere-internen-schulungen\/","name":"Unsere internen Schulungen | Adent Zahnarztzentrum","isPartOf":{"@id":"https:\/\/adent.ch\/de\/#website"},"primaryImageOfPage":{"@id":"https:\/\/adent.ch\/de\/berufsbereich\/unsere-internen-schulungen\/#primaryimage"},"image":{"@id":"https:\/\/adent.ch\/de\/berufsbereich\/unsere-internen-schulungen\/#primaryimage"},"thumbnailUrl":"https:\/\/adent.ch\/wp-content\/uploads\/2022\/07\/fond-neutre.jpg","datePublished":"2022-04-28T09:50:13+00:00","dateModified":"2024-05-06T12:58:59+00:00","description":"Die Ausbildungspolitik ist ein wichtiger Pfeiler der Strategie und der Werte der Adent Group. Entdecken Sie unsere internen Schulungen.","breadcrumb":{"@id":"https:\/\/adent.ch\/de\/berufsbereich\/unsere-internen-schulungen\/#breadcrumb"},"inLanguage":"de-CH","potentialAction":[{"@type":"ReadAction","target":["https:\/\/adent.ch\/de\/berufsbereich\/unsere-internen-schulungen\/"]}]},{"@type":"ImageObject","inLanguage":"de-CH","@id":"https:\/\/adent.ch\/de\/berufsbereich\/unsere-internen-schulungen\/#primaryimage","url":"https:\/\/adent.ch\/wp-content\/uploads\/2022\/07\/fond-neutre.jpg","contentUrl":"https:\/\/adent.ch\/wp-content\/uploads\/2022\/07\/fond-neutre.jpg","width":749,"height":562},{"@type":"BreadcrumbList","@id":"https:\/\/adent.ch\/de\/berufsbereich\/unsere-internen-schulungen\/#breadcrumb","itemListElement":[{"@type":"ListItem","position":1,"name":"Home","item":"https:\/\/adent.ch\/de\/"},{"@type":"ListItem","position":2,"name":"Berufsbereich","item":"https:\/\/adent.ch\/de\/berufsbereich\/"},{"@type":"ListItem","position":3,"name":"Unsere internen Schulungen"}]},{"@type":"WebSite","@id":"https:\/\/adent.ch\/de\/#website","url":"https:\/\/adent.ch\/de\/","name":"Adent Zahnarztzentrum","description":"","publisher":{"@id":"https:\/\/adent.ch\/de\/#organization"},"potentialAction":[{"@type":"SearchAction","target":{"@type":"EntryPoint","urlTemplate":"https:\/\/adent.ch\/de\/?s={search_term_string}"},"query-input":{"@type":"PropertyValueSpecification","valueRequired":true,"valueName":"search_term_string"}}],"inLanguage":"de-CH"},{"@type":"Organization","@id":"https:\/\/adent.ch\/de\/#organization","name":"Adent Cliniques Dentaires","url":"https:\/\/adent.ch\/de\/","logo":{"@type":"ImageObject","inLanguage":"de-CH","@id":"https:\/\/adent.ch\/de\/#\/schema\/logo\/image\/","url":"https:\/\/adent.ch\/wp-content\/uploads\/2022\/09\/adent-habefast-logo-2018-fr-05032019-rvb-scaled.jpg","contentUrl":"https:\/\/adent.ch\/wp-content\/uploads\/2022\/09\/adent-habefast-logo-2018-fr-05032019-rvb-scaled.jpg","width":2880,"height":750,"caption":"Adent Cliniques Dentaires"},"image":{"@id":"https:\/\/adent.ch\/de\/#\/schema\/logo\/image\/"},"sameAs":["https:\/\/www.facebook.com\/adentcliniquesdentaires\/","https:\/\/www.instagram.com\/adent.ch\/","https:\/\/www.youtube.com\/channel\/UCPd5UjY-ipuq3MhW6m0W-wg","https:\/\/www.linkedin.com\/company\/adent-cliniques-dentaires\/?originalSubdomain=ch"]}]}},"_links":{"self":[{"href":"https:\/\/adent.ch\/de\/wp-json\/wp\/v2\/pages\/4425","targetHints":{"allow":["GET"]}}],"collection":[{"href":"https:\/\/adent.ch\/de\/wp-json\/wp\/v2\/pages"}],"about":[{"href":"https:\/\/adent.ch\/de\/wp-json\/wp\/v2\/types\/page"}],"author":[{"embeddable":true,"href":"https:\/\/adent.ch\/de\/wp-json\/wp\/v2\/users\/2"}],"replies":[{"embeddable":true,"href":"https:\/\/adent.ch\/de\/wp-json\/wp\/v2\/comments?post=4425"}],"version-history":[{"count":5,"href":"https:\/\/adent.ch\/de\/wp-json\/wp\/v2\/pages\/4425\/revisions"}],"predecessor-version":[{"id":8873,"href":"https:\/\/adent.ch\/de\/wp-json\/wp\/v2\/pages\/4425\/revisions\/8873"}],"up":[{"embeddable":true,"href":"https:\/\/adent.ch\/de\/wp-json\/wp\/v2\/pages\/4405"}],"wp:featuredmedia":[{"embeddable":true,"href":"https:\/\/adent.ch\/de\/wp-json\/wp\/v2\/media\/4926"}],"wp:attachment":[{"href":"https:\/\/adent.ch\/de\/wp-json\/wp\/v2\/media?parent=4425"}],"curies":[{"name":"wp","href":"https:\/\/api.w.org\/{rel}","templated":true}]}}