{"id":5202,"date":"2022-04-29T12:24:47","date_gmt":"2022-04-29T10:24:47","guid":{"rendered":"https:\/\/adent.ch\/professionnels\/reprise-de-cabinet\/"},"modified":"2024-05-06T16:29:48","modified_gmt":"2024-05-06T14:29:48","slug":"uebernahme-ihrer-praxis","status":"publish","type":"page","link":"https:\/\/adent.ch\/de\/berufsbereich\/uebernahme-ihrer-praxis\/","title":{"rendered":"Praxis\u00fcbernahme"},"content":{"rendered":"<div class=\"two-column-block\" >\n\t<div class=\"container\">\n\t\t\t\t\t<h3 class=\"title\" data-sal=\"slide-up\" data-sal-delay=\"200\" data-sal-easing=\"ease-in-out\" data-sal-duration=\"300\">Adent-Partnerschaft: Planen Sie Ihre Zukunft jetzt mit uns<\/h3>\n\t\t\t\t\t\t\t<div class=\"row justify-content-between\" data-sal=\"slide-up\" data-sal-delay=\"200\" data-sal-easing=\"ease-in-out\" data-sal-duration=\"300\">\n\t\t\t\t\t\t\t\t\t\t\t\t\t\t\t<div class=\"col-md-6\">\n\t\t\t\t\t\t\t<div class=\"text-lg\">\n\t\t\t\t\t\t\t\t<p>Adent kann Ihre Praxis bei vielen Themen voranbringen. Von der administrativen Unterst\u00fctzung \u00fcber eine Investitionspartnerschaft bis hin zur vollst\u00e4ndigen Integration in die Adent-Gruppe. Dabei profitieren Sie als Teil von Adent auf allen Ebenen von den Vorteilen, die ein starker, schweizweiter Verbund von Zahnarztzentren in der West- und in der Deutschschweiz bringt.<\/p>\n\t\t\t\t\t\t\t<\/div>\n\t\t\t\t\t\t\t\t\t\t\t\t\t\t\t\t\t\t\t\t\t\t\t\t\t\t\t<\/div>\n\t\t\t\t\t\t\t\t\t\t\t\t\t\t\t\t\t\t\t\t<div class=\"col-md-6\">\n\t\t\t\t\t\t\t<div class=\"text-lg\">\n\t\t\t\t\t\t\t\t<p>F\u00fcr Ihre langfristige Zukunftsplanung. Machen Sie ab jetzt nur noch das, was Sie als Zahnarzt an Ihrem Beruf lieben:<\/p>\n<blockquote><p><strong>Patienten bestm\u00f6glich zu behandeln.<\/strong><\/p><\/blockquote>\n\t\t\t\t\t\t\t<\/div>\n\t\t\t\t\t\t\t\t\t\t\t\t\t\t\t\t\t\t\t\t\t\t\t\t\t\t\t<\/div>\n\t\t\t\t\t\t\t\t\t\t\t\t<\/div>\n\t\t\t<\/div>\n<\/div>\n\n\n<div class=\"highlight-text-block  is-center\" data-id=\"highlight-text-47\" id=\"highlight-text-47\">\n\t<div class=\"container\">\n\t\t\t\t\t\t\t<div class=\"text-block-slider\">\n\t\t\t\t<div class=\"swiper\">\n\t\t\t\t\t<div class=\"swiper-wrapper\">\n\t\t\t\t\t\t\t\t\t\t\t\t\t<div class=\"swiper-slide\">\n\t\t\t\t\t\t\t\t<div class=\"bloc\">\n\t\t\t\t\t\t\t\t\t<div class=\"bloc-container\">\n\t\t\t\t\t\t\t\t\t\t<div class=\"bloc-title\">Zahnarztpraxen mit mind. 3 Zahn\u00e4rzten<\/div>\n\t\t\t\t\t\t\t\t\t\t<div class=\"description\"><p>Wir suchen Zahnarztpraxen mit einem stabilen Patientenstamm, mindestens 4 Behandlungszimmern und einer Inhaberin oder einem Inhaber, die \/ der 2-3 Jahre als leitende\/r Zahn\u00e4rztin \/ Zahnarzt weiterarbeiten m\u00f6chte.<\/p>\n<\/div>\n\t\t\t\t\t\t\t\t\t\t\t\t\t\t\t\t\t\t\t\t\t\t\t\t\t\t\t\t\t<\/div>\n\t\t\t\t\t\t\t\t<\/div>\n\t\t\t\t\t\t\t<\/div>\n\t\t\t\t\t\t\t\t\t\t\t\t\t\t\t\t\t\t\t\t<div class=\"swiper-slide\">\n\t\t\t\t\t\t\t\t<div class=\"bloc\">\n\t\t\t\t\t\t\t\t\t<div class=\"bloc-container\">\n\t\t\t\t\t\t\t\t\t\t<div class=\"bloc-title\">Einzelpraxen<\/div>\n\t\t\t\t\t\t\t\t\t\t<div class=\"description\"><p>Wir suchen Einzelpraxen, welche wir inklusive der leitenden Zahn\u00e4rztin \/ des leitenden Zahnarztes, der Mitarbeitenden und der Patienten in einer unserer benachbarten Zentren aufnehmen k\u00f6nnen.<\/p>\n<\/div>\n\t\t\t\t\t\t\t\t\t\t\t\t\t\t\t\t\t\t\t\t\t\t\t\t\t\t\t\t\t<\/div>\n\t\t\t\t\t\t\t\t<\/div>\n\t\t\t\t\t\t\t<\/div>\n\t\t\t\t\t\t\t\t\t\t\t\t\t\t\t\t\t\t<\/div>\n\t\t\t\t<\/div>\n\t\t\t\t<div class=\"swiper-button-prev\"><\/div>\n\t\t\t\t<div class=\"swiper-button-next\"><\/div>\n\t\t\t<\/div>\n\t\t\t<div class=\"numbers-slider-pagination\"><\/div>\n\t\t\t<\/div>\n<\/div>\n\n<div class=\"highlight-image-block\" data-id=\"highlight-image-68\" id=\"highlight-image-68\">\n\t<div class=\"container\">\n\t\t\t\t\t<div class=\"h2 title\" data-sal=\"slide-up\" data-sal-delay=\"200\" data-sal-easing=\"ease-in-out\" data-sal-duration=\"300\">Kontaktieren Sie uns<\/div>\n\t\t\t\t\t\t\t<div class=\"cards-slider\">\n\t\t\t\t<div class=\"swiper count-2\" data-sal=\"slide-up\" data-sal-delay=\"200\" data-sal-easing=\"ease-in-out\" data-sal-duration=\"300\">\n\t\t\t\t\t<div class=\"swiper-wrapper\">\n\t\t\t\t\t\t\t\t\t\t\t\t\t<div class=\"swiper-slide\">\n\t\t\t\t\t\t\t\t<div class=\"card\">\n\t\t\t\t\t\t\t\t\t<div class=\"card__caption\">\n\t\t\t\t\t\t\t\t\t\t<div class=\"card__title\">Julian Van Wiggen<\/div>\n\t\t\t\t\t\t\t\t\t<\/div>\n\t\t\t\t\t\t\t\t\t\t\t\t\t\t\t\t\t\t\t<div class=\"card__read-more\" data-read-more>\n\t\t\t\t\t\t\t\t\t\t\t<div class=\"card__desc\"><p>CFO<\/p>\n<p><a href=\"mailto:partner@adent.ch\">partner@adent.ch<\/a><\/p>\n<p>Ihre Anfrage wird vertraulich behandelt.<\/p>\n<\/div>\n\t\t\t\t\t\t\t\t\t\t<\/div>\n\t\t\t\t\t\t\t\t\t\t\t\t\t\t\t\t\t\t<div class=\"card__pic\">\n\t\t\t\t\t\t\t\t\t\t\t\t\t\t\t\t\t\t\t<\/div>\n\t\t\t\t\t\t\t\t\t\t\t\t\t\t\t\t\t<\/div>\n\t\t\t\t\t\t\t\t\t\t\t\t\t\t\t<\/div>\n\t\t\t\t\t\t\t\t\t\t\t\t\t<div class=\"swiper-slide\">\n\t\t\t\t\t\t\t\t<div class=\"card\">\n\t\t\t\t\t\t\t\t\t<div class=\"card__caption\">\n\t\t\t\t\t\t\t\t\t\t<div class=\"card__title\"><\/div>\n\t\t\t\t\t\t\t\t\t<\/div>\n\t\t\t\t\t\t\t\t\t\t\t\t\t\t\t\t\t\t<div class=\"card__pic\">\n\t\t\t\t\t\t\t\t\t\t\t\t\t\t\t\t\t\t\t<\/div>\n\t\t\t\t\t\t\t\t\t\t\t\t\t\t\t\t\t<\/div>\n\t\t\t\t\t\t\t\t\t\t\t\t\t\t\t<\/div>\n\t\t\t\t\t\t\t\t\t\t\t<\/div>\n\t\t\t\t<\/div>\n\t\t\t\t<div class=\"swiper-button-prev\"><\/div>\n\t\t\t\t<div class=\"swiper-button-next\"><\/div>\n\t\t\t<\/div>\n\t\t\t<div class=\"cards-slider-pagination\"><\/div>\n\t\t\t<\/div>\n<\/div>\n\n<div class=\"two-column-block\" >\n\t<div class=\"container\">\n\t\t\t\t\t<h3 class=\"title\" data-sal=\"slide-up\" data-sal-delay=\"200\" data-sal-easing=\"ease-in-out\" data-sal-duration=\"300\">1.\tZentrales Know-how<\/h3>\n\t\t\t\t\t\t\t<div class=\"row justify-content-between\" data-sal=\"slide-up\" data-sal-delay=\"200\" data-sal-easing=\"ease-in-out\" data-sal-duration=\"300\">\n\t\t\t\t\t\t\t\t\t\t\t\t\t\t\t<div class=\"col-md-6\">\n\t\t\t\t\t\t\t<div class=\"text-lg\">\n\t\t\t\t\t\t\t\t<h4>Profitieren Sie von unserer umfassenden Erfahrung<\/h4>\n<p>Wir verf\u00fcgen \u00fcber mehr als 25 Jahre Erfahrung in der Dentalbranche in der Schweiz und konnten eine Unternehmenskultur entwickeln, die sich auf die Qualit\u00e4t der Patientenversorgung konzentriert.<\/p>\n<p>Die zentrale Organisation von Adent liefert sowohl administrative, operative als auch personelle Unterst\u00fctzung an die verantwortlichen Zahn\u00e4rzte der Praxen. Dies erm\u00f6glicht Ihnen sich voll auf die Behandlungen zu konzentrieren, ohne sich um administrative Angelegenheiten k\u00fcmmern zu m\u00fcssen.<\/p>\n\t\t\t\t\t\t\t<\/div>\n\t\t\t\t\t\t\t\t\t\t\t\t\t\t\t\t\t\t\t\t\t\t\t\t\t\t\t<\/div>\n\t\t\t\t\t\t\t\t\t\t\t\t\t\t\t\t\t\t\t\t<div class=\"col-md-6\">\n\t\t\t\t\t\t\t<div class=\"text-lg\">\n\t\t\t\t\t\t\t\t<p>Diese Unterst\u00fctzung ist insbesondere:<\/p>\n<ul>\n<li>Verwaltung der Personalressourcen, einschliesslich Rekrutierung und Karriereplanung<\/li>\n<li>Marketingaktivit\u00e4ten<\/li>\n<li>Investitionen in moderne Infrastrukturen und in fortschrittliche Technologien<\/li>\n<li>Verwaltung der IT<\/li>\n<li>Konstante Servicequalit\u00e4t der Praxen durch gruppeninterne Labore<\/li>\n<\/ul>\n\t\t\t\t\t\t\t<\/div>\n\t\t\t\t\t\t\t\t\t\t\t\t\t\t\t\t\t\t\t\t\t\t<a href=\"mailto:partner@adent.ch\"  class=\"primary-btn\">Kontaktieren Sie uns <\/a>\n\t\t\t\t\t\t\t\t\t\t\t\t\t\t\t\t\t\t\t\t<\/div>\n\t\t\t\t\t\t\t\t\t\t\t\t<\/div>\n\t\t\t<\/div>\n<\/div>\n\n<div class=\"two-column-block\" >\n\t<div class=\"container\">\n\t\t\t\t\t<h3 class=\"title\" data-sal=\"slide-up\" data-sal-delay=\"200\" data-sal-easing=\"ease-in-out\" data-sal-duration=\"300\">2.\tUnser Mehrwert f\u00fcr Sie<\/h3>\n\t\t\t\t\t\t\t<div class=\"row justify-content-between\" data-sal=\"slide-up\" data-sal-delay=\"200\" data-sal-easing=\"ease-in-out\" data-sal-duration=\"300\">\n\t\t\t\t\t\t\t\t\t\t\t\t\t\t\t<div class=\"col-md-6\">\n\t\t\t\t\t\t\t<div class=\"text-lg\">\n\t\t\t\t\t\t\t\t<h4>Vorteile unseres Netzwerkes f\u00fcr Sie<\/h4>\n<ul>\n<li><strong>Erhalten Sie heute den Gegenwert ihres aufgebauten Gesch\u00e4fts: <\/strong>Ersparen Sie sich die Probleme der Nachfolge und warten Sie nicht l\u00e4nger darauf ihr aufgebautes Gesch\u00e4ft zu verkaufen.<\/li>\n<li><strong>Ersparen Sie sich die Last der Verwaltung und neue Investitionen: <\/strong>Wir kl\u00e4ren alle Konformit\u00e4tsfragen und investieren in High-End-Ausstattung.<\/li>\n<li><strong>Karrierem\u00f6glichkeiten f\u00fcr Sie und Ihre Kollegen: <\/strong>Erhalten Sie die besten Weiterbildungen und profitieren Sie von einem Netzwerk von erfahrenen Zahn\u00e4rzten. Dies erm\u00f6glicht eine optimale Aufteilung innerhalb der Praxen.<\/li>\n<\/ul>\n\t\t\t\t\t\t\t<\/div>\n\t\t\t\t\t\t\t\t\t\t\t\t\t\t\t\t\t\t\t\t\t\t\t\t\t\t\t<\/div>\n\t\t\t\t\t\t\t\t\t\t\t\t\t\t\t\t\t\t\t\t<div class=\"col-md-6\">\n\t\t\t\t\t\t\t<div class=\"text-lg\">\n\t\t\t\t\t\t\t\t<ul>\n<li><strong>Erhalten Sie eine bessere Work-Life-Balance: <\/strong>Wir bieten flexible und massgeschneiderte Arbeitszeitmodelle.<\/li>\n<li><strong>Attraktives Einkommen: <\/strong>Indem Sie bei Adent weiterarbeiten, erhalten sie weiterhin ein interessantes Einkommen und profitieren gleichzeitig von Adents Unterst\u00fctzung in ihre Entwicklung.<\/li>\n<li><strong>Reibungsloser Integrationsprozess f\u00fcr Patienten und das Praxisteam: <\/strong>Wir begleiten Sie bei der Kommunikation mit Ihren Patienten und k\u00fcmmern uns um die Zukunft jedes einzelnen Teammitglieds.<\/li>\n<\/ul>\n\t\t\t\t\t\t\t<\/div>\n\t\t\t\t\t\t\t\t\t\t\t\t\t\t\t\t\t\t\t\t\t\t<a href=\"mailto:partner@adent.ch\"  class=\"primary-btn\">Kontaktieren Sie uns <\/a>\n\t\t\t\t\t\t\t\t\t\t\t\t\t\t\t\t\t\t\t\t<\/div>\n\t\t\t\t\t\t\t\t\t\t\t\t<\/div>\n\t\t\t<\/div>\n<\/div>\n\n<div class=\"two-column-block\" >\n\t<div class=\"container\">\n\t\t\t\t\t<h3 class=\"title\" data-sal=\"slide-up\" data-sal-delay=\"200\" data-sal-easing=\"ease-in-out\" data-sal-duration=\"300\">3.\tIndividuelle L\u00f6sungen<\/h3>\n\t\t\t\t\t\t\t<div class=\"row justify-content-between\" data-sal=\"slide-up\" data-sal-delay=\"200\" data-sal-easing=\"ease-in-out\" data-sal-duration=\"300\">\n\t\t\t\t\t\t\t\t\t\t\t\t\t\t\t<div class=\"col-md-6\">\n\t\t\t\t\t\t\t<div class=\"text-lg\">\n\t\t\t\t\t\t\t\t<p>Bei Adent denken wir, dass jede Praxis\u00fcbernahme so einzigartig wie sein Eigent\u00fcmer ist.<\/p>\n<p>Deshalb sind wir bestrebt, Ihnen bei der \u00dcbernahme Ihrer Praxis z. B. folgende (oder auch andere) massgeschneiderte L\u00f6sungen zu bieten:<\/p>\n<h4><strong>1. \u00dcbernahme Ihrer Praxis<\/strong><\/h4>\n<ul>\n<li>Adent \u00fcbernimmt Ihre Praxis und t\u00e4tigt n\u00f6tige Investitionen, um eine moderne Zentrumsumgebung zu schaffen, die f\u00fcr die Angestellten, sowie f\u00fcr die Patienten angenehm ist.<\/li>\n<li>Um den reibungslosen \u00dcbergang Ihrer Patienten und Mitarbeiter zu Adent zu gew\u00e4hrleisten, empfehlen wir generell, dass Sie f\u00fcr einen Zeitraum, der im gegenseitigen Einvernehmen festgelegt wurde, als Leiter der Praxis weiterhin mit uns zusammenarbeiten. Wir freuen uns \u00fcber eine m\u00f6glichst langfristige Zusammenarbeit.<\/li>\n<\/ul>\n\t\t\t\t\t\t\t<\/div>\n\t\t\t\t\t\t\t\t\t\t\t\t\t\t\t\t\t\t\t\t\t\t\t\t\t\t\t<\/div>\n\t\t\t\t\t\t\t\t\t\t\t\t\t\t\t\t\t\t\t\t<div class=\"col-md-6\">\n\t\t\t\t\t\t\t<div class=\"text-lg\">\n\t\t\t\t\t\t\t\t<h4><strong>2. \u00dcbernahme Ihrer Patienten von Adent<\/strong><\/h4>\n<ul>\n<li>Ihre Praxis ist in der N\u00e4he einem unseren Zahnarztzentrum? Wir \u00fcbernehmen Ihre Patienten und begleiten Sie w\u00e4hrend des \u00dcbergangs.<\/li>\n<li>Um den reibungslosen \u00dcbergang Ihrer Patienten zu Adent zu gew\u00e4hrleisten, empfehlen wir generell, dass Sie die Zusammenarbeit als Zahnarzt mit uns f\u00fcr einen gemeinsam vereinbarten Zeitraum fortf\u00fchren.<\/li>\n<\/ul>\n\t\t\t\t\t\t\t<\/div>\n\t\t\t\t\t\t\t\t\t\t\t\t\t\t\t\t\t\t\t\t\t\t<a href=\"mailto:partner@adent.ch\"  class=\"primary-btn\">Kontaktieren Sie uns <\/a>\n\t\t\t\t\t\t\t\t\t\t\t\t\t\t\t\t\t\t\t\t<\/div>\n\t\t\t\t\t\t\t\t\t\t\t\t<\/div>\n\t\t\t<\/div>\n<\/div>","protected":false},"excerpt":{"rendered":"","protected":false},"author":2,"featured_media":4926,"parent":4405,"menu_order":2,"comment_status":"closed","ping_status":"closed","template":"","meta":{"_acf_changed":false,"footnotes":""},"class_list":["post-5202","page","type-page","status-publish","has-post-thumbnail","hentry"],"acf":{"display_banner":true,"banner_subtitle":"\u00dcbernahme Ihrer Praxis","banner_title":"Vertrauen Sie uns, treten Sie der Adent-Gruppe bei","banner_title_color":"white","banner_details":"","banner_bgd_type":"empty","banner_image":{"ID":1436,"id":1436,"title":"background_green","filename":"background_green.jpg","filesize":"240724","url":"https:\/\/adent.ch\/wp-content\/uploads\/2022\/03\/background_green.jpg","link":"https:\/\/adent.ch\/de\/behandlung\/kieferorthopaedie-fuer-kinder-und-erwachsene\/background_green-2\/","alt":"","author":"2","description":"","caption":"","name":"background_green-2","status":"inherit","uploaded_to":4132,"date":"2022-03-28 08:07:26","modified":"2022-03-28 08:07:26","menu_order":0,"mime_type":"image\/jpeg","type":"image","subtype":"jpeg","icon":"https:\/\/adent.ch\/wp-includes\/images\/media\/default.png","width":1920,"height":1080,"sizes":{"thumbnail":"https:\/\/adent.ch\/wp-content\/uploads\/2022\/03\/background_green-150x150.jpg","thumbnail-width":150,"thumbnail-height":150,"medium":"https:\/\/adent.ch\/wp-content\/uploads\/2022\/03\/background_green-300x169.jpg","medium-width":300,"medium-height":169,"medium_large":"https:\/\/adent.ch\/wp-content\/uploads\/2022\/03\/background_green-768x432.jpg","medium_large-width":768,"medium_large-height":432,"large":"https:\/\/adent.ch\/wp-content\/uploads\/2022\/03\/background_green-1742x980.jpg","large-width":1742,"large-height":980,"1536x1536":"https:\/\/adent.ch\/wp-content\/uploads\/2022\/03\/background_green-1536x864.jpg","1536x1536-width":1536,"1536x1536-height":864,"2048x2048":"https:\/\/adent.ch\/wp-content\/uploads\/2022\/03\/background_green.jpg","2048x2048-width":1920,"2048x2048-height":1080,"gform-image-choice-sm":"https:\/\/adent.ch\/wp-content\/uploads\/2022\/03\/background_green.jpg","gform-image-choice-sm-width":300,"gform-image-choice-sm-height":169,"gform-image-choice-md":"https:\/\/adent.ch\/wp-content\/uploads\/2022\/03\/background_green.jpg","gform-image-choice-md-width":400,"gform-image-choice-md-height":225,"gform-image-choice-lg":"https:\/\/adent.ch\/wp-content\/uploads\/2022\/03\/background_green.jpg","gform-image-choice-lg-width":600,"gform-image-choice-lg-height":338}},"banner_shapes_type":"main_b","banner_buttons":false,"short_description":"","display_shapes":false},"yoast_head":"<!-- This site is optimized with the Yoast SEO plugin v26.4 - https:\/\/yoast.com\/wordpress\/plugins\/seo\/ -->\n<title>Praxis\u00fcbernahme | Adent Zahnarztzentrum<\/title>\n<meta name=\"robots\" content=\"index, follow, max-snippet:-1, max-image-preview:large, max-video-preview:-1\" \/>\n<link rel=\"canonical\" href=\"https:\/\/adent.ch\/de\/berufsbereich\/uebernahme-ihrer-praxis\/\" \/>\n<meta property=\"og:locale\" content=\"de_DE\" \/>\n<meta property=\"og:type\" content=\"article\" \/>\n<meta property=\"og:title\" content=\"Praxis\u00fcbernahme | Adent Zahnarztzentrum\" \/>\n<meta property=\"og:url\" content=\"https:\/\/adent.ch\/de\/berufsbereich\/uebernahme-ihrer-praxis\/\" \/>\n<meta property=\"og:site_name\" content=\"Adent Zahnarztzentrum\" \/>\n<meta property=\"article:publisher\" content=\"https:\/\/www.facebook.com\/adentcliniquesdentaires\/\" \/>\n<meta property=\"article:modified_time\" content=\"2024-05-06T14:29:48+00:00\" \/>\n<meta property=\"og:image\" content=\"https:\/\/adent.ch\/wp-content\/uploads\/2022\/07\/fond-neutre.jpg\" \/>\n\t<meta property=\"og:image:width\" content=\"749\" \/>\n\t<meta property=\"og:image:height\" content=\"562\" \/>\n\t<meta property=\"og:image:type\" content=\"image\/jpeg\" \/>\n<meta name=\"twitter:card\" content=\"summary_large_image\" \/>\n<meta name=\"twitter:label1\" content=\"Gesch\u00e4tzte Lesezeit\" \/>\n\t<meta name=\"twitter:data1\" content=\"1\u00a0Minute\" \/>\n<script type=\"application\/ld+json\" class=\"yoast-schema-graph\">{\"@context\":\"https:\/\/schema.org\",\"@graph\":[{\"@type\":\"WebPage\",\"@id\":\"https:\/\/adent.ch\/de\/berufsbereich\/uebernahme-ihrer-praxis\/\",\"url\":\"https:\/\/adent.ch\/de\/berufsbereich\/uebernahme-ihrer-praxis\/\",\"name\":\"Praxis\u00fcbernahme | Adent Zahnarztzentrum\",\"isPartOf\":{\"@id\":\"https:\/\/adent.ch\/de\/#website\"},\"primaryImageOfPage\":{\"@id\":\"https:\/\/adent.ch\/de\/berufsbereich\/uebernahme-ihrer-praxis\/#primaryimage\"},\"image\":{\"@id\":\"https:\/\/adent.ch\/de\/berufsbereich\/uebernahme-ihrer-praxis\/#primaryimage\"},\"thumbnailUrl\":\"https:\/\/adent.ch\/wp-content\/uploads\/2022\/07\/fond-neutre.jpg\",\"datePublished\":\"2022-04-29T10:24:47+00:00\",\"dateModified\":\"2024-05-06T14:29:48+00:00\",\"breadcrumb\":{\"@id\":\"https:\/\/adent.ch\/de\/berufsbereich\/uebernahme-ihrer-praxis\/#breadcrumb\"},\"inLanguage\":\"de-CH\",\"potentialAction\":[{\"@type\":\"ReadAction\",\"target\":[\"https:\/\/adent.ch\/de\/berufsbereich\/uebernahme-ihrer-praxis\/\"]}]},{\"@type\":\"ImageObject\",\"inLanguage\":\"de-CH\",\"@id\":\"https:\/\/adent.ch\/de\/berufsbereich\/uebernahme-ihrer-praxis\/#primaryimage\",\"url\":\"https:\/\/adent.ch\/wp-content\/uploads\/2022\/07\/fond-neutre.jpg\",\"contentUrl\":\"https:\/\/adent.ch\/wp-content\/uploads\/2022\/07\/fond-neutre.jpg\",\"width\":749,\"height\":562},{\"@type\":\"BreadcrumbList\",\"@id\":\"https:\/\/adent.ch\/de\/berufsbereich\/uebernahme-ihrer-praxis\/#breadcrumb\",\"itemListElement\":[{\"@type\":\"ListItem\",\"position\":1,\"name\":\"Home\",\"item\":\"https:\/\/adent.ch\/de\/\"},{\"@type\":\"ListItem\",\"position\":2,\"name\":\"Berufsbereich\",\"item\":\"https:\/\/adent.ch\/de\/berufsbereich\/\"},{\"@type\":\"ListItem\",\"position\":3,\"name\":\"Praxis\u00fcbernahme\"}]},{\"@type\":\"WebSite\",\"@id\":\"https:\/\/adent.ch\/de\/#website\",\"url\":\"https:\/\/adent.ch\/de\/\",\"name\":\"Adent Zahnarztzentrum\",\"description\":\"\",\"publisher\":{\"@id\":\"https:\/\/adent.ch\/de\/#organization\"},\"potentialAction\":[{\"@type\":\"SearchAction\",\"target\":{\"@type\":\"EntryPoint\",\"urlTemplate\":\"https:\/\/adent.ch\/de\/?s={search_term_string}\"},\"query-input\":{\"@type\":\"PropertyValueSpecification\",\"valueRequired\":true,\"valueName\":\"search_term_string\"}}],\"inLanguage\":\"de-CH\"},{\"@type\":\"Organization\",\"@id\":\"https:\/\/adent.ch\/de\/#organization\",\"name\":\"Adent Cliniques Dentaires\",\"url\":\"https:\/\/adent.ch\/de\/\",\"logo\":{\"@type\":\"ImageObject\",\"inLanguage\":\"de-CH\",\"@id\":\"https:\/\/adent.ch\/de\/#\/schema\/logo\/image\/\",\"url\":\"https:\/\/adent.ch\/wp-content\/uploads\/2022\/09\/adent-habefast-logo-2018-fr-05032019-rvb-scaled.jpg\",\"contentUrl\":\"https:\/\/adent.ch\/wp-content\/uploads\/2022\/09\/adent-habefast-logo-2018-fr-05032019-rvb-scaled.jpg\",\"width\":2880,\"height\":750,\"caption\":\"Adent Cliniques Dentaires\"},\"image\":{\"@id\":\"https:\/\/adent.ch\/de\/#\/schema\/logo\/image\/\"},\"sameAs\":[\"https:\/\/www.facebook.com\/adentcliniquesdentaires\/\",\"https:\/\/www.instagram.com\/adent.ch\/\",\"https:\/\/www.youtube.com\/channel\/UCPd5UjY-ipuq3MhW6m0W-wg\",\"https:\/\/www.linkedin.com\/company\/adent-cliniques-dentaires\/?originalSubdomain=ch\"]}]}<\/script>\n<!-- \/ Yoast SEO plugin. -->","yoast_head_json":{"title":"Praxis\u00fcbernahme | Adent Zahnarztzentrum","robots":{"index":"index","follow":"follow","max-snippet":"max-snippet:-1","max-image-preview":"max-image-preview:large","max-video-preview":"max-video-preview:-1"},"canonical":"https:\/\/adent.ch\/de\/berufsbereich\/uebernahme-ihrer-praxis\/","og_locale":"de_DE","og_type":"article","og_title":"Praxis\u00fcbernahme | Adent Zahnarztzentrum","og_url":"https:\/\/adent.ch\/de\/berufsbereich\/uebernahme-ihrer-praxis\/","og_site_name":"Adent Zahnarztzentrum","article_publisher":"https:\/\/www.facebook.com\/adentcliniquesdentaires\/","article_modified_time":"2024-05-06T14:29:48+00:00","og_image":[{"width":749,"height":562,"url":"https:\/\/adent.ch\/wp-content\/uploads\/2022\/07\/fond-neutre.jpg","type":"image\/jpeg"}],"twitter_card":"summary_large_image","twitter_misc":{"Gesch\u00e4tzte Lesezeit":"1\u00a0Minute"},"schema":{"@context":"https:\/\/schema.org","@graph":[{"@type":"WebPage","@id":"https:\/\/adent.ch\/de\/berufsbereich\/uebernahme-ihrer-praxis\/","url":"https:\/\/adent.ch\/de\/berufsbereich\/uebernahme-ihrer-praxis\/","name":"Praxis\u00fcbernahme | Adent Zahnarztzentrum","isPartOf":{"@id":"https:\/\/adent.ch\/de\/#website"},"primaryImageOfPage":{"@id":"https:\/\/adent.ch\/de\/berufsbereich\/uebernahme-ihrer-praxis\/#primaryimage"},"image":{"@id":"https:\/\/adent.ch\/de\/berufsbereich\/uebernahme-ihrer-praxis\/#primaryimage"},"thumbnailUrl":"https:\/\/adent.ch\/wp-content\/uploads\/2022\/07\/fond-neutre.jpg","datePublished":"2022-04-29T10:24:47+00:00","dateModified":"2024-05-06T14:29:48+00:00","breadcrumb":{"@id":"https:\/\/adent.ch\/de\/berufsbereich\/uebernahme-ihrer-praxis\/#breadcrumb"},"inLanguage":"de-CH","potentialAction":[{"@type":"ReadAction","target":["https:\/\/adent.ch\/de\/berufsbereich\/uebernahme-ihrer-praxis\/"]}]},{"@type":"ImageObject","inLanguage":"de-CH","@id":"https:\/\/adent.ch\/de\/berufsbereich\/uebernahme-ihrer-praxis\/#primaryimage","url":"https:\/\/adent.ch\/wp-content\/uploads\/2022\/07\/fond-neutre.jpg","contentUrl":"https:\/\/adent.ch\/wp-content\/uploads\/2022\/07\/fond-neutre.jpg","width":749,"height":562},{"@type":"BreadcrumbList","@id":"https:\/\/adent.ch\/de\/berufsbereich\/uebernahme-ihrer-praxis\/#breadcrumb","itemListElement":[{"@type":"ListItem","position":1,"name":"Home","item":"https:\/\/adent.ch\/de\/"},{"@type":"ListItem","position":2,"name":"Berufsbereich","item":"https:\/\/adent.ch\/de\/berufsbereich\/"},{"@type":"ListItem","position":3,"name":"Praxis\u00fcbernahme"}]},{"@type":"WebSite","@id":"https:\/\/adent.ch\/de\/#website","url":"https:\/\/adent.ch\/de\/","name":"Adent Zahnarztzentrum","description":"","publisher":{"@id":"https:\/\/adent.ch\/de\/#organization"},"potentialAction":[{"@type":"SearchAction","target":{"@type":"EntryPoint","urlTemplate":"https:\/\/adent.ch\/de\/?s={search_term_string}"},"query-input":{"@type":"PropertyValueSpecification","valueRequired":true,"valueName":"search_term_string"}}],"inLanguage":"de-CH"},{"@type":"Organization","@id":"https:\/\/adent.ch\/de\/#organization","name":"Adent Cliniques Dentaires","url":"https:\/\/adent.ch\/de\/","logo":{"@type":"ImageObject","inLanguage":"de-CH","@id":"https:\/\/adent.ch\/de\/#\/schema\/logo\/image\/","url":"https:\/\/adent.ch\/wp-content\/uploads\/2022\/09\/adent-habefast-logo-2018-fr-05032019-rvb-scaled.jpg","contentUrl":"https:\/\/adent.ch\/wp-content\/uploads\/2022\/09\/adent-habefast-logo-2018-fr-05032019-rvb-scaled.jpg","width":2880,"height":750,"caption":"Adent Cliniques Dentaires"},"image":{"@id":"https:\/\/adent.ch\/de\/#\/schema\/logo\/image\/"},"sameAs":["https:\/\/www.facebook.com\/adentcliniquesdentaires\/","https:\/\/www.instagram.com\/adent.ch\/","https:\/\/www.youtube.com\/channel\/UCPd5UjY-ipuq3MhW6m0W-wg","https:\/\/www.linkedin.com\/company\/adent-cliniques-dentaires\/?originalSubdomain=ch"]}]}},"_links":{"self":[{"href":"https:\/\/adent.ch\/de\/wp-json\/wp\/v2\/pages\/5202","targetHints":{"allow":["GET"]}}],"collection":[{"href":"https:\/\/adent.ch\/de\/wp-json\/wp\/v2\/pages"}],"about":[{"href":"https:\/\/adent.ch\/de\/wp-json\/wp\/v2\/types\/page"}],"author":[{"embeddable":true,"href":"https:\/\/adent.ch\/de\/wp-json\/wp\/v2\/users\/2"}],"replies":[{"embeddable":true,"href":"https:\/\/adent.ch\/de\/wp-json\/wp\/v2\/comments?post=5202"}],"version-history":[{"count":5,"href":"https:\/\/adent.ch\/de\/wp-json\/wp\/v2\/pages\/5202\/revisions"}],"predecessor-version":[{"id":13544,"href":"https:\/\/adent.ch\/de\/wp-json\/wp\/v2\/pages\/5202\/revisions\/13544"}],"up":[{"embeddable":true,"href":"https:\/\/adent.ch\/de\/wp-json\/wp\/v2\/pages\/4405"}],"wp:featuredmedia":[{"embeddable":true,"href":"https:\/\/adent.ch\/de\/wp-json\/wp\/v2\/media\/4926"}],"wp:attachment":[{"href":"https:\/\/adent.ch\/de\/wp-json\/wp\/v2\/media?parent=5202"}],"curies":[{"name":"wp","href":"https:\/\/api.w.org\/{rel}","templated":true}]}}