{"id":4404,"date":"2022-04-28T11:13:19","date_gmt":"2022-04-28T09:13:19","guid":{"rendered":"https:\/\/adent.ch\/professionnels\/"},"modified":"2025-08-15T16:08:12","modified_gmt":"2025-08-15T14:08:12","slug":"professionals","status":"publish","type":"page","link":"https:\/\/adent.ch\/en\/professionals\/","title":{"rendered":"Professionals"},"content":{"rendered":"\n<div class=\"benefits-block\" >\n\t<div class=\"shape1\"><img decoding=\"async\" class=\"left-shape\" src=\"https:\/\/adent.ch\/wp-content\/themes\/adent\/assets\/images\/shapes\/shape1-left.svg\" width=\"207\" height=\"414\"><img decoding=\"async\" class=\"right-shape\" src=\"https:\/\/adent.ch\/wp-content\/themes\/adent\/assets\/images\/shapes\/shape1-right.svg\" width=\"207\" height=\"508\"><\/div>\t<div class=\"container\">\n\t\t<div class=\"content-buttons \">\n\t\t\t<div class=\"content\" data-sal=\"slide-up\" data-sal-delay=\"300\" data-sal-easing=\"ease-in-out\" data-sal-duration=\"250\">\n\t\t\t\t<h4>Le groupe Adent<\/h4>\n<p>Pr\u00e9sent dans toute la Suisse depuis plus de 25 ans, le groupe Adent s\u2019est b\u00e2ti une r\u00e9putation de leader dans le secteur des soins dentaires. Notre mission est de rendre les soins dentaires plus accessibles, modernes et personnalis\u00e9s, tout en \u00e9tablissant une relation de confiance avec nos patients.<\/p>\n<p>Adent puise sa force dans la richesse de son \u00e9quipe afin de fournir \u00e0 ses patients une palette compl\u00e8te de traitements dentaires sous un m\u00eame toit et dans la langue souhait\u00e9e.<\/p>\n<p>Attach\u00e9s au bien-\u00eatre de nos collaborateurs, nous mettons chaque jour un point d\u2019honneur \u00e0 vous offrir des conditions d\u2019emploi attrayantes dans un environnement dynamique et stimulant. Chez Adent, vous travaillez en synergie avec de nombreux sp\u00e9cialistes qui vous transmettront leurs connaissances avec passion.<\/p>\n\t\t\t<\/div>\n\t\t\t\t\t\t\t<div class=\"buttons\">\n\t\t\t\t\t\t\t\t\t\t\t<a class=\"primary-btn green\"  href=\"https:\/\/adent.ch\/groupe\/\">\n\t\t\t\t\t\t\t\t\t\t\t\t\t\tEn savoir plus\t\t\t\t\t\t<\/a>\n\t\t\t\t\t\t\t\t\t<\/div>\n\t\t\t\t\t<\/div>\n\t<\/div>\n\t\t\t<div class=\"image\" style=\"background-image: url(https:\/\/adent.ch\/wp-content\/uploads\/2022\/07\/adent_pro_groupeadent-1469x980.jpg);\" data-sal=\"slide-up\" data-sal-delay=\"400\" data-sal-easing=\"ease-in-out\" data-sal-duration=\"250\"><\/div>\n\t<\/div>\n\n\n\t<div class=\"cta-block with-image\" >\n\t\t<div class=\"img\" style=\"background-image: url(https:\/\/adent.ch\/wp-content\/uploads\/2025\/08\/pro_dr_tasias-sotirios.png);\"><\/div>\n\t\t<div class=\"container\">\n\t\t\t<div class=\"row justify-content-end\">\n\t\t\t\t<div class=\"col-md-6\">\n\t\t\t\t\t<div class=\"subtitle\">Carri\u00e8re<\/div>\n\t\t\t\t\t<h2 class=\"h1 title\">Votre profession, nos m\u00e9tiers sp\u00e9cialis\u00e9s<\/h2>\n\t\t\t\t\t<p class=\"text\">M\u00e9decin-dentiste, orthodontiste ou hygi\u00e9niste dentaire. D\u00e9couvrez les m\u00e9tiers sp\u00e9cialis\u00e9s du Groupe Adent.<\/p>\n\t\t\t\t\t\t\t\t\t\t\t<a href=\"https:\/\/adent.ch\/professionnels\/nos-metiers-specialises\/\"  class=\"primary-btn\">D\u00e9couvrez nos m\u00e9tiers sp\u00e9cialis\u00e9s<\/a>\n\t\t\t\t\t\t\t\t\t<\/div>\n\t\t\t<\/div>\n\t\t<\/div>\n\t<\/div>\n\n\n\n\t<div class=\"cta-block without-image\" >\n\t\t<div class=\"container\" data-sal=\"slide-up\" data-sal-delay=\"200\" data-sal-easing=\"ease-in-out\" data-sal-duration=\"300\">\n\t\t\t<div class=\"row justify-content-center\">\n\t\t\t\t<div class=\"col-md-8\">\n\t\t\t\t\t<div class=\"subtitle\">Careers<\/div>\n\t\t\t\t\t<h4 class=\"title\">Start a career with Adent<\/h4>\n\t\t\t\t\t<p class=\"text\">Check out all our job offers.<br \/>\r\nYou can apply directly online or by email.<br \/>\r\nWe look forward to hear from you.<\/p>\n\t\t\t\t\t\t\t\t\t\t\t<a href=\"https:\/\/adent.ch\/en\/professionals\/open-positions\/\"  class=\"primary-btn\">Our open positions<\/a>\n\t\t\t\t\t\t\t\t\t<\/div>\n\t\t\t<\/div>\n\t\t<\/div>\n\t<\/div>\n\n\n\n<div class=\"benefits-block\" >\n\t\t<div class=\"container\">\n\t\t<div class=\"content-buttons \">\n\t\t\t<div class=\"content\" data-sal=\"slide-up\" data-sal-delay=\"300\" data-sal-easing=\"ease-in-out\" data-sal-duration=\"250\">\n\t\t\t\t<h4>Des formations continues pour le d\u00e9veloppement de nos collaborateurs et collaboratrices.<\/h4>\n<p>La politique de formation constitue un pilier important de la strat\u00e9gie et des valeurs du groupe Adent. Le d\u00e9veloppement \u00e0 long terme de nos collaborateurs.rices ainsi que le maintien de leur employabilit\u00e9 sont au c\u0153ur de notre politique.<\/p>\n\t\t\t<\/div>\n\t\t\t\t\t\t\t<div class=\"buttons\">\n\t\t\t\t\t\t\t\t\t\t\t<a class=\"primary-btn green\"  href=\"https:\/\/adent.ch\/professionnels\/nos-formations-internes\/\">\n\t\t\t\t\t\t\t\t\t\t\t\t\t\tD\u00e9couvrez nos formations internes\t\t\t\t\t\t<\/a>\n\t\t\t\t\t\t\t\t\t<\/div>\n\t\t\t\t\t<\/div>\n\t<\/div>\n\t\t\t<div class=\"image\" style=\"background-image: url(https:\/\/adent.ch\/wp-content\/uploads\/2025\/08\/dm37316-1468x980.jpg);\" data-sal=\"slide-up\" data-sal-delay=\"400\" data-sal-easing=\"ease-in-out\" data-sal-duration=\"250\"><\/div>\n\t<\/div>\n\n\n\t<div class=\"cta-block without-image\" >\n\t\t<div class=\"container\" data-sal=\"slide-up\" data-sal-delay=\"200\" data-sal-easing=\"ease-in-out\" data-sal-duration=\"300\">\n\t\t\t<div class=\"row justify-content-center\">\n\t\t\t\t<div class=\"col-md-8\">\n\t\t\t\t\t<div class=\"subtitle\">Takeover of your clinic<\/div>\n\t\t\t\t\t<h4 class=\"title\">Partenariat Adent : d\u00e8s \u00e0 pr\u00e9sent planifions ensemble votre avenir<\/h4>\n\t\t\t\t\t<p class=\"text\">Ensemble nous pouvons assurer la p\u00e9rennisation et le d\u00e9veloppement de votre activit\u00e9: du soutien administratif \u00e0 l&#8217;int\u00e9gration compl\u00e8te dans le groupe Adent, en passant par un partenariat d&#8217;investissement.<\/p>\n\t\t\t\t\t\t\t\t\t\t\t<a href=\"https:\/\/adent.ch\/professionnels\/reprise-de-cabinet\/\"  class=\"primary-btn\">En savoir plus<\/a>\n\t\t\t\t\t\t\t\t\t<\/div>\n\t\t\t<\/div>\n\t\t<\/div>\n\t<\/div>\n","protected":false},"excerpt":{"rendered":"","protected":false},"author":2,"featured_media":6585,"parent":0,"menu_order":9,"comment_status":"closed","ping_status":"closed","template":"","meta":{"_acf_changed":false,"footnotes":""},"class_list":["post-4404","page","type-page","status-publish","has-post-thumbnail","hentry"],"acf":{"display_banner":true,"banner_subtitle":"","banner_title":"Be part of the Adent Group","banner_title_color":"white","banner_details":"","banner_bgd_type":"empty","banner_image":{"ID":1050,"id":1050,"title":"denis-degioanni-9wH624ALFQA-unsplash","filename":"denis-degioanni-9wh624alfqa-unsplash-scaled.jpg","filesize":"862410","url":"https:\/\/adent.ch\/wp-content\/uploads\/2022\/03\/denis-degioanni-9wh624alfqa-unsplash-scaled.jpg","link":"https:\/\/adent.ch\/en\/denis-degioanni-9wh624alfqa-unsplash-2\/","alt":"","author":"2","description":"","caption":"","name":"denis-degioanni-9wh624alfqa-unsplash-2","status":"inherit","uploaded_to":0,"date":"2022-03-11 15:42:43","modified":"2022-03-11 15:42:43","menu_order":0,"mime_type":"image\/jpeg","type":"image","subtype":"jpeg","icon":"https:\/\/adent.ch\/wp-includes\/images\/media\/default.png","width":2880,"height":1920,"sizes":{"thumbnail":"https:\/\/adent.ch\/wp-content\/uploads\/2022\/03\/denis-degioanni-9wh624alfqa-unsplash-150x150.jpg","thumbnail-width":150,"thumbnail-height":150,"medium":"https:\/\/adent.ch\/wp-content\/uploads\/2022\/03\/denis-degioanni-9wh624alfqa-unsplash-300x200.jpg","medium-width":300,"medium-height":200,"medium_large":"https:\/\/adent.ch\/wp-content\/uploads\/2022\/03\/denis-degioanni-9wh624alfqa-unsplash-768x512.jpg","medium_large-width":768,"medium_large-height":512,"large":"https:\/\/adent.ch\/wp-content\/uploads\/2022\/03\/denis-degioanni-9wh624alfqa-unsplash-1470x980.jpg","large-width":1470,"large-height":980,"1536x1536":"https:\/\/adent.ch\/wp-content\/uploads\/2022\/03\/denis-degioanni-9wh624alfqa-unsplash-1536x1024.jpg","1536x1536-width":1536,"1536x1536-height":1024,"2048x2048":"https:\/\/adent.ch\/wp-content\/uploads\/2022\/03\/denis-degioanni-9wh624alfqa-unsplash-2048x1365.jpg","2048x2048-width":2048,"2048x2048-height":1365,"gform-image-choice-sm":"https:\/\/adent.ch\/wp-content\/uploads\/2022\/03\/denis-degioanni-9wh624alfqa-unsplash-scaled.jpg","gform-image-choice-sm-width":300,"gform-image-choice-sm-height":200,"gform-image-choice-md":"https:\/\/adent.ch\/wp-content\/uploads\/2022\/03\/denis-degioanni-9wh624alfqa-unsplash-scaled.jpg","gform-image-choice-md-width":400,"gform-image-choice-md-height":267,"gform-image-choice-lg":"https:\/\/adent.ch\/wp-content\/uploads\/2022\/03\/denis-degioanni-9wh624alfqa-unsplash-scaled.jpg","gform-image-choice-lg-width":600,"gform-image-choice-lg-height":400}},"banner_shapes_type":"main_b","banner_buttons":false,"short_description":"Be part of the Adent Group","display_shapes":false},"yoast_head":"<!-- This site is optimized with the Yoast SEO plugin v27.5 - https:\/\/yoast.com\/product\/yoast-seo-wordpress\/ -->\n<title>Professionals | Adent Dental Clinics<\/title>\n<meta name=\"description\" content=\"Join our Adent Dental Clinics in Switzerland and benefit from attractive employment conditions in a dynamic and stimulating environment.\" \/>\n<meta name=\"robots\" content=\"index, follow, max-snippet:-1, max-image-preview:large, max-video-preview:-1\" \/>\n<link rel=\"canonical\" href=\"https:\/\/adent.ch\/en\/professionals\/\" \/>\n<meta property=\"og:locale\" content=\"en_US\" \/>\n<meta property=\"og:type\" content=\"article\" \/>\n<meta property=\"og:title\" content=\"Professionals | Adent Dental Clinics\" \/>\n<meta property=\"og:description\" content=\"Join our Adent Dental Clinics in Switzerland and benefit from attractive employment conditions in a dynamic and stimulating environment.\" \/>\n<meta property=\"og:url\" content=\"https:\/\/adent.ch\/en\/professionals\/\" \/>\n<meta property=\"og:site_name\" content=\"Adent Dental Clinics\" \/>\n<meta property=\"article:publisher\" content=\"https:\/\/www.facebook.com\/adentcliniquesdentaires\/\" \/>\n<meta property=\"article:modified_time\" content=\"2025-08-15T14:08:12+00:00\" \/>\n<meta property=\"og:image\" content=\"https:\/\/adent.ch\/wp-content\/uploads\/2022\/07\/adent_pro_groupeadent.jpg\" \/>\n\t<meta property=\"og:image:width\" content=\"1619\" \/>\n\t<meta property=\"og:image:height\" content=\"1080\" \/>\n\t<meta property=\"og:image:type\" content=\"image\/jpeg\" \/>\n<meta name=\"twitter:card\" content=\"summary_large_image\" \/>\n<meta name=\"twitter:label1\" content=\"Est. reading time\" \/>\n\t<meta name=\"twitter:data1\" content=\"1 minute\" \/>\n<script type=\"application\/ld+json\" class=\"yoast-schema-graph\">{\"@context\":\"https:\\\/\\\/schema.org\",\"@graph\":[{\"@type\":\"WebPage\",\"@id\":\"https:\\\/\\\/adent.ch\\\/en\\\/professionals\\\/\",\"url\":\"https:\\\/\\\/adent.ch\\\/en\\\/professionals\\\/\",\"name\":\"Professionals | Adent Dental Clinics\",\"isPartOf\":{\"@id\":\"https:\\\/\\\/adent.ch\\\/en\\\/#website\"},\"primaryImageOfPage\":{\"@id\":\"https:\\\/\\\/adent.ch\\\/en\\\/professionals\\\/#primaryimage\"},\"image\":{\"@id\":\"https:\\\/\\\/adent.ch\\\/en\\\/professionals\\\/#primaryimage\"},\"thumbnailUrl\":\"https:\\\/\\\/adent.ch\\\/wp-content\\\/uploads\\\/2022\\\/07\\\/adent_pro_groupeadent.jpg\",\"datePublished\":\"2022-04-28T09:13:19+00:00\",\"dateModified\":\"2025-08-15T14:08:12+00:00\",\"description\":\"Join our Adent Dental Clinics in Switzerland and benefit from attractive employment conditions in a dynamic and stimulating environment.\",\"breadcrumb\":{\"@id\":\"https:\\\/\\\/adent.ch\\\/en\\\/professionals\\\/#breadcrumb\"},\"inLanguage\":\"en-US\",\"potentialAction\":[{\"@type\":\"ReadAction\",\"target\":[\"https:\\\/\\\/adent.ch\\\/en\\\/professionals\\\/\"]}]},{\"@type\":\"ImageObject\",\"inLanguage\":\"en-US\",\"@id\":\"https:\\\/\\\/adent.ch\\\/en\\\/professionals\\\/#primaryimage\",\"url\":\"https:\\\/\\\/adent.ch\\\/wp-content\\\/uploads\\\/2022\\\/07\\\/adent_pro_groupeadent.jpg\",\"contentUrl\":\"https:\\\/\\\/adent.ch\\\/wp-content\\\/uploads\\\/2022\\\/07\\\/adent_pro_groupeadent.jpg\",\"width\":1619,\"height\":1080},{\"@type\":\"BreadcrumbList\",\"@id\":\"https:\\\/\\\/adent.ch\\\/en\\\/professionals\\\/#breadcrumb\",\"itemListElement\":[{\"@type\":\"ListItem\",\"position\":1,\"name\":\"Home\",\"item\":\"https:\\\/\\\/adent.ch\\\/en\\\/\"},{\"@type\":\"ListItem\",\"position\":2,\"name\":\"Professionals\"}]},{\"@type\":\"WebSite\",\"@id\":\"https:\\\/\\\/adent.ch\\\/en\\\/#website\",\"url\":\"https:\\\/\\\/adent.ch\\\/en\\\/\",\"name\":\"Adent Dental Clinics\",\"description\":\"\",\"publisher\":{\"@id\":\"https:\\\/\\\/adent.ch\\\/en\\\/#organization\"},\"potentialAction\":[{\"@type\":\"SearchAction\",\"target\":{\"@type\":\"EntryPoint\",\"urlTemplate\":\"https:\\\/\\\/adent.ch\\\/en\\\/?s={search_term_string}\"},\"query-input\":{\"@type\":\"PropertyValueSpecification\",\"valueRequired\":true,\"valueName\":\"search_term_string\"}}],\"inLanguage\":\"en-US\"},{\"@type\":\"Organization\",\"@id\":\"https:\\\/\\\/adent.ch\\\/en\\\/#organization\",\"name\":\"Adent Cliniques Dentaires\",\"url\":\"https:\\\/\\\/adent.ch\\\/en\\\/\",\"logo\":{\"@type\":\"ImageObject\",\"inLanguage\":\"en-US\",\"@id\":\"https:\\\/\\\/adent.ch\\\/en\\\/#\\\/schema\\\/logo\\\/image\\\/\",\"url\":\"https:\\\/\\\/adent.ch\\\/wp-content\\\/uploads\\\/2022\\\/09\\\/adent-habefast-logo-2018-fr-05032019-rvb-scaled.jpg\",\"contentUrl\":\"https:\\\/\\\/adent.ch\\\/wp-content\\\/uploads\\\/2022\\\/09\\\/adent-habefast-logo-2018-fr-05032019-rvb-scaled.jpg\",\"width\":2880,\"height\":750,\"caption\":\"Adent Cliniques Dentaires\"},\"image\":{\"@id\":\"https:\\\/\\\/adent.ch\\\/en\\\/#\\\/schema\\\/logo\\\/image\\\/\"},\"sameAs\":[\"https:\\\/\\\/www.facebook.com\\\/adentcliniquesdentaires\\\/\",\"https:\\\/\\\/www.instagram.com\\\/adent.ch\\\/\",\"https:\\\/\\\/www.youtube.com\\\/channel\\\/UCPd5UjY-ipuq3MhW6m0W-wg\",\"https:\\\/\\\/www.linkedin.com\\\/company\\\/adent-cliniques-dentaires\\\/?originalSubdomain=ch\"]}]}<\/script>\n<!-- \/ Yoast SEO plugin. -->","yoast_head_json":{"title":"Professionals | Adent Dental Clinics","description":"Join our Adent Dental Clinics in Switzerland and benefit from attractive employment conditions in a dynamic and stimulating environment.","robots":{"index":"index","follow":"follow","max-snippet":"max-snippet:-1","max-image-preview":"max-image-preview:large","max-video-preview":"max-video-preview:-1"},"canonical":"https:\/\/adent.ch\/en\/professionals\/","og_locale":"en_US","og_type":"article","og_title":"Professionals | Adent Dental Clinics","og_description":"Join our Adent Dental Clinics in Switzerland and benefit from attractive employment conditions in a dynamic and stimulating environment.","og_url":"https:\/\/adent.ch\/en\/professionals\/","og_site_name":"Adent Dental Clinics","article_publisher":"https:\/\/www.facebook.com\/adentcliniquesdentaires\/","article_modified_time":"2025-08-15T14:08:12+00:00","og_image":[{"width":1619,"height":1080,"url":"https:\/\/adent.ch\/wp-content\/uploads\/2022\/07\/adent_pro_groupeadent.jpg","type":"image\/jpeg"}],"twitter_card":"summary_large_image","twitter_misc":{"Est. reading time":"1 minute"},"schema":{"@context":"https:\/\/schema.org","@graph":[{"@type":"WebPage","@id":"https:\/\/adent.ch\/en\/professionals\/","url":"https:\/\/adent.ch\/en\/professionals\/","name":"Professionals | Adent Dental Clinics","isPartOf":{"@id":"https:\/\/adent.ch\/en\/#website"},"primaryImageOfPage":{"@id":"https:\/\/adent.ch\/en\/professionals\/#primaryimage"},"image":{"@id":"https:\/\/adent.ch\/en\/professionals\/#primaryimage"},"thumbnailUrl":"https:\/\/adent.ch\/wp-content\/uploads\/2022\/07\/adent_pro_groupeadent.jpg","datePublished":"2022-04-28T09:13:19+00:00","dateModified":"2025-08-15T14:08:12+00:00","description":"Join our Adent Dental Clinics in Switzerland and benefit from attractive employment conditions in a dynamic and stimulating environment.","breadcrumb":{"@id":"https:\/\/adent.ch\/en\/professionals\/#breadcrumb"},"inLanguage":"en-US","potentialAction":[{"@type":"ReadAction","target":["https:\/\/adent.ch\/en\/professionals\/"]}]},{"@type":"ImageObject","inLanguage":"en-US","@id":"https:\/\/adent.ch\/en\/professionals\/#primaryimage","url":"https:\/\/adent.ch\/wp-content\/uploads\/2022\/07\/adent_pro_groupeadent.jpg","contentUrl":"https:\/\/adent.ch\/wp-content\/uploads\/2022\/07\/adent_pro_groupeadent.jpg","width":1619,"height":1080},{"@type":"BreadcrumbList","@id":"https:\/\/adent.ch\/en\/professionals\/#breadcrumb","itemListElement":[{"@type":"ListItem","position":1,"name":"Home","item":"https:\/\/adent.ch\/en\/"},{"@type":"ListItem","position":2,"name":"Professionals"}]},{"@type":"WebSite","@id":"https:\/\/adent.ch\/en\/#website","url":"https:\/\/adent.ch\/en\/","name":"Adent Dental Clinics","description":"","publisher":{"@id":"https:\/\/adent.ch\/en\/#organization"},"potentialAction":[{"@type":"SearchAction","target":{"@type":"EntryPoint","urlTemplate":"https:\/\/adent.ch\/en\/?s={search_term_string}"},"query-input":{"@type":"PropertyValueSpecification","valueRequired":true,"valueName":"search_term_string"}}],"inLanguage":"en-US"},{"@type":"Organization","@id":"https:\/\/adent.ch\/en\/#organization","name":"Adent Cliniques Dentaires","url":"https:\/\/adent.ch\/en\/","logo":{"@type":"ImageObject","inLanguage":"en-US","@id":"https:\/\/adent.ch\/en\/#\/schema\/logo\/image\/","url":"https:\/\/adent.ch\/wp-content\/uploads\/2022\/09\/adent-habefast-logo-2018-fr-05032019-rvb-scaled.jpg","contentUrl":"https:\/\/adent.ch\/wp-content\/uploads\/2022\/09\/adent-habefast-logo-2018-fr-05032019-rvb-scaled.jpg","width":2880,"height":750,"caption":"Adent Cliniques Dentaires"},"image":{"@id":"https:\/\/adent.ch\/en\/#\/schema\/logo\/image\/"},"sameAs":["https:\/\/www.facebook.com\/adentcliniquesdentaires\/","https:\/\/www.instagram.com\/adent.ch\/","https:\/\/www.youtube.com\/channel\/UCPd5UjY-ipuq3MhW6m0W-wg","https:\/\/www.linkedin.com\/company\/adent-cliniques-dentaires\/?originalSubdomain=ch"]}]}},"_links":{"self":[{"href":"https:\/\/adent.ch\/en\/wp-json\/wp\/v2\/pages\/4404","targetHints":{"allow":["GET"]}}],"collection":[{"href":"https:\/\/adent.ch\/en\/wp-json\/wp\/v2\/pages"}],"about":[{"href":"https:\/\/adent.ch\/en\/wp-json\/wp\/v2\/types\/page"}],"author":[{"embeddable":true,"href":"https:\/\/adent.ch\/en\/wp-json\/wp\/v2\/users\/2"}],"replies":[{"embeddable":true,"href":"https:\/\/adent.ch\/en\/wp-json\/wp\/v2\/comments?post=4404"}],"version-history":[{"count":5,"href":"https:\/\/adent.ch\/en\/wp-json\/wp\/v2\/pages\/4404\/revisions"}],"predecessor-version":[{"id":15805,"href":"https:\/\/adent.ch\/en\/wp-json\/wp\/v2\/pages\/4404\/revisions\/15805"}],"wp:featuredmedia":[{"embeddable":true,"href":"https:\/\/adent.ch\/en\/wp-json\/wp\/v2\/media\/6585"}],"wp:attachment":[{"href":"https:\/\/adent.ch\/en\/wp-json\/wp\/v2\/media?parent=4404"}],"curies":[{"name":"wp","href":"https:\/\/api.w.org\/{rel}","templated":true}]}}